{"id":248580,"date":"2022-12-21T03:17:53","date_gmt":"2022-12-21T03:17:53","guid":{"rendered":"https:\/\/distillery.com\/empleo\/"},"modified":"2025-12-11T09:01:54","modified_gmt":"2025-12-11T09:01:54","slug":"open-positions","status":"publish","type":"page","link":"https:\/\/distillery.com\/es\/open-positions\/","title":{"rendered":"Empleos"},"content":{"rendered":"<p>[et_pb_section fb_built=&#8221;1&#8243; admin_label=&#8221;section&#8221; _builder_version=&#8221;4.16&#8243; global_colors_info=&#8221;{}&#8221;][et_pb_row admin_label=&#8221;row&#8221; _builder_version=&#8221;4.16&#8243; background_size=&#8221;initial&#8221; background_position=&#8221;top_left&#8221; background_repeat=&#8221;repeat&#8221; global_colors_info=&#8221;{}&#8221;][et_pb_column type=&#8221;4_4&#8243; _builder_version=&#8221;4.16&#8243; custom_padding=&#8221;|||&#8221; global_colors_info=&#8221;{}&#8221; custom_padding__hover=&#8221;|||&#8221;][et_pb_text admin_label=&#8221;Text&#8221; _builder_version=&#8221;4.16&#8243; background_size=&#8221;initial&#8221; background_position=&#8221;top_left&#8221; background_repeat=&#8221;repeat&#8221; global_colors_info=&#8221;{}&#8221;]<\/p>\n<p dir=\"ltr\"><strong>Acerca de Distillery<\/strong><\/p>\n<p dir=\"ltr\">Distillery es una empresa de servicios tecnol\u00f3gicos de alto crecimiento especializada en el desarrollo integral de software a medida y en la contrataci\u00f3n de personal inform\u00e1tico para empresas de nueva creaci\u00f3n, peque\u00f1as y medianas empresas y grandes corporaciones. Ayudamos a nuestros clientes a imaginar, dise\u00f1ar, desarrollar y ofrecer software y experiencias digitales que definen el negocio, tanto si buscan un equipo totalmente gestionado, una plantilla escalable o ingenieros individuales.<\/p>\n<p dir=\"ltr\">\n<strong>Acerca del puesto<\/strong><\/p>\n<p dir=\"ltr\">Un Gestor de Cuentas es la cara de nuestra organizaci\u00f3n y es responsable de la retenci\u00f3n y el crecimiento de las cuentas de nuestros clientes. En este puesto, establecer\u00e1 relaciones con las principales partes interesadas con el objetivo de impulsar los ingresos de Distillery. Aportar\u00e1s ideas creativas, una actitud emprendedora y la capacidad de identificar el mejor resultado mutuo para nuestros clientes y Distillery.<\/p>\n<p dir=\"ltr\">Los gestores de cuentas colaboran con el equipo de ventas durante la fase de incorporaci\u00f3n del cliente y se convierten en el principal punto de contacto para el cliente a lo largo del ciclo de desarrollo. Colaboran con el equipo de entrega para identificar riesgos y escaladas, asesorar y comunicarse con el cliente y resolver conflictos. El gestor de cuentas tambi\u00e9n ofrece a los clientes una visi\u00f3n estrat\u00e9gica, analiza las m\u00e9tricas de rendimiento y asesora sobre los pasos necesarios para hacer crecer la cuenta.<\/p>\n<p>&nbsp;<\/p>\n<p dir=\"ltr\"><strong>Responsabilidades<\/strong><\/p>\n<ul>\n<li dir=\"ltr\">\n<p dir=\"ltr\">Gestionar una responsabilidad de ingresos de entre 2 y 10 millones de d\u00f3lares anuales mediante el desarrollo de una combinaci\u00f3n de cuentas existentes y nuevas.<\/p>\n<\/li>\n<li dir=\"ltr\">\n<p dir=\"ltr\">Apoyar las actividades de preventa evaluando oportunidades, respondiendo a solicitudes de propuestas, creando propuestas y ayudando a cerrar nuevos acuerdos.<\/p>\n<\/li>\n<li dir=\"ltr\">\n<p dir=\"ltr\">Participar en la preparaci\u00f3n de propuestas de soluciones y declaraciones de trabajo.<\/p>\n<\/li>\n<li dir=\"ltr\">\n<p dir=\"ltr\">Actuar como el principal responsable de los asuntos relacionados con la entrega para cada cliente, incluidas las escaladas, las mejoras y las reducciones.<\/p>\n<\/li>\n<li dir=\"ltr\">\n<p dir=\"ltr\">Colocaci\u00f3n del personal de entrega; garantizar que las competencias y la antig\u00fcedad se ajustan a la hoja de ruta de entrega o a los requisitos del cliente.<\/p>\n<\/li>\n<li dir=\"ltr\">\n<p dir=\"ltr\">Establecer una estrategia de gesti\u00f3n de riesgos de entrega continua vinculada a los ingresos que permita tomar decisiones y acciones proactivas a lo largo del ciclo de vida de la entrega; incluida la retroalimentaci\u00f3n sobre la calidad del servicio y la recopilaci\u00f3n de comentarios individuales de los ingenieros por parte del cliente.&nbsp;<\/p>\n<\/li>\n<li dir=\"ltr\">\n<p dir=\"ltr\">Gestionar los ingresos impulsando las horas facturables y garantizando el cumplimiento de los objetivos de ingresos.<\/p>\n<\/li>\n<li dir=\"ltr\">\n<p dir=\"ltr\">Determinar los intervalos m\u00ednimos y m\u00e1ximos de tiempo facturable para maximizar y garantizar un flujo de ingresos adecuado y constante.<\/p>\n<\/li>\n<li dir=\"ltr\">\n<p dir=\"ltr\">Capacidad para supervisar y gobernar las cuentas de clientes asignadas con el fin de alcanzar los objetivos de m\u00e1rgenes.<\/p>\n<\/li>\n<li dir=\"ltr\">\n<p dir=\"ltr\">Medir y mejorar la productividad de las entregas de acuerdo con las normas y metodolog\u00edas del sector.<\/p>\n<\/li>\n<li dir=\"ltr\">\n<p dir=\"ltr\">Satisfacci\u00f3n excepcional del cliente y gesti\u00f3n de las relaciones<\/p>\n<\/li>\n<\/ul>\n<p>&nbsp;<\/p>\n<p dir=\"ltr\"><strong>Cualificaciones<\/strong><\/p>\n<ul>\n<li dir=\"ltr\">\n<p dir=\"ltr\">Ingl\u00e9s fluido hablado y escrito<\/p>\n<\/li>\n<li dir=\"ltr\">\n<p dir=\"ltr\">Se requiere una licenciatura o equivalente; se prefiere un MBA o un m\u00e1ster.<\/p>\n<\/li>\n<li dir=\"ltr\">\n<p dir=\"ltr\">M\u00e1s de 3 a\u00f1os de experiencia en gesti\u00f3n de cuentas, ventas o desarrollo empresarial<\/p>\n<\/li>\n<li dir=\"ltr\">\n<p dir=\"ltr\">M\u00e1s de 3 a\u00f1os de experiencia en la creaci\u00f3n de material de ventas, solicitudes de propuestas y ventas\/presentaciones a clientes hasta su entrega. Experiencia en proyectos Discovery es deseable, pero no necesaria.<\/p>\n<\/li>\n<li dir=\"ltr\">\n<p dir=\"ltr\">Trayectoria demostrada en el crecimiento y la retenci\u00f3n de cuentas internas y en el fomento de asociaciones duraderas.<\/p>\n<\/li>\n<li dir=\"ltr\">\n<p dir=\"ltr\">S\u00f3lidos conocimientos o experiencia en prestaci\u00f3n de servicios y tecnolog\u00eda;&nbsp; desarrollo de software, soluciones digitales, servicios de software, dotaci\u00f3n de personal de TI, consultor\u00eda de TI y metodolog\u00edas de prestaci\u00f3n<\/p>\n<\/li>\n<li dir=\"ltr\">\n<p dir=\"ltr\">Atenci\u00f3n excepcional a los detalles y capacidad para gestionar plazos que compiten entre s\u00ed.&nbsp;<\/p>\n<\/li>\n<li dir=\"ltr\">\n<p dir=\"ltr\">S\u00f3lidas aptitudes para la gesti\u00f3n de proyectos y capacidad para interactuar con varias partes interesadas de distintas organizaciones.&nbsp;<\/p>\n<\/li>\n<li dir=\"ltr\">\n<p dir=\"ltr\">Capacidad para digerir y producir informaci\u00f3n basada en datos con un enfoque detallista y organizado.<\/p>\n<\/li>\n<li dir=\"ltr\">\n<p dir=\"ltr\">Experiencia en previsi\u00f3n y gesti\u00f3n de p\u00e9rdidas y ganancias<\/p>\n<\/li>\n<li dir=\"ltr\">\n<p dir=\"ltr\">Actitud positiva y proactiva<\/p>\n<\/li>\n<li dir=\"ltr\">\n<p dir=\"ltr\">Experiencia de trabajo con ambig\u00fcedad y voluntad de adaptaci\u00f3n<\/p>\n<\/li>\n<li dir=\"ltr\">\n<p dir=\"ltr\">Se prefiere el inter\u00e9s y la disponibilidad para trabajar algunos d\u00edas a la semana en la oficina.<\/p>\n<\/li>\n<\/ul>\n<p dir=\"ltr\">&nbsp;<\/p>\n<p dir=\"ltr\"><strong>Por qu\u00e9 te gustar\u00e1 trabajar aqu\u00ed<\/strong><\/p>\n<ul>\n<li dir=\"ltr\">\n<p dir=\"ltr\">Capacidad para trabajar y asociarse con equipos multinacionales comprometidos con nuestros valores fundamentales BEST: Mejores Personas, Experiencia, Servicio, Trabajo en Equipo<\/p>\n<\/li>\n<li dir=\"ltr\">\n<p dir=\"ltr\">Un paquete retributivo competitivo para trabajadores excepcionales y un generoso paquete de vacaciones y plan de beneficios.<\/p>\n<\/li>\n<li dir=\"ltr\">\n<p dir=\"ltr\">Entorno de trabajo remoto con la oportunidad de trabajar en la oficina<\/p>\n<\/li>\n<li dir=\"ltr\">\n<p dir=\"ltr\">Desarrollo profesional y personal<\/p>\n<\/li>\n<\/ul>\n<p>[\/et_pb_text][\/et_pb_column][\/et_pb_row][\/et_pb_section]<\/p>\n","protected":false},"excerpt":{"rendered":"<p>Acerca de Distillery Distillery es una empresa de servicios tecnol\u00f3gicos de alto crecimiento especializada en el desarrollo integral de software a medida y en la contrataci\u00f3n de personal inform\u00e1tico para [&hellip;]<\/p>\n","protected":false},"author":1,"featured_media":0,"parent":0,"menu_order":0,"comment_status":"closed","ping_status":"closed","template":"archive-job.php","meta":{"_acf_changed":false,"_et_pb_use_builder":"on","_et_pb_old_content":"","_et_gb_content_width":"","content-type":"","footnotes":"","_wp_rev_ctl_limit":""},"class_list":["post-248580","page","type-page","status-publish","hentry"],"acf":[],"yoast_head":"<!-- This site is optimized with the Yoast SEO plugin v27.3 - https:\/\/yoast.com\/product\/yoast-seo-wordpress\/ -->\n<title>Estamos contratando. Eche un vistazo a nuestras vacantes actuales - Distillery<\/title>\n<meta name=\"description\" content=\"Explore 20+ open tech roles at Distillery, from engineering to design and data. Join our global team and build your career with innovative, high-impact projects.\" \/>\n<meta name=\"robots\" content=\"index, follow, max-snippet:-1, max-image-preview:large, max-video-preview:-1\" \/>\n<link rel=\"canonical\" href=\"https:\/\/distillery.com\/es\/open-positions\/\" \/>\n<meta property=\"og:locale\" content=\"es_ES\" \/>\n<meta property=\"og:type\" content=\"article\" \/>\n<meta property=\"og:title\" content=\"Estamos contratando. Eche un vistazo a nuestras vacantes actuales - Distillery\" \/>\n<meta property=\"og:description\" content=\"Explore 20+ open tech roles at Distillery, from engineering to design and data. Join our global team and build your career with innovative, high-impact projects.\" \/>\n<meta property=\"og:url\" content=\"https:\/\/distillery.com\/es\/open-positions\/\" \/>\n<meta property=\"og:site_name\" content=\"Distillery\" \/>\n<meta property=\"article:publisher\" content=\"https:\/\/www.facebook.com\/DistilleryTech\" \/>\n<meta property=\"article:modified_time\" content=\"2025-12-11T09:01:54+00:00\" \/>\n<meta name=\"twitter:card\" content=\"summary_large_image\" \/>\n<meta name=\"twitter:site\" content=\"@DistilleryTech\" \/>\n<meta name=\"twitter:label1\" content=\"Tiempo de lectura\" \/>\n\t<meta name=\"twitter:data1\" content=\"4 minutos\" \/>\n<script type=\"application\/ld+json\" class=\"yoast-schema-graph\">{\"@context\":\"https:\\\/\\\/schema.org\",\"@graph\":[{\"@type\":\"WebPage\",\"@id\":\"https:\\\/\\\/distillery.com\\\/es\\\/open-positions\\\/\",\"url\":\"https:\\\/\\\/distillery.com\\\/es\\\/open-positions\\\/\",\"name\":\"Estamos contratando. Eche un vistazo a nuestras vacantes actuales - Distillery\",\"isPartOf\":{\"@id\":\"https:\\\/\\\/distillery.com\\\/es\\\/#website\"},\"datePublished\":\"2022-12-21T03:17:53+00:00\",\"dateModified\":\"2025-12-11T09:01:54+00:00\",\"description\":\"Explore 20+ open tech roles at Distillery, from engineering to design and data. Join our global team and build your career with innovative, high-impact projects.\",\"breadcrumb\":{\"@id\":\"https:\\\/\\\/distillery.com\\\/es\\\/open-positions\\\/#breadcrumb\"},\"inLanguage\":\"es-ES\",\"potentialAction\":[{\"@type\":\"ReadAction\",\"target\":[\"https:\\\/\\\/distillery.com\\\/es\\\/open-positions\\\/\"]}]},{\"@type\":\"BreadcrumbList\",\"@id\":\"https:\\\/\\\/distillery.com\\\/es\\\/open-positions\\\/#breadcrumb\",\"itemListElement\":[{\"@type\":\"ListItem\",\"position\":1,\"name\":\"Home\",\"item\":\"https:\\\/\\\/distillery.com\\\/es\\\/\"},{\"@type\":\"ListItem\",\"position\":2,\"name\":\"Empleos\"}]},{\"@type\":\"WebSite\",\"@id\":\"https:\\\/\\\/distillery.com\\\/es\\\/#website\",\"url\":\"https:\\\/\\\/distillery.com\\\/es\\\/\",\"name\":\"Distillery\",\"description\":\"Distillery is an award-winning nearshore software development company. Our top-tier development talent guarantee the best results.\",\"publisher\":{\"@id\":\"https:\\\/\\\/distillery.com\\\/es\\\/#organization\"},\"potentialAction\":[{\"@type\":\"SearchAction\",\"target\":{\"@type\":\"EntryPoint\",\"urlTemplate\":\"https:\\\/\\\/distillery.com\\\/es\\\/?s={search_term_string}\"},\"query-input\":{\"@type\":\"PropertyValueSpecification\",\"valueRequired\":true,\"valueName\":\"search_term_string\"}}],\"inLanguage\":\"es-ES\"},{\"@type\":\"Organization\",\"@id\":\"https:\\\/\\\/distillery.com\\\/es\\\/#organization\",\"name\":\"Distillery\",\"url\":\"https:\\\/\\\/distillery.com\\\/es\\\/\",\"logo\":{\"@type\":\"ImageObject\",\"inLanguage\":\"es-ES\",\"@id\":\"https:\\\/\\\/distillery.com\\\/es\\\/#\\\/schema\\\/logo\\\/image\\\/\",\"url\":\"https:\\\/\\\/distillery.com\\\/wp-content\\\/uploads\\\/2023\\\/06\\\/Layer_1-27.svg\",\"contentUrl\":\"https:\\\/\\\/distillery.com\\\/wp-content\\\/uploads\\\/2023\\\/06\\\/Layer_1-27.svg\",\"width\":82,\"height\":106,\"caption\":\"Distillery\"},\"image\":{\"@id\":\"https:\\\/\\\/distillery.com\\\/es\\\/#\\\/schema\\\/logo\\\/image\\\/\"},\"sameAs\":[\"https:\\\/\\\/www.facebook.com\\\/DistilleryTech\",\"https:\\\/\\\/x.com\\\/DistilleryTech\",\"https:\\\/\\\/www.linkedin.com\\\/company\\\/Distillery-Tech\",\"https:\\\/\\\/www.instagram.com\\\/Distillery_Tech\\\/\"]}]}<\/script>\n<!-- \/ Yoast SEO plugin. -->","yoast_head_json":{"title":"Estamos contratando. Eche un vistazo a nuestras vacantes actuales - Distillery","description":"Explore 20+ open tech roles at Distillery, from engineering to design and data. Join our global team and build your career with innovative, high-impact projects.","robots":{"index":"index","follow":"follow","max-snippet":"max-snippet:-1","max-image-preview":"max-image-preview:large","max-video-preview":"max-video-preview:-1"},"canonical":"https:\/\/distillery.com\/es\/open-positions\/","og_locale":"es_ES","og_type":"article","og_title":"Estamos contratando. Eche un vistazo a nuestras vacantes actuales - Distillery","og_description":"Explore 20+ open tech roles at Distillery, from engineering to design and data. Join our global team and build your career with innovative, high-impact projects.","og_url":"https:\/\/distillery.com\/es\/open-positions\/","og_site_name":"Distillery","article_publisher":"https:\/\/www.facebook.com\/DistilleryTech","article_modified_time":"2025-12-11T09:01:54+00:00","twitter_card":"summary_large_image","twitter_site":"@DistilleryTech","twitter_misc":{"Tiempo de lectura":"4 minutos"},"schema":{"@context":"https:\/\/schema.org","@graph":[{"@type":"WebPage","@id":"https:\/\/distillery.com\/es\/open-positions\/","url":"https:\/\/distillery.com\/es\/open-positions\/","name":"Estamos contratando. Eche un vistazo a nuestras vacantes actuales - Distillery","isPartOf":{"@id":"https:\/\/distillery.com\/es\/#website"},"datePublished":"2022-12-21T03:17:53+00:00","dateModified":"2025-12-11T09:01:54+00:00","description":"Explore 20+ open tech roles at Distillery, from engineering to design and data. Join our global team and build your career with innovative, high-impact projects.","breadcrumb":{"@id":"https:\/\/distillery.com\/es\/open-positions\/#breadcrumb"},"inLanguage":"es-ES","potentialAction":[{"@type":"ReadAction","target":["https:\/\/distillery.com\/es\/open-positions\/"]}]},{"@type":"BreadcrumbList","@id":"https:\/\/distillery.com\/es\/open-positions\/#breadcrumb","itemListElement":[{"@type":"ListItem","position":1,"name":"Home","item":"https:\/\/distillery.com\/es\/"},{"@type":"ListItem","position":2,"name":"Empleos"}]},{"@type":"WebSite","@id":"https:\/\/distillery.com\/es\/#website","url":"https:\/\/distillery.com\/es\/","name":"Distillery","description":"Distillery is an award-winning nearshore software development company. Our top-tier development talent guarantee the best results.","publisher":{"@id":"https:\/\/distillery.com\/es\/#organization"},"potentialAction":[{"@type":"SearchAction","target":{"@type":"EntryPoint","urlTemplate":"https:\/\/distillery.com\/es\/?s={search_term_string}"},"query-input":{"@type":"PropertyValueSpecification","valueRequired":true,"valueName":"search_term_string"}}],"inLanguage":"es-ES"},{"@type":"Organization","@id":"https:\/\/distillery.com\/es\/#organization","name":"Distillery","url":"https:\/\/distillery.com\/es\/","logo":{"@type":"ImageObject","inLanguage":"es-ES","@id":"https:\/\/distillery.com\/es\/#\/schema\/logo\/image\/","url":"https:\/\/distillery.com\/wp-content\/uploads\/2023\/06\/Layer_1-27.svg","contentUrl":"https:\/\/distillery.com\/wp-content\/uploads\/2023\/06\/Layer_1-27.svg","width":82,"height":106,"caption":"Distillery"},"image":{"@id":"https:\/\/distillery.com\/es\/#\/schema\/logo\/image\/"},"sameAs":["https:\/\/www.facebook.com\/DistilleryTech","https:\/\/x.com\/DistilleryTech","https:\/\/www.linkedin.com\/company\/Distillery-Tech","https:\/\/www.instagram.com\/Distillery_Tech\/"]}]}},"_links":{"self":[{"href":"https:\/\/distillery.com\/es\/wp-json\/wp\/v2\/pages\/248580","targetHints":{"allow":["GET"]}}],"collection":[{"href":"https:\/\/distillery.com\/es\/wp-json\/wp\/v2\/pages"}],"about":[{"href":"https:\/\/distillery.com\/es\/wp-json\/wp\/v2\/types\/page"}],"author":[{"embeddable":true,"href":"https:\/\/distillery.com\/es\/wp-json\/wp\/v2\/users\/1"}],"replies":[{"embeddable":true,"href":"https:\/\/distillery.com\/es\/wp-json\/wp\/v2\/comments?post=248580"}],"version-history":[{"count":0,"href":"https:\/\/distillery.com\/es\/wp-json\/wp\/v2\/pages\/248580\/revisions"}],"wp:attachment":[{"href":"https:\/\/distillery.com\/es\/wp-json\/wp\/v2\/media?parent=248580"}],"curies":[{"name":"wp","href":"https:\/\/api.w.org\/{rel}","templated":true}]}}