{"id":249640,"date":"2023-09-26T19:25:58","date_gmt":"2023-09-26T19:25:58","guid":{"rendered":"https:\/\/distillery.com\/declaracion-de-continuidad-de-las-actividades\/"},"modified":"2025-01-20T17:40:48","modified_gmt":"2025-01-20T17:40:48","slug":"declaracion-de-continuidad-de-las-actividades","status":"publish","type":"page","link":"https:\/\/distillery.com\/es\/declaracion-de-continuidad-de-las-actividades\/","title":{"rendered":"Declaraci\u00f3n de continuidad de las actividades"},"content":{"rendered":"<p>[et_pb_section fb_built=&#8221;1&#8243; _builder_version=&#8221;4.22.1&#8243; _module_preset=&#8221;default&#8221; global_colors_info=&#8221;{}&#8221;][et_pb_row _builder_version=&#8221;4.22.1&#8243; _module_preset=&#8221;default&#8221; global_colors_info=&#8221;{}&#8221;][et_pb_column type=&#8221;4_4&#8243; _builder_version=&#8221;4.22.1&#8243; _module_preset=&#8221;default&#8221; global_colors_info=&#8221;{}&#8221;][et_pb_text _builder_version=&#8221;4.22.1&#8243; _module_preset=&#8221;default&#8221; text_font=&#8221;|600|||||||&#8221; hover_enabled=&#8221;0&#8243; global_colors_info=&#8221;{}&#8221; sticky_enabled=&#8221;0&#8243;]<\/p>\n<p>Distillery mantiene planes de continuidad del negocio que pueden activarse en caso de una interrupci\u00f3n significativa del negocio. La empresa es consciente del car\u00e1cter cr\u00edtico de poder continuar con las operaciones materiales si se produce un incidente que pudiera afectar a nuestros equipos de servicios profesionales y a sus sistemas. Estos planes son componentes clave en el mantenimiento de los procedimientos de emergencia, y son necesarios para el cumplimiento de las normas ISO 27001 y para el cumplimiento interno.<\/p>\n<p>A la hora de planificar posibles interrupciones significativas del negocio, Distillery ha considerado una serie de resultados de diferentes escenarios, incluyendo, s\u00f3lo como ejemplos, una interrupci\u00f3n en un \u00fanico edificio, una interrupci\u00f3n del negocio en toda la ciudad y una interrupci\u00f3n regional. Los planes de la empresa tienen por objeto permitir la continuaci\u00f3n de las operaciones comerciales clave durante la mayor\u00eda de los tipos de interrupciones, reanudando las operaciones de misi\u00f3n cr\u00edtica, por lo general dentro del mismo d\u00eda h\u00e1bil de la interrupci\u00f3n. Para garantizar la continuidad de su actividad, la empresa mantiene copias de seguridad en ubicaciones alternativas.<\/p>\n<p>Sin embargo, los clientes deben saber que, dado que los planes de la empresa contienen detalles de car\u00e1cter confidencial y privado, no pueden distribuirse al p\u00fablico. Los clientes tambi\u00e9n deben tener en cuenta que el plan de continuidad del negocio de Distillery est\u00e1 sujeto a modificaciones, y que los res\u00famenes actualizados del plan se publicar\u00e1n de inmediato en el sitio web de Distillery, seg\u00fan lo permita la legislaci\u00f3n aplicable.<\/p>\n<p>[\/et_pb_text][\/et_pb_column][\/et_pb_row][\/et_pb_section]<\/p>\n","protected":false},"excerpt":{"rendered":"<p>Distillery mantiene planes de continuidad del negocio que pueden activarse en caso de una interrupci\u00f3n significativa del negocio. La empresa es consciente del car\u00e1cter cr\u00edtico de poder continuar con las [&hellip;]<\/p>\n","protected":false},"author":4,"featured_media":0,"parent":0,"menu_order":0,"comment_status":"closed","ping_status":"closed","template":"","meta":{"_acf_changed":false,"_et_pb_use_builder":"on","_et_pb_old_content":"","_et_gb_content_width":"","content-type":"","footnotes":"","_wp_rev_ctl_limit":""},"class_list":["post-249640","page","type-page","status-publish","hentry"],"acf":[],"yoast_head":"<!-- This site is optimized with the Yoast SEO plugin v27.3 - https:\/\/yoast.com\/product\/yoast-seo-wordpress\/ -->\n<title>Declaraci\u00f3n de continuidad de las actividades | Distillery<\/title>\n<meta name=\"description\" content=\"Distillery mantiene planes de recuperaci\u00f3n de desastres y continuidad de negocio para nuestros socios. Nuestro equipo se compromete a apoyar a sus clientes en momentos de necesidad.\" \/>\n<meta name=\"robots\" content=\"index, follow, max-snippet:-1, max-image-preview:large, max-video-preview:-1\" \/>\n<link rel=\"canonical\" href=\"https:\/\/distillery.com\/es\/declaracion-de-continuidad-de-las-actividades\/\" \/>\n<meta property=\"og:locale\" content=\"es_ES\" \/>\n<meta property=\"og:type\" content=\"article\" \/>\n<meta property=\"og:title\" content=\"Declaraci\u00f3n de continuidad de las actividades | Distillery\" \/>\n<meta property=\"og:description\" content=\"Distillery mantiene planes de recuperaci\u00f3n de desastres y continuidad de negocio para nuestros socios. Nuestro equipo se compromete a apoyar a sus clientes en momentos de necesidad.\" \/>\n<meta property=\"og:url\" content=\"https:\/\/distillery.com\/es\/declaracion-de-continuidad-de-las-actividades\/\" \/>\n<meta property=\"og:site_name\" content=\"Distillery\" \/>\n<meta property=\"article:publisher\" content=\"https:\/\/www.facebook.com\/DistilleryTech\" \/>\n<meta property=\"article:modified_time\" content=\"2025-01-20T17:40:48+00:00\" \/>\n<meta name=\"twitter:card\" content=\"summary_large_image\" \/>\n<meta name=\"twitter:site\" content=\"@DistilleryTech\" \/>\n<meta name=\"twitter:label1\" content=\"Tiempo de lectura\" \/>\n\t<meta name=\"twitter:data1\" content=\"2 minutos\" \/>\n<script type=\"application\/ld+json\" class=\"yoast-schema-graph\">{\"@context\":\"https:\\\/\\\/schema.org\",\"@graph\":[{\"@type\":\"WebPage\",\"@id\":\"https:\\\/\\\/distillery.com\\\/es\\\/declaracion-de-continuidad-de-las-actividades\\\/\",\"url\":\"https:\\\/\\\/distillery.com\\\/es\\\/declaracion-de-continuidad-de-las-actividades\\\/\",\"name\":\"Declaraci\u00f3n de continuidad de las actividades | Distillery\",\"isPartOf\":{\"@id\":\"https:\\\/\\\/distillery.com\\\/es\\\/#website\"},\"datePublished\":\"2023-09-26T19:25:58+00:00\",\"dateModified\":\"2025-01-20T17:40:48+00:00\",\"description\":\"Distillery mantiene planes de recuperaci\u00f3n de desastres y continuidad de negocio para nuestros socios. Nuestro equipo se compromete a apoyar a sus clientes en momentos de necesidad.\",\"breadcrumb\":{\"@id\":\"https:\\\/\\\/distillery.com\\\/es\\\/declaracion-de-continuidad-de-las-actividades\\\/#breadcrumb\"},\"inLanguage\":\"es-ES\",\"potentialAction\":[{\"@type\":\"ReadAction\",\"target\":[\"https:\\\/\\\/distillery.com\\\/es\\\/declaracion-de-continuidad-de-las-actividades\\\/\"]}]},{\"@type\":\"BreadcrumbList\",\"@id\":\"https:\\\/\\\/distillery.com\\\/es\\\/declaracion-de-continuidad-de-las-actividades\\\/#breadcrumb\",\"itemListElement\":[{\"@type\":\"ListItem\",\"position\":1,\"name\":\"Home\",\"item\":\"https:\\\/\\\/distillery.com\\\/es\\\/\"},{\"@type\":\"ListItem\",\"position\":2,\"name\":\"Declaraci\u00f3n de continuidad de las actividades\"}]},{\"@type\":\"WebSite\",\"@id\":\"https:\\\/\\\/distillery.com\\\/es\\\/#website\",\"url\":\"https:\\\/\\\/distillery.com\\\/es\\\/\",\"name\":\"Distillery\",\"description\":\"Distillery is an award-winning nearshore software development company. Our top-tier development talent guarantee the best results.\",\"publisher\":{\"@id\":\"https:\\\/\\\/distillery.com\\\/es\\\/#organization\"},\"potentialAction\":[{\"@type\":\"SearchAction\",\"target\":{\"@type\":\"EntryPoint\",\"urlTemplate\":\"https:\\\/\\\/distillery.com\\\/es\\\/?s={search_term_string}\"},\"query-input\":{\"@type\":\"PropertyValueSpecification\",\"valueRequired\":true,\"valueName\":\"search_term_string\"}}],\"inLanguage\":\"es-ES\"},{\"@type\":\"Organization\",\"@id\":\"https:\\\/\\\/distillery.com\\\/es\\\/#organization\",\"name\":\"Distillery\",\"url\":\"https:\\\/\\\/distillery.com\\\/es\\\/\",\"logo\":{\"@type\":\"ImageObject\",\"inLanguage\":\"es-ES\",\"@id\":\"https:\\\/\\\/distillery.com\\\/es\\\/#\\\/schema\\\/logo\\\/image\\\/\",\"url\":\"https:\\\/\\\/distillery.com\\\/wp-content\\\/uploads\\\/2023\\\/06\\\/Layer_1-27.svg\",\"contentUrl\":\"https:\\\/\\\/distillery.com\\\/wp-content\\\/uploads\\\/2023\\\/06\\\/Layer_1-27.svg\",\"width\":82,\"height\":106,\"caption\":\"Distillery\"},\"image\":{\"@id\":\"https:\\\/\\\/distillery.com\\\/es\\\/#\\\/schema\\\/logo\\\/image\\\/\"},\"sameAs\":[\"https:\\\/\\\/www.facebook.com\\\/DistilleryTech\",\"https:\\\/\\\/x.com\\\/DistilleryTech\",\"https:\\\/\\\/www.linkedin.com\\\/company\\\/Distillery-Tech\",\"https:\\\/\\\/www.instagram.com\\\/Distillery_Tech\\\/\"]}]}<\/script>\n<!-- \/ Yoast SEO plugin. -->","yoast_head_json":{"title":"Declaraci\u00f3n de continuidad de las actividades | Distillery","description":"Distillery mantiene planes de recuperaci\u00f3n de desastres y continuidad de negocio para nuestros socios. Nuestro equipo se compromete a apoyar a sus clientes en momentos de necesidad.","robots":{"index":"index","follow":"follow","max-snippet":"max-snippet:-1","max-image-preview":"max-image-preview:large","max-video-preview":"max-video-preview:-1"},"canonical":"https:\/\/distillery.com\/es\/declaracion-de-continuidad-de-las-actividades\/","og_locale":"es_ES","og_type":"article","og_title":"Declaraci\u00f3n de continuidad de las actividades | Distillery","og_description":"Distillery mantiene planes de recuperaci\u00f3n de desastres y continuidad de negocio para nuestros socios. Nuestro equipo se compromete a apoyar a sus clientes en momentos de necesidad.","og_url":"https:\/\/distillery.com\/es\/declaracion-de-continuidad-de-las-actividades\/","og_site_name":"Distillery","article_publisher":"https:\/\/www.facebook.com\/DistilleryTech","article_modified_time":"2025-01-20T17:40:48+00:00","twitter_card":"summary_large_image","twitter_site":"@DistilleryTech","twitter_misc":{"Tiempo de lectura":"2 minutos"},"schema":{"@context":"https:\/\/schema.org","@graph":[{"@type":"WebPage","@id":"https:\/\/distillery.com\/es\/declaracion-de-continuidad-de-las-actividades\/","url":"https:\/\/distillery.com\/es\/declaracion-de-continuidad-de-las-actividades\/","name":"Declaraci\u00f3n de continuidad de las actividades | Distillery","isPartOf":{"@id":"https:\/\/distillery.com\/es\/#website"},"datePublished":"2023-09-26T19:25:58+00:00","dateModified":"2025-01-20T17:40:48+00:00","description":"Distillery mantiene planes de recuperaci\u00f3n de desastres y continuidad de negocio para nuestros socios. Nuestro equipo se compromete a apoyar a sus clientes en momentos de necesidad.","breadcrumb":{"@id":"https:\/\/distillery.com\/es\/declaracion-de-continuidad-de-las-actividades\/#breadcrumb"},"inLanguage":"es-ES","potentialAction":[{"@type":"ReadAction","target":["https:\/\/distillery.com\/es\/declaracion-de-continuidad-de-las-actividades\/"]}]},{"@type":"BreadcrumbList","@id":"https:\/\/distillery.com\/es\/declaracion-de-continuidad-de-las-actividades\/#breadcrumb","itemListElement":[{"@type":"ListItem","position":1,"name":"Home","item":"https:\/\/distillery.com\/es\/"},{"@type":"ListItem","position":2,"name":"Declaraci\u00f3n de continuidad de las actividades"}]},{"@type":"WebSite","@id":"https:\/\/distillery.com\/es\/#website","url":"https:\/\/distillery.com\/es\/","name":"Distillery","description":"Distillery is an award-winning nearshore software development company. Our top-tier development talent guarantee the best results.","publisher":{"@id":"https:\/\/distillery.com\/es\/#organization"},"potentialAction":[{"@type":"SearchAction","target":{"@type":"EntryPoint","urlTemplate":"https:\/\/distillery.com\/es\/?s={search_term_string}"},"query-input":{"@type":"PropertyValueSpecification","valueRequired":true,"valueName":"search_term_string"}}],"inLanguage":"es-ES"},{"@type":"Organization","@id":"https:\/\/distillery.com\/es\/#organization","name":"Distillery","url":"https:\/\/distillery.com\/es\/","logo":{"@type":"ImageObject","inLanguage":"es-ES","@id":"https:\/\/distillery.com\/es\/#\/schema\/logo\/image\/","url":"https:\/\/distillery.com\/wp-content\/uploads\/2023\/06\/Layer_1-27.svg","contentUrl":"https:\/\/distillery.com\/wp-content\/uploads\/2023\/06\/Layer_1-27.svg","width":82,"height":106,"caption":"Distillery"},"image":{"@id":"https:\/\/distillery.com\/es\/#\/schema\/logo\/image\/"},"sameAs":["https:\/\/www.facebook.com\/DistilleryTech","https:\/\/x.com\/DistilleryTech","https:\/\/www.linkedin.com\/company\/Distillery-Tech","https:\/\/www.instagram.com\/Distillery_Tech\/"]}]}},"_links":{"self":[{"href":"https:\/\/distillery.com\/es\/wp-json\/wp\/v2\/pages\/249640","targetHints":{"allow":["GET"]}}],"collection":[{"href":"https:\/\/distillery.com\/es\/wp-json\/wp\/v2\/pages"}],"about":[{"href":"https:\/\/distillery.com\/es\/wp-json\/wp\/v2\/types\/page"}],"author":[{"embeddable":true,"href":"https:\/\/distillery.com\/es\/wp-json\/wp\/v2\/users\/4"}],"replies":[{"embeddable":true,"href":"https:\/\/distillery.com\/es\/wp-json\/wp\/v2\/comments?post=249640"}],"version-history":[{"count":0,"href":"https:\/\/distillery.com\/es\/wp-json\/wp\/v2\/pages\/249640\/revisions"}],"wp:attachment":[{"href":"https:\/\/distillery.com\/es\/wp-json\/wp\/v2\/media?parent=249640"}],"curies":[{"name":"wp","href":"https:\/\/api.w.org\/{rel}","templated":true}]}}