{"id":255641,"date":"2024-10-18T16:26:57","date_gmt":"2024-10-18T16:26:57","guid":{"rendered":"https:\/\/distillery.com\/episodio-no-5-a-todo-gas-sin-frenos\/"},"modified":"2025-12-20T12:43:04","modified_gmt":"2025-12-20T12:43:04","slug":"episodio-no-5-a-todo-gas-sin-frenos","status":"publish","type":"page","link":"https:\/\/distillery.com\/es\/episodio-no-5-a-todo-gas-sin-frenos\/","title":{"rendered":"Episodio n\u00ba 5: A todo gas, sin frenos"},"content":{"rendered":"<p>[et_pb_section fb_built=&#8221;1&#8243; custom_padding_last_edited=&#8221;on|phone&#8221; _builder_version=&#8221;4.24.2&#8243; _module_preset=&#8221;default&#8221; background_color=&#8221;gcid-fa5717dc-1d9d-4f54-9b8a-eb04dc2efe68&#8243; background_image=&#8221;https:\/\/distillery.com\/wp-content\/uploads\/2025\/12\/abstract-blue-background-with-stars-ai-generate-15.webp&#8221; custom_margin=&#8221;-39px|||||&#8221; custom_padding=&#8221;149px||149px||true|false&#8221; custom_padding_tablet=&#8221;100px||100px||true|false&#8221; custom_padding_phone=&#8221;50px||50px||true|false&#8221; background_last_edited=&#8221;on|phone&#8221; global_colors_info=&#8221;{%22gcid-fa5717dc-1d9d-4f54-9b8a-eb04dc2efe68%22:%91%22background_color%22,%22background_color%22,%22background_color%22,%22background_color%22%93}&#8221; theme_builder_area=&#8221;post_content&#8221;][et_pb_row custom_padding_last_edited=&#8221;on|phone&#8221; _builder_version=&#8221;4.24.2&#8243; _module_preset=&#8221;default&#8221; width=&#8221;90%&#8221; max_width=&#8221;90%&#8221; custom_padding=&#8221;0px|||||&#8221; custom_padding_tablet=&#8221;&#8221; custom_padding_phone=&#8221;||0px||false|false&#8221; global_colors_info=&#8221;{}&#8221; theme_builder_area=&#8221;post_content&#8221;][et_pb_column type=&#8221;4_4&#8243; _builder_version=&#8221;4.23.2&#8243; _module_preset=&#8221;default&#8221; global_colors_info=&#8221;{}&#8221; theme_builder_area=&#8221;post_content&#8221;][et_pb_text _builder_version=&#8221;4.25.1&#8243; _module_preset=&#8221;default&#8221; text_text_color=&#8221;#020202&#8243; text_font_size=&#8221;28px&#8221; text_line_height=&#8221;1.6em&#8221; header_text_color=&#8221;#111111&#8243; header_font_size=&#8221;72px&#8221; header_2_text_color=&#8221;#FFFFFF&#8221; header_2_font_size=&#8221;24px&#8221; header_3_text_color=&#8221;#ffffff&#8221; header_3_font_size=&#8221;16px&#8221; custom_margin=&#8221;||0px||false|false&#8221; custom_padding=&#8221;50px||0px||false|false&#8221; text_font_size_tablet=&#8221;28px&#8221; text_font_size_phone=&#8221;24px&#8221; text_font_size_last_edited=&#8221;on|phone&#8221; header_font_size_tablet=&#8221;80px&#8221; header_font_size_phone=&#8221;40px&#8221; header_font_size_last_edited=&#8221;on|desktop&#8221; custom_css_free_form=&#8221;@media screen and (max-width: 768px){||  selector br{||  display:none||}||}&#8221; global_colors_info=&#8221;{}&#8221; content__hover_enabled=&#8221;off|desktop&#8221; content__hover=&#8221;<\/p>\n<h1><span> <\/span><\/h1>\n<p><span>Hay una forma m\u00e1s inteligente de escribir software:<br \/>y lo sabemos.<\/span><\/p>\n<p>&#8221; theme_builder_area=&#8221;post_content&#8221;]<\/p>\n<h3 style=\"text-align: center;\">CHARLAS AL AIRE LIBRE SOBRE CRECIMIENTO ESTRAT\u00c9GICO<\/h3>\n<p>[\/et_pb_text][et_pb_image src=&#8221;https:\/\/distillery.com\/wp-content\/uploads\/2024\/08\/TT-Logo-01.png&#8221; title_text=&#8221;TT-Logo-01&#8243; align=&#8221;center&#8221; _builder_version=&#8221;4.25.1&#8243; _module_preset=&#8221;default&#8221; width=&#8221;71%&#8221; global_colors_info=&#8221;{}&#8221; theme_builder_area=&#8221;post_content&#8221;][\/et_pb_image][et_pb_text _builder_version=&#8221;4.27.4&#8243; _module_preset=&#8221;default&#8221; text_text_color=&#8221;#ffffff&#8221; text_font_size=&#8221;20px&#8221; text_line_height=&#8221;1.6em&#8221; header_text_color=&#8221;#111111&#8243; header_font_size=&#8221;72px&#8221; header_2_text_color=&#8221;#FFFFFF&#8221; header_2_font_size=&#8221;24px&#8221; width=&#8221;70%&#8221; width_tablet=&#8221;70%&#8221; width_phone=&#8221;70%&#8221; width_last_edited=&#8221;on|tablet&#8221; module_alignment=&#8221;center&#8221; custom_padding=&#8221;0px||0px||false|false&#8221; text_font_size_tablet=&#8221;20px&#8221; text_font_size_phone=&#8221;20px&#8221; text_font_size_last_edited=&#8221;on|desktop&#8221; header_font_size_tablet=&#8221;80px&#8221; header_font_size_phone=&#8221;40px&#8221; header_font_size_last_edited=&#8221;on|desktop&#8221; custom_css_free_form=&#8221;@media screen and (max-width: 768px){||  selector br{||  display:none||}||}&#8221; global_colors_info=&#8221;{}&#8221; content__hover_enabled=&#8221;off|desktop&#8221; content__hover=&#8221;<\/p>\n<h1><span> <\/span><\/h1>\n<p><span>Hay una forma m\u00e1s inteligente de escribir software:<br \/>y lo sabemos.<\/span><\/p>\n<p>&#8221; theme_builder_area=&#8221;post_content&#8221;]<\/p>\n<p style=\"text-align: center;\"><span style=\"font-weight: 400;\">\u00danete a Dan Ptak y Nicole Little para explorar el delicado equilibrio entre la r\u00e1pida innovaci\u00f3n tecnol\u00f3gica y la necesidad cr\u00edtica de protecci\u00f3n del usuario y la privacidad de los datos. Desde la IA a las tendencias de datos, discuten c\u00f3mo los l\u00edderes tecnol\u00f3gicos pueden afrontar los retos de acelerar la innovaci\u00f3n manteniendo la seguridad en primer plano.<br \/><\/span><\/p>\n<p>[\/et_pb_text][\/et_pb_column][\/et_pb_row][\/et_pb_section][et_pb_section fb_built=&#8221;1&#8243; _builder_version=&#8221;4.24.2&#8243; _module_preset=&#8221;default&#8221; background_image=&#8221;https:\/\/distillery.com\/wp-content\/uploads\/2024\/04\/bg_content-1.jpg&#8221; global_colors_info=&#8221;{}&#8221; theme_builder_area=&#8221;post_content&#8221;][et_pb_row _builder_version=&#8221;4.24.2&#8243; _module_preset=&#8221;default&#8221; global_colors_info=&#8221;{}&#8221; theme_builder_area=&#8221;post_content&#8221;][et_pb_column type=&#8221;4_4&#8243; _builder_version=&#8221;4.24.2&#8243; _module_preset=&#8221;default&#8221; global_colors_info=&#8221;{}&#8221; theme_builder_area=&#8221;post_content&#8221;][et_pb_text _builder_version=&#8221;4.25.1&#8243; _module_preset=&#8221;default&#8221; text_text_color=&#8221;#FFFFFF&#8221; header_2_text_color=&#8221;#FFFFFF&#8221; global_colors_info=&#8221;{}&#8221; theme_builder_area=&#8221;post_content&#8221;]<\/p>\n<h2 style=\"text-align: center;\">Episodio n\u00ba 5: A todo gas, sin frenos<\/h2>\n<p style=\"text-align: center;\"><span style=\"font-weight: 400;\">En este episodio de Turbocharge Tomorrow, Dan Ptak est\u00e1 acompa\u00f1ado por Nicole Little, Jefa de Estrategia y Tecnolog\u00eda Antipirater\u00eda de Prime Video y Amazon Studios. Hablan del r\u00e1pido ritmo de la innovaci\u00f3n tecnol\u00f3gica y de la evoluci\u00f3n del panorama de la privacidad de los datos en Estados Unidos. La conversaci\u00f3n profundiza en c\u00f3mo las organizaciones pueden implantar con \u00e9xito nuevas tecnolog\u00edas como la IA sin comprometer la protecci\u00f3n de los usuarios. Nicole hace hincapi\u00e9 en la importancia de la colaboraci\u00f3n entre los equipos de seguridad y desarrollo, y en las ventajas de un enfoque de la seguridad basado en el &#8220;cambio a la izquierda&#8221;: integrarla en las primeras fases del proceso de desarrollo para abordar los posibles problemas antes de que se agraven. Juntos, Dan y Nicole subrayan que la inversi\u00f3n en seguridad no es s\u00f3lo necesaria, sino un elemento fundamental para una innovaci\u00f3n sostenible y de \u00e9xito.    <\/span><\/p>\n<p>[\/et_pb_text][\/et_pb_column][\/et_pb_row][\/et_pb_section][et_pb_section fb_built=&#8221;1&#8243; _builder_version=&#8221;4.24.2&#8243; _module_preset=&#8221;default&#8221; custom_padding=&#8221;||||false|false&#8221; global_colors_info=&#8221;{}&#8221; theme_builder_area=&#8221;post_content&#8221;][et_pb_row column_structure=&#8221;1_5,3_5,1_5&#8243; _builder_version=&#8221;4.25.1&#8243; _module_preset=&#8221;default&#8221; custom_padding=&#8221;0px||0px||false|false&#8221; global_colors_info=&#8221;{}&#8221; theme_builder_area=&#8221;post_content&#8221;][et_pb_column type=&#8221;1_5&#8243; _builder_version=&#8221;4.24.2&#8243; _module_preset=&#8221;default&#8221; z_index=&#8221;1&#8243; global_colors_info=&#8221;{}&#8221; theme_builder_area=&#8221;post_content&#8221;][\/et_pb_column][et_pb_column type=&#8221;3_5&#8243; _builder_version=&#8221;4.25.1&#8243; _module_preset=&#8221;default&#8221; z_index=&#8221;1&#8243; global_colors_info=&#8221;{}&#8221; theme_builder_area=&#8221;post_content&#8221;][et_pb_video src=&#8221;https:\/\/www.youtube.com\/watch?v=eDQv6MYtZBQ&#038;feature=youtu.be&#8221; _builder_version=&#8221;4.25.1&#8243; _module_preset=&#8221;default&#8221; z_index=&#8221;1&#8243; global_colors_info=&#8221;{}&#8221; theme_builder_area=&#8221;post_content&#8221;][\/et_pb_video][\/et_pb_column][et_pb_column type=&#8221;1_5&#8243; _builder_version=&#8221;4.24.2&#8243; _module_preset=&#8221;default&#8221; z_index=&#8221;1&#8243; global_colors_info=&#8221;{}&#8221; theme_builder_area=&#8221;post_content&#8221;][\/et_pb_column][\/et_pb_row][et_pb_row column_structure=&#8221;1_5,3_5,1_5&#8243; _builder_version=&#8221;4.24.2&#8243; _module_preset=&#8221;default&#8221; global_colors_info=&#8221;{}&#8221; theme_builder_area=&#8221;post_content&#8221;][et_pb_column type=&#8221;1_5&#8243; _builder_version=&#8221;4.24.2&#8243; _module_preset=&#8221;default&#8221; global_colors_info=&#8221;{}&#8221; theme_builder_area=&#8221;post_content&#8221;][\/et_pb_column][et_pb_column type=&#8221;3_5&#8243; _builder_version=&#8221;4.24.2&#8243; _module_preset=&#8221;default&#8221; global_colors_info=&#8221;{}&#8221; theme_builder_area=&#8221;post_content&#8221;][et_pb_text _builder_version=&#8221;4.25.1&#8243; _module_preset=&#8221;default&#8221; text_font_size=&#8221;20px&#8221; text_line_height=&#8221;1.8em&#8221; width=&#8221;100%&#8221; global_colors_info=&#8221;{}&#8221; theme_builder_area=&#8221;post_content&#8221;]<\/p>\n<h2 style=\"text-align: center;\"><b>Episodio destacado:<\/b><\/h2>\n<p style=\"text-align: center;\"><span style=\"font-weight: 400;\">El r\u00e1pido ritmo de la innovaci\u00f3n en tecnolog\u00eda, especialmente con la IA, presenta tanto oportunidades como retos para las organizaciones. Nicole Little comparte sus ideas sobre por qu\u00e9 es m\u00e1s importante que nunca equilibrar la innovaci\u00f3n con la protecci\u00f3n del usuario. La conversaci\u00f3n comienza con Nicole destacando que muchos problemas de seguridad no surgen de intenciones maliciosas, sino de organizaciones que se lanzan demasiado r\u00e1pido al mercado sin comprender plenamente las implicaciones de sus tecnolog\u00edas. Presenta la idea del &#8220;cambio a la izquierda&#8221; en la seguridad: integrar las consideraciones de seguridad al principio del ciclo de desarrollo para evitar riesgos importantes antes de la implantaci\u00f3n.   <\/span><\/p>\n<p style=\"text-align: center;\"><span style=\"font-weight: 400;\">Adem\u00e1s, Nicole destaca la importancia de establecer relaciones entre los equipos de seguridad, ingenier\u00eda y producto. Cree que la seguridad debe verse como un socio y no como un guardi\u00e1n, lo que permite una cultura de transparencia y resoluci\u00f3n proactiva de los problemas. La evoluci\u00f3n del panorama de la privacidad de los datos en Estados Unidos tambi\u00e9n es un tema clave, ya que Nicole habla de c\u00f3mo los consumidores estadounidenses son cada vez m\u00e1s conscientes de los problemas de privacidad de los datos, aunque todav\u00eda van a la zaga de Europa en cuanto a percepciones generales. Dan y Nicole concluyen que fomentar la colaboraci\u00f3n entre equipos es la clave para lograr soluciones s\u00f3lidas e innovadoras.   <\/span><\/p>\n<p>[\/et_pb_text][\/et_pb_column][et_pb_column type=&#8221;1_5&#8243; _builder_version=&#8221;4.24.2&#8243; _module_preset=&#8221;default&#8221; global_colors_info=&#8221;{}&#8221; theme_builder_area=&#8221;post_content&#8221;][\/et_pb_column][\/et_pb_row][\/et_pb_section][et_pb_section fb_built=&#8221;1&#8243; _builder_version=&#8221;4.24.2&#8243; _module_preset=&#8221;default&#8221; background_image=&#8221;https:\/\/distillery.com\/wp-content\/uploads\/2024\/04\/bg_content-1.jpg&#8221; locked=&#8221;off&#8221; global_colors_info=&#8221;{}&#8221; theme_builder_area=&#8221;post_content&#8221;][et_pb_row _builder_version=&#8221;4.24.2&#8243; _module_preset=&#8221;default&#8221; global_colors_info=&#8221;{}&#8221; theme_builder_area=&#8221;post_content&#8221;][et_pb_column type=&#8221;4_4&#8243; _builder_version=&#8221;4.24.2&#8243; _module_preset=&#8221;default&#8221; global_colors_info=&#8221;{}&#8221; theme_builder_area=&#8221;post_content&#8221;][et_pb_button button_url=&#8221;https:\/\/distillery.com\/distillery-compound&#8221; button_text=&#8221;VOLVER A TODOS LOS EPISODIOS  &#8221; button_alignment=&#8221;center&#8221; _builder_version=&#8221;4.25.1&#8243; _module_preset=&#8221;default&#8221; custom_button=&#8221;on&#8221; button_text_color=&#8221;#124ec6&#8243; button_bg_color=&#8221;#FFFFFF&#8221; button_font=&#8221;|600|||||||&#8221; global_colors_info=&#8221;{}&#8221; theme_builder_area=&#8221;post_content&#8221;][\/et_pb_button][\/et_pb_column][\/et_pb_row][\/et_pb_section]<\/p>\n","protected":false},"excerpt":{"rendered":"<p>CHARLAS AL AIRE LIBRE SOBRE CRECIMIENTO ESTRAT\u00c9GICO\u00danete a Dan Ptak y Nicole Little para explorar el delicado equilibrio entre la r\u00e1pida innovaci\u00f3n tecnol\u00f3gica y la necesidad cr\u00edtica de protecci\u00f3n del [&hellip;]<\/p>\n","protected":false},"author":20,"featured_media":255642,"parent":0,"menu_order":3,"comment_status":"closed","ping_status":"closed","template":"","meta":{"_acf_changed":false,"_et_pb_use_builder":"on","_et_pb_old_content":"","_et_gb_content_width":"","content-type":"","footnotes":"","_wp_rev_ctl_limit":""},"class_list":["post-255641","page","type-page","status-publish","has-post-thumbnail","hentry"],"acf":[],"yoast_head":"<!-- This site is optimized with the Yoast SEO plugin v27.4 - https:\/\/yoast.com\/product\/yoast-seo-wordpress\/ -->\n<title>Turbocharge Tomorrow Ep. 5: A todo gas, sin frenos<\/title>\n<meta name=\"description\" content=\"\u00danete a Dan Ptak y Nicole Little para explorar el delicado equilibrio entre la r\u00e1pida innovaci\u00f3n tecnol\u00f3gica y la necesidad cr\u00edtica de protecci\u00f3n de los usuarios y la privacidad de los datos.\" \/>\n<meta name=\"robots\" content=\"index, follow, max-snippet:-1, max-image-preview:large, max-video-preview:-1\" \/>\n<link rel=\"canonical\" href=\"https:\/\/distillery.com\/es\/episodio-no-5-a-todo-gas-sin-frenos\/\" \/>\n<meta property=\"og:locale\" content=\"es_ES\" \/>\n<meta property=\"og:type\" content=\"article\" \/>\n<meta property=\"og:title\" content=\"Turbocharge Tomorrow Ep. 5: A todo gas, sin frenos\" \/>\n<meta property=\"og:description\" content=\"\u00danete a Dan Ptak y Nicole Little para explorar el delicado equilibrio entre la r\u00e1pida innovaci\u00f3n tecnol\u00f3gica y la necesidad cr\u00edtica de protecci\u00f3n de los usuarios y la privacidad de los datos.\" \/>\n<meta property=\"og:url\" content=\"https:\/\/distillery.com\/es\/episodio-no-5-a-todo-gas-sin-frenos\/\" \/>\n<meta property=\"og:site_name\" content=\"Distillery\" \/>\n<meta property=\"article:publisher\" content=\"https:\/\/www.facebook.com\/DistilleryTech\" \/>\n<meta property=\"article:modified_time\" content=\"2025-12-20T12:43:04+00:00\" \/>\n<meta property=\"og:image\" content=\"https:\/\/distillery.com\/wp-content\/uploads\/2024\/10\/Headshot-2-episode-5-scaled-e1727872533989.jpg\" \/>\n\t<meta property=\"og:image:width\" content=\"1706\" \/>\n\t<meta property=\"og:image:height\" content=\"1706\" \/>\n\t<meta property=\"og:image:type\" content=\"image\/jpeg\" \/>\n<meta name=\"twitter:card\" content=\"summary_large_image\" \/>\n<meta name=\"twitter:site\" content=\"@DistilleryTech\" \/>\n<meta name=\"twitter:label1\" content=\"Tiempo de lectura\" \/>\n\t<meta name=\"twitter:data1\" content=\"7 minutos\" \/>\n<script type=\"application\/ld+json\" class=\"yoast-schema-graph\">{\"@context\":\"https:\\\/\\\/schema.org\",\"@graph\":[{\"@type\":\"WebPage\",\"@id\":\"https:\\\/\\\/distillery.com\\\/es\\\/episodio-no-5-a-todo-gas-sin-frenos\\\/\",\"url\":\"https:\\\/\\\/distillery.com\\\/es\\\/episodio-no-5-a-todo-gas-sin-frenos\\\/\",\"name\":\"Turbocharge Tomorrow Ep. 5: A todo gas, sin frenos\",\"isPartOf\":{\"@id\":\"https:\\\/\\\/distillery.com\\\/es\\\/#website\"},\"primaryImageOfPage\":{\"@id\":\"https:\\\/\\\/distillery.com\\\/es\\\/episodio-no-5-a-todo-gas-sin-frenos\\\/#primaryimage\"},\"image\":{\"@id\":\"https:\\\/\\\/distillery.com\\\/es\\\/episodio-no-5-a-todo-gas-sin-frenos\\\/#primaryimage\"},\"thumbnailUrl\":\"https:\\\/\\\/distillery.com\\\/wp-content\\\/uploads\\\/2024\\\/10\\\/Headshot-2-episode-5-scaled-e1727872533989.jpg\",\"datePublished\":\"2024-10-18T16:26:57+00:00\",\"dateModified\":\"2025-12-20T12:43:04+00:00\",\"description\":\"\u00danete a Dan Ptak y Nicole Little para explorar el delicado equilibrio entre la r\u00e1pida innovaci\u00f3n tecnol\u00f3gica y la necesidad cr\u00edtica de protecci\u00f3n de los usuarios y la privacidad de los datos.\",\"breadcrumb\":{\"@id\":\"https:\\\/\\\/distillery.com\\\/es\\\/episodio-no-5-a-todo-gas-sin-frenos\\\/#breadcrumb\"},\"inLanguage\":\"es-ES\",\"potentialAction\":[{\"@type\":\"ReadAction\",\"target\":[\"https:\\\/\\\/distillery.com\\\/es\\\/episodio-no-5-a-todo-gas-sin-frenos\\\/\"]}]},{\"@type\":\"ImageObject\",\"inLanguage\":\"es-ES\",\"@id\":\"https:\\\/\\\/distillery.com\\\/es\\\/episodio-no-5-a-todo-gas-sin-frenos\\\/#primaryimage\",\"url\":\"https:\\\/\\\/distillery.com\\\/wp-content\\\/uploads\\\/2024\\\/10\\\/Headshot-2-episode-5-scaled-e1727872533989.jpg\",\"contentUrl\":\"https:\\\/\\\/distillery.com\\\/wp-content\\\/uploads\\\/2024\\\/10\\\/Headshot-2-episode-5-scaled-e1727872533989.jpg\",\"width\":1706,\"height\":1706},{\"@type\":\"BreadcrumbList\",\"@id\":\"https:\\\/\\\/distillery.com\\\/es\\\/episodio-no-5-a-todo-gas-sin-frenos\\\/#breadcrumb\",\"itemListElement\":[{\"@type\":\"ListItem\",\"position\":1,\"name\":\"Home\",\"item\":\"https:\\\/\\\/distillery.com\\\/es\\\/\"},{\"@type\":\"ListItem\",\"position\":2,\"name\":\"Episodio n\u00ba 5: A todo gas, sin frenos\"}]},{\"@type\":\"WebSite\",\"@id\":\"https:\\\/\\\/distillery.com\\\/es\\\/#website\",\"url\":\"https:\\\/\\\/distillery.com\\\/es\\\/\",\"name\":\"Distillery\",\"description\":\"Distillery is an award-winning nearshore software development company. Our top-tier development talent guarantee the best results.\",\"publisher\":{\"@id\":\"https:\\\/\\\/distillery.com\\\/es\\\/#organization\"},\"potentialAction\":[{\"@type\":\"SearchAction\",\"target\":{\"@type\":\"EntryPoint\",\"urlTemplate\":\"https:\\\/\\\/distillery.com\\\/es\\\/?s={search_term_string}\"},\"query-input\":{\"@type\":\"PropertyValueSpecification\",\"valueRequired\":true,\"valueName\":\"search_term_string\"}}],\"inLanguage\":\"es-ES\"},{\"@type\":\"Organization\",\"@id\":\"https:\\\/\\\/distillery.com\\\/es\\\/#organization\",\"name\":\"Distillery\",\"url\":\"https:\\\/\\\/distillery.com\\\/es\\\/\",\"logo\":{\"@type\":\"ImageObject\",\"inLanguage\":\"es-ES\",\"@id\":\"https:\\\/\\\/distillery.com\\\/es\\\/#\\\/schema\\\/logo\\\/image\\\/\",\"url\":\"https:\\\/\\\/distillery.com\\\/wp-content\\\/uploads\\\/2023\\\/06\\\/Layer_1-27.svg\",\"contentUrl\":\"https:\\\/\\\/distillery.com\\\/wp-content\\\/uploads\\\/2023\\\/06\\\/Layer_1-27.svg\",\"width\":82,\"height\":106,\"caption\":\"Distillery\"},\"image\":{\"@id\":\"https:\\\/\\\/distillery.com\\\/es\\\/#\\\/schema\\\/logo\\\/image\\\/\"},\"sameAs\":[\"https:\\\/\\\/www.facebook.com\\\/DistilleryTech\",\"https:\\\/\\\/x.com\\\/DistilleryTech\",\"https:\\\/\\\/www.linkedin.com\\\/company\\\/Distillery-Tech\",\"https:\\\/\\\/www.instagram.com\\\/Distillery_Tech\\\/\"]}]}<\/script>\n<!-- \/ Yoast SEO plugin. -->","yoast_head_json":{"title":"Turbocharge Tomorrow Ep. 5: A todo gas, sin frenos","description":"\u00danete a Dan Ptak y Nicole Little para explorar el delicado equilibrio entre la r\u00e1pida innovaci\u00f3n tecnol\u00f3gica y la necesidad cr\u00edtica de protecci\u00f3n de los usuarios y la privacidad de los datos.","robots":{"index":"index","follow":"follow","max-snippet":"max-snippet:-1","max-image-preview":"max-image-preview:large","max-video-preview":"max-video-preview:-1"},"canonical":"https:\/\/distillery.com\/es\/episodio-no-5-a-todo-gas-sin-frenos\/","og_locale":"es_ES","og_type":"article","og_title":"Turbocharge Tomorrow Ep. 5: A todo gas, sin frenos","og_description":"\u00danete a Dan Ptak y Nicole Little para explorar el delicado equilibrio entre la r\u00e1pida innovaci\u00f3n tecnol\u00f3gica y la necesidad cr\u00edtica de protecci\u00f3n de los usuarios y la privacidad de los datos.","og_url":"https:\/\/distillery.com\/es\/episodio-no-5-a-todo-gas-sin-frenos\/","og_site_name":"Distillery","article_publisher":"https:\/\/www.facebook.com\/DistilleryTech","article_modified_time":"2025-12-20T12:43:04+00:00","og_image":[{"width":1706,"height":1706,"url":"https:\/\/distillery.com\/wp-content\/uploads\/2024\/10\/Headshot-2-episode-5-scaled-e1727872533989.jpg","type":"image\/jpeg"}],"twitter_card":"summary_large_image","twitter_site":"@DistilleryTech","twitter_misc":{"Tiempo de lectura":"7 minutos"},"schema":{"@context":"https:\/\/schema.org","@graph":[{"@type":"WebPage","@id":"https:\/\/distillery.com\/es\/episodio-no-5-a-todo-gas-sin-frenos\/","url":"https:\/\/distillery.com\/es\/episodio-no-5-a-todo-gas-sin-frenos\/","name":"Turbocharge Tomorrow Ep. 5: A todo gas, sin frenos","isPartOf":{"@id":"https:\/\/distillery.com\/es\/#website"},"primaryImageOfPage":{"@id":"https:\/\/distillery.com\/es\/episodio-no-5-a-todo-gas-sin-frenos\/#primaryimage"},"image":{"@id":"https:\/\/distillery.com\/es\/episodio-no-5-a-todo-gas-sin-frenos\/#primaryimage"},"thumbnailUrl":"https:\/\/distillery.com\/wp-content\/uploads\/2024\/10\/Headshot-2-episode-5-scaled-e1727872533989.jpg","datePublished":"2024-10-18T16:26:57+00:00","dateModified":"2025-12-20T12:43:04+00:00","description":"\u00danete a Dan Ptak y Nicole Little para explorar el delicado equilibrio entre la r\u00e1pida innovaci\u00f3n tecnol\u00f3gica y la necesidad cr\u00edtica de protecci\u00f3n de los usuarios y la privacidad de los datos.","breadcrumb":{"@id":"https:\/\/distillery.com\/es\/episodio-no-5-a-todo-gas-sin-frenos\/#breadcrumb"},"inLanguage":"es-ES","potentialAction":[{"@type":"ReadAction","target":["https:\/\/distillery.com\/es\/episodio-no-5-a-todo-gas-sin-frenos\/"]}]},{"@type":"ImageObject","inLanguage":"es-ES","@id":"https:\/\/distillery.com\/es\/episodio-no-5-a-todo-gas-sin-frenos\/#primaryimage","url":"https:\/\/distillery.com\/wp-content\/uploads\/2024\/10\/Headshot-2-episode-5-scaled-e1727872533989.jpg","contentUrl":"https:\/\/distillery.com\/wp-content\/uploads\/2024\/10\/Headshot-2-episode-5-scaled-e1727872533989.jpg","width":1706,"height":1706},{"@type":"BreadcrumbList","@id":"https:\/\/distillery.com\/es\/episodio-no-5-a-todo-gas-sin-frenos\/#breadcrumb","itemListElement":[{"@type":"ListItem","position":1,"name":"Home","item":"https:\/\/distillery.com\/es\/"},{"@type":"ListItem","position":2,"name":"Episodio n\u00ba 5: A todo gas, sin frenos"}]},{"@type":"WebSite","@id":"https:\/\/distillery.com\/es\/#website","url":"https:\/\/distillery.com\/es\/","name":"Distillery","description":"Distillery is an award-winning nearshore software development company. Our top-tier development talent guarantee the best results.","publisher":{"@id":"https:\/\/distillery.com\/es\/#organization"},"potentialAction":[{"@type":"SearchAction","target":{"@type":"EntryPoint","urlTemplate":"https:\/\/distillery.com\/es\/?s={search_term_string}"},"query-input":{"@type":"PropertyValueSpecification","valueRequired":true,"valueName":"search_term_string"}}],"inLanguage":"es-ES"},{"@type":"Organization","@id":"https:\/\/distillery.com\/es\/#organization","name":"Distillery","url":"https:\/\/distillery.com\/es\/","logo":{"@type":"ImageObject","inLanguage":"es-ES","@id":"https:\/\/distillery.com\/es\/#\/schema\/logo\/image\/","url":"https:\/\/distillery.com\/wp-content\/uploads\/2023\/06\/Layer_1-27.svg","contentUrl":"https:\/\/distillery.com\/wp-content\/uploads\/2023\/06\/Layer_1-27.svg","width":82,"height":106,"caption":"Distillery"},"image":{"@id":"https:\/\/distillery.com\/es\/#\/schema\/logo\/image\/"},"sameAs":["https:\/\/www.facebook.com\/DistilleryTech","https:\/\/x.com\/DistilleryTech","https:\/\/www.linkedin.com\/company\/Distillery-Tech","https:\/\/www.instagram.com\/Distillery_Tech\/"]}]}},"_links":{"self":[{"href":"https:\/\/distillery.com\/es\/wp-json\/wp\/v2\/pages\/255641","targetHints":{"allow":["GET"]}}],"collection":[{"href":"https:\/\/distillery.com\/es\/wp-json\/wp\/v2\/pages"}],"about":[{"href":"https:\/\/distillery.com\/es\/wp-json\/wp\/v2\/types\/page"}],"author":[{"embeddable":true,"href":"https:\/\/distillery.com\/es\/wp-json\/wp\/v2\/users\/20"}],"replies":[{"embeddable":true,"href":"https:\/\/distillery.com\/es\/wp-json\/wp\/v2\/comments?post=255641"}],"version-history":[{"count":0,"href":"https:\/\/distillery.com\/es\/wp-json\/wp\/v2\/pages\/255641\/revisions"}],"wp:featuredmedia":[{"embeddable":true,"href":"https:\/\/distillery.com\/es\/wp-json\/wp\/v2\/media\/255642"}],"wp:attachment":[{"href":"https:\/\/distillery.com\/es\/wp-json\/wp\/v2\/media?parent=255641"}],"curies":[{"name":"wp","href":"https:\/\/api.w.org\/{rel}","templated":true}]}}