{"id":324873,"date":"2024-11-07T18:40:34","date_gmt":"2024-11-07T18:40:34","guid":{"rendered":"https:\/\/distillery.com\/episodio-6-ia-cambio-de-juego-o-bombo-publicitario-toma-la-decision-correcta\/"},"modified":"2025-12-20T12:50:42","modified_gmt":"2025-12-20T12:50:42","slug":"episodio-6-ia-cambio-de-juego-o-bombo-publicitario-toma-la-decision-correcta","status":"publish","type":"page","link":"https:\/\/distillery.com\/es\/episodio-6-ia-cambio-de-juego-o-bombo-publicitario-toma-la-decision-correcta\/","title":{"rendered":"Episodio 6: IA: \u00bfcambio de juego o bombo publicitario? Toma la decisi\u00f3n correcta"},"content":{"rendered":"<p>[et_pb_section fb_built=&#8221;1&#8243; custom_padding_last_edited=&#8221;on|phone&#8221; _builder_version=&#8221;4.24.2&#8243; _module_preset=&#8221;default&#8221; background_color=&#8221;gcid-fa5717dc-1d9d-4f54-9b8a-eb04dc2efe68&#8243; background_image=&#8221;https:\/\/distillery.com\/wp-content\/uploads\/2025\/12\/abstract-blue-background-with-stars-ai-generate-17.webp&#8221; custom_margin=&#8221;-39px|||||&#8221; custom_padding=&#8221;149px||149px||true|false&#8221; custom_padding_tablet=&#8221;100px||100px||true|false&#8221; custom_padding_phone=&#8221;50px||50px||true|false&#8221; background_last_edited=&#8221;on|phone&#8221; global_colors_info=&#8221;{%22gcid-fa5717dc-1d9d-4f54-9b8a-eb04dc2efe68%22:%91%22background_color%22,%22background_color%22,%22background_color%22,%22background_color%22%93}&#8221; theme_builder_area=&#8221;post_content&#8221;][et_pb_row custom_padding_last_edited=&#8221;on|phone&#8221; _builder_version=&#8221;4.24.2&#8243; _module_preset=&#8221;default&#8221; width=&#8221;90%&#8221; max_width=&#8221;90%&#8221; custom_padding=&#8221;0px|||||&#8221; custom_padding_tablet=&#8221;&#8221; custom_padding_phone=&#8221;||0px||false|false&#8221; global_colors_info=&#8221;{}&#8221; theme_builder_area=&#8221;post_content&#8221;][et_pb_column type=&#8221;4_4&#8243; _builder_version=&#8221;4.23.2&#8243; _module_preset=&#8221;default&#8221; global_colors_info=&#8221;{}&#8221; theme_builder_area=&#8221;post_content&#8221;][et_pb_text _builder_version=&#8221;4.25.1&#8243; _module_preset=&#8221;default&#8221; text_text_color=&#8221;#020202&#8243; text_font_size=&#8221;28px&#8221; text_line_height=&#8221;1.6em&#8221; header_text_color=&#8221;#111111&#8243; header_font_size=&#8221;72px&#8221; header_2_text_color=&#8221;#FFFFFF&#8221; header_2_font_size=&#8221;24px&#8221; header_3_text_color=&#8221;#ffffff&#8221; header_3_font_size=&#8221;16px&#8221; custom_margin=&#8221;||0px||false|false&#8221; custom_padding=&#8221;50px||0px||false|false&#8221; text_font_size_tablet=&#8221;28px&#8221; text_font_size_phone=&#8221;24px&#8221; text_font_size_last_edited=&#8221;on|phone&#8221; header_font_size_tablet=&#8221;80px&#8221; header_font_size_phone=&#8221;40px&#8221; header_font_size_last_edited=&#8221;on|desktop&#8221; custom_css_free_form=&#8221;@media screen and (max-width: 768px){||  selector br{||  display:none||}||}&#8221; global_colors_info=&#8221;{}&#8221; content__hover_enabled=&#8221;off|desktop&#8221; content__hover=&#8221;<\/p>\n<h1><span> <\/span><\/h1>\n<p><span>Hay una forma m\u00e1s inteligente de escribir software:<br \/>y lo sabemos.<\/span><\/p>\n<p>&#8221; theme_builder_area=&#8221;post_content&#8221;]<\/p>\n<h3 style=\"text-align: center;\">CHARLAS AL AIRE LIBRE SOBRE CRECIMIENTO ESTRAT\u00c9GICO<\/h3>\n<p>[\/et_pb_text][et_pb_image src=&#8221;https:\/\/distillery.com\/wp-content\/uploads\/2024\/08\/TT-Logo-01.png&#8221; title_text=&#8221;TT-Logo-01&#8243; align=&#8221;center&#8221; _builder_version=&#8221;4.25.1&#8243; _module_preset=&#8221;default&#8221; width=&#8221;71%&#8221; global_colors_info=&#8221;{}&#8221; theme_builder_area=&#8221;post_content&#8221;][\/et_pb_image][et_pb_text _builder_version=&#8221;4.27.4&#8243; _module_preset=&#8221;default&#8221; text_text_color=&#8221;#ffffff&#8221; text_font_size=&#8221;20px&#8221; text_line_height=&#8221;1.6em&#8221; header_text_color=&#8221;#111111&#8243; header_font_size=&#8221;72px&#8221; header_2_text_color=&#8221;#FFFFFF&#8221; header_2_font_size=&#8221;24px&#8221; width=&#8221;70%&#8221; width_tablet=&#8221;70%&#8221; width_phone=&#8221;70%&#8221; width_last_edited=&#8221;on|desktop&#8221; module_alignment=&#8221;center&#8221; custom_padding=&#8221;0px||0px||false|false&#8221; text_font_size_tablet=&#8221;20px&#8221; text_font_size_phone=&#8221;20px&#8221; text_font_size_last_edited=&#8221;on|phone&#8221; header_font_size_tablet=&#8221;80px&#8221; header_font_size_phone=&#8221;40px&#8221; header_font_size_last_edited=&#8221;on|desktop&#8221; custom_css_free_form=&#8221;@media screen and (max-width: 768px){||  selector br{||  display:none||}||}&#8221; global_colors_info=&#8221;{}&#8221; content__hover_enabled=&#8221;off|desktop&#8221; content__hover=&#8221;<\/p>\n<h1><span> <\/span><\/h1>\n<p><span>Hay una forma m\u00e1s inteligente de escribir software:<br \/>y lo sabemos.<\/span><\/p>\n<p>&#8221; theme_builder_area=&#8221;post_content&#8221;]<\/p>\n<p style=\"text-align: center;\"><span style=\"font-weight: 400;\">Acomp\u00e1\u00f1anos en el Episodio 6 de <em>Turbocharge<\/em> Tomorrow mientras Ariel Jalali y Dylan Steinman, de Paragon, se abren paso a trav\u00e9s del bombo de la IA, ofreciendo una orientaci\u00f3n clara sobre la adopci\u00f3n de la tecnolog\u00eda adecuada y el uso de la IA para potenciar, no sustituir, el talento humano. Perfecto para los l\u00edderes que equilibran la innovaci\u00f3n con los fundamentos empresariales. <\/span><\/p>\n<p>[\/et_pb_text][\/et_pb_column][\/et_pb_row][\/et_pb_section][et_pb_section fb_built=&#8221;1&#8243; _builder_version=&#8221;4.24.2&#8243; _module_preset=&#8221;default&#8221; background_image=&#8221;https:\/\/distillery.com\/wp-content\/uploads\/2024\/04\/bg_content-1.jpg&#8221; global_colors_info=&#8221;{}&#8221; theme_builder_area=&#8221;post_content&#8221;][et_pb_row _builder_version=&#8221;4.24.2&#8243; _module_preset=&#8221;default&#8221; global_colors_info=&#8221;{}&#8221; theme_builder_area=&#8221;post_content&#8221;][et_pb_column type=&#8221;4_4&#8243; _builder_version=&#8221;4.24.2&#8243; _module_preset=&#8221;default&#8221; global_colors_info=&#8221;{}&#8221; theme_builder_area=&#8221;post_content&#8221;][et_pb_text _builder_version=&#8221;4.27.2&#8243; _module_preset=&#8221;default&#8221; text_text_color=&#8221;#FFFFFF&#8221; header_2_text_color=&#8221;#FFFFFF&#8221; global_colors_info=&#8221;{}&#8221; theme_builder_area=&#8221;post_content&#8221;]<\/p>\n<h2 style=\"text-align: center;\">Episodio 6: IA: \u00bfcambio de juego o bombo publicitario? Toma la decisi\u00f3n correcta <\/h2>\n<p style=\"text-align: center;\"><span style=\"font-weight: 400;\">Acomp\u00e1\u00f1anos en el Episodio 6 de Turbocharge Tomorrow mientras nos sumergimos en la realidad que se esconde tras el bombo de la IA con Ariel Jalali, Consejero Delegado y Cofundador de Paragon, y Dylan Steinman, Director de Operaciones de Paragon. Mientras la IA sigue dominando los debates tecnol\u00f3gicos, exploramos c\u00f3mo discernir su verdadero impacto y cu\u00e1ndo es apropiado integrar la IA generativa frente a las herramientas tradicionales de aprendizaje autom\u00e1tico. Ariel y Dylan comparten marcos para tomar decisiones informadas sobre la adopci\u00f3n de la IA, explican la importancia de centrarse en la gesti\u00f3n de los datos fundamentales y debaten c\u00f3mo las organizaciones pueden aprovechar la IA para potenciar el talento humano en lugar de sustituirlo. Este episodio est\u00e1 repleto de consejos pr\u00e1cticos para los l\u00edderes tecnol\u00f3gicos que buscan impulsar la innovaci\u00f3n sin perder de vista los fundamentos empresariales.<br \/>\n<\/span><\/p>\n<p>[\/et_pb_text][\/et_pb_column][\/et_pb_row][\/et_pb_section][et_pb_section fb_built=&#8221;1&#8243; _builder_version=&#8221;4.24.2&#8243; _module_preset=&#8221;default&#8221; custom_padding=&#8221;||||false|false&#8221; global_colors_info=&#8221;{}&#8221; theme_builder_area=&#8221;post_content&#8221;][et_pb_row column_structure=&#8221;1_5,3_5,1_5&#8243; _builder_version=&#8221;4.25.1&#8243; _module_preset=&#8221;default&#8221; custom_padding=&#8221;0px||0px||false|false&#8221; global_colors_info=&#8221;{}&#8221; theme_builder_area=&#8221;post_content&#8221;][et_pb_column type=&#8221;1_5&#8243; _builder_version=&#8221;4.24.2&#8243; _module_preset=&#8221;default&#8221; z_index=&#8221;1&#8243; global_colors_info=&#8221;{}&#8221; theme_builder_area=&#8221;post_content&#8221;][\/et_pb_column][et_pb_column type=&#8221;3_5&#8243; _builder_version=&#8221;4.25.1&#8243; _module_preset=&#8221;default&#8221; z_index=&#8221;1&#8243; global_colors_info=&#8221;{}&#8221; theme_builder_area=&#8221;post_content&#8221;][et_pb_video src=&#8221;https:\/\/www.youtube.com\/watch?v=DgQgI1dl1XI&#038;feature=youtu.be&#8221; _builder_version=&#8221;4.27.2&#8243; _module_preset=&#8221;default&#8221; z_index=&#8221;1&#8243; global_colors_info=&#8221;{}&#8221; theme_builder_area=&#8221;post_content&#8221;][\/et_pb_video][\/et_pb_column][et_pb_column type=&#8221;1_5&#8243; _builder_version=&#8221;4.24.2&#8243; _module_preset=&#8221;default&#8221; z_index=&#8221;1&#8243; global_colors_info=&#8221;{}&#8221; theme_builder_area=&#8221;post_content&#8221;][\/et_pb_column][\/et_pb_row][et_pb_row column_structure=&#8221;1_5,3_5,1_5&#8243; _builder_version=&#8221;4.24.2&#8243; _module_preset=&#8221;default&#8221; global_colors_info=&#8221;{}&#8221; theme_builder_area=&#8221;post_content&#8221;][et_pb_column type=&#8221;1_5&#8243; _builder_version=&#8221;4.24.2&#8243; _module_preset=&#8221;default&#8221; global_colors_info=&#8221;{}&#8221; theme_builder_area=&#8221;post_content&#8221;][\/et_pb_column][et_pb_column type=&#8221;3_5&#8243; _builder_version=&#8221;4.24.2&#8243; _module_preset=&#8221;default&#8221; global_colors_info=&#8221;{}&#8221; theme_builder_area=&#8221;post_content&#8221;][et_pb_text _builder_version=&#8221;4.27.2&#8243; _module_preset=&#8221;default&#8221; text_font_size=&#8221;20px&#8221; text_line_height=&#8221;1.8em&#8221; width=&#8221;100%&#8221; global_colors_info=&#8221;{}&#8221; theme_builder_area=&#8221;post_content&#8221;]<\/p>\n<h2 style=\"text-align: center;\"><b>Episodio destacado:<\/b><\/h2>\n<p style=\"text-align: center;\"><span style=\"font-weight: 400;\">En este episodio, Ariel y Dylan profundizan en c\u00f3mo las organizaciones deben abordar estrat\u00e9gicamente la integraci\u00f3n de la IA. Ariel subraya que la IA es s\u00f3lo una herramienta entre muchas otras, y que debe utilizarse cuidadosamente, no como una soluci\u00f3n universal. Introduce el marco de &#8220;agente frente a copiloto&#8221; para ayudar a los l\u00edderes a decidir si la IA debe ayudar a los equipos o automatizar las tareas por completo. Dylan subraya que el \u00e9xito de la IA depende de unas pr\u00e1cticas s\u00f3lidas de gesti\u00f3n de datos, y afirma que las organizaciones a menudo ya disponen de los datos que necesitan para obtener ganancias r\u00e1pidas si se utilizan correctamente.   <br \/><\/span><\/p>\n<p style=\"text-align: center;\"><span style=\"font-weight: 400;\">La conversaci\u00f3n tambi\u00e9n aborda los posibles escollos de exagerar la IA y el valor de centrarse en soluciones centradas en el cliente. Ariel cuenta la historia de un producto tecnol\u00f3gicamente impresionante que fracas\u00f3 porque no se ajustaba a las necesidades de los clientes, una lecci\u00f3n para que los l\u00edderes se centren en resolver los problemas reales de las empresas. Dylan a\u00f1ade que aunque las empresas no se sientan preparadas para una integraci\u00f3n total de la IA, pueden empezar con los datos que ya tienen para hacer mejoras incrementales y construir su viaje hacia la IA.  <\/span><\/p>\n<p>[\/et_pb_text][\/et_pb_column][et_pb_column type=&#8221;1_5&#8243; _builder_version=&#8221;4.24.2&#8243; _module_preset=&#8221;default&#8221; global_colors_info=&#8221;{}&#8221; theme_builder_area=&#8221;post_content&#8221;][\/et_pb_column][\/et_pb_row][\/et_pb_section][et_pb_section fb_built=&#8221;1&#8243; _builder_version=&#8221;4.24.2&#8243; _module_preset=&#8221;default&#8221; background_image=&#8221;https:\/\/distillery.com\/wp-content\/uploads\/2024\/04\/bg_content-1.jpg&#8221; locked=&#8221;off&#8221; global_colors_info=&#8221;{}&#8221; theme_builder_area=&#8221;post_content&#8221;][et_pb_row _builder_version=&#8221;4.24.2&#8243; _module_preset=&#8221;default&#8221; global_colors_info=&#8221;{}&#8221; theme_builder_area=&#8221;post_content&#8221;][et_pb_column type=&#8221;4_4&#8243; _builder_version=&#8221;4.24.2&#8243; _module_preset=&#8221;default&#8221; global_colors_info=&#8221;{}&#8221; theme_builder_area=&#8221;post_content&#8221;][et_pb_button button_url=&#8221;https:\/\/distillery.com\/distillery-compound&#8221; button_text=&#8221;VOLVER A TODOS LOS EPISODIOS  &#8221; button_alignment=&#8221;center&#8221; _builder_version=&#8221;4.25.1&#8243; _module_preset=&#8221;default&#8221; custom_button=&#8221;on&#8221; button_text_color=&#8221;#124ec6&#8243; button_bg_color=&#8221;#FFFFFF&#8221; button_font=&#8221;|600|||||||&#8221; global_colors_info=&#8221;{}&#8221; theme_builder_area=&#8221;post_content&#8221;][\/et_pb_button][\/et_pb_column][\/et_pb_row][\/et_pb_section]<\/p>\n","protected":false},"excerpt":{"rendered":"<p>CHARLAS AL AIRE LIBRE SOBRE CRECIMIENTO ESTRAT\u00c9GICOAcomp\u00e1\u00f1anos en el Episodio 6 de Turbocharge Tomorrow mientras Ariel Jalali y Dylan Steinman, de Paragon, se abren paso a trav\u00e9s del bombo de [&hellip;]<\/p>\n","protected":false},"author":20,"featured_media":324874,"parent":0,"menu_order":3,"comment_status":"closed","ping_status":"closed","template":"","meta":{"_acf_changed":false,"_et_pb_use_builder":"on","_et_pb_old_content":"","_et_gb_content_width":"","content-type":"","footnotes":"","_wp_rev_ctl_limit":""},"class_list":["post-324873","page","type-page","status-publish","has-post-thumbnail","hentry"],"acf":[],"yoast_head":"<!-- This site is optimized with the Yoast SEO plugin v27.3 - https:\/\/yoast.com\/product\/yoast-seo-wordpress\/ -->\n<title>Turbocharge Tomorrow Ep. 6: IA: \u00bfcambio de juego o bombo publicitario?<\/title>\n<meta name=\"description\" content=\"Acomp\u00e1\u00f1anos en el Episodio 6 de Turbocharge Tomorrow mientras Ariel Jalali y Dylan Steinman, de Paragon, se abren paso a trav\u00e9s del bombo de la IA, ofreciendo una orientaci\u00f3n clara sobre la adopci\u00f3n de la tecnolog\u00eda adecuada y el uso de la IA para potenciar, no sustituir, el talento humano. Perfecto para los l\u00edderes que equilibran la innovaci\u00f3n con los fundamentos empresariales.\" \/>\n<meta name=\"robots\" content=\"index, follow, max-snippet:-1, max-image-preview:large, max-video-preview:-1\" \/>\n<link rel=\"canonical\" href=\"https:\/\/distillery.com\/es\/episodio-6-ia-cambio-de-juego-o-bombo-publicitario-toma-la-decision-correcta\/\" \/>\n<meta property=\"og:locale\" content=\"es_ES\" \/>\n<meta property=\"og:type\" content=\"article\" \/>\n<meta property=\"og:title\" content=\"Turbocharge Tomorrow Ep. 6: IA: \u00bfcambio de juego o bombo publicitario?\" \/>\n<meta property=\"og:description\" content=\"Acomp\u00e1\u00f1anos en el Episodio 6 de Turbocharge Tomorrow mientras Ariel Jalali y Dylan Steinman, de Paragon, se abren paso a trav\u00e9s del bombo de la IA, ofreciendo una orientaci\u00f3n clara sobre la adopci\u00f3n de la tecnolog\u00eda adecuada y el uso de la IA para potenciar, no sustituir, el talento humano. Perfecto para los l\u00edderes que equilibran la innovaci\u00f3n con los fundamentos empresariales.\" \/>\n<meta property=\"og:url\" content=\"https:\/\/distillery.com\/es\/episodio-6-ia-cambio-de-juego-o-bombo-publicitario-toma-la-decision-correcta\/\" \/>\n<meta property=\"og:site_name\" content=\"Distillery\" \/>\n<meta property=\"article:publisher\" content=\"https:\/\/www.facebook.com\/DistilleryTech\" \/>\n<meta property=\"article:modified_time\" content=\"2025-12-20T12:50:42+00:00\" \/>\n<meta property=\"og:image\" content=\"https:\/\/distillery.com\/wp-content\/uploads\/2024\/11\/Distillery-Turbocharge-Tomorrow-Episode-6-Thumbnail.jpg\" \/>\n\t<meta property=\"og:image:width\" content=\"960\" \/>\n\t<meta property=\"og:image:height\" content=\"540\" \/>\n\t<meta property=\"og:image:type\" content=\"image\/jpeg\" \/>\n<meta name=\"twitter:card\" content=\"summary_large_image\" \/>\n<meta name=\"twitter:site\" content=\"@DistilleryTech\" \/>\n<meta name=\"twitter:label1\" content=\"Tiempo de lectura\" \/>\n\t<meta name=\"twitter:data1\" content=\"7 minutos\" \/>\n<script type=\"application\/ld+json\" class=\"yoast-schema-graph\">{\"@context\":\"https:\\\/\\\/schema.org\",\"@graph\":[{\"@type\":\"WebPage\",\"@id\":\"https:\\\/\\\/distillery.com\\\/es\\\/episodio-6-ia-cambio-de-juego-o-bombo-publicitario-toma-la-decision-correcta\\\/\",\"url\":\"https:\\\/\\\/distillery.com\\\/es\\\/episodio-6-ia-cambio-de-juego-o-bombo-publicitario-toma-la-decision-correcta\\\/\",\"name\":\"Turbocharge Tomorrow Ep. 6: IA: \u00bfcambio de juego o bombo publicitario?\",\"isPartOf\":{\"@id\":\"https:\\\/\\\/distillery.com\\\/es\\\/#website\"},\"primaryImageOfPage\":{\"@id\":\"https:\\\/\\\/distillery.com\\\/es\\\/episodio-6-ia-cambio-de-juego-o-bombo-publicitario-toma-la-decision-correcta\\\/#primaryimage\"},\"image\":{\"@id\":\"https:\\\/\\\/distillery.com\\\/es\\\/episodio-6-ia-cambio-de-juego-o-bombo-publicitario-toma-la-decision-correcta\\\/#primaryimage\"},\"thumbnailUrl\":\"https:\\\/\\\/distillery.com\\\/wp-content\\\/uploads\\\/2024\\\/11\\\/Distillery-Turbocharge-Tomorrow-Episode-6-Thumbnail.jpg\",\"datePublished\":\"2024-11-07T18:40:34+00:00\",\"dateModified\":\"2025-12-20T12:50:42+00:00\",\"description\":\"Acomp\u00e1\u00f1anos en el Episodio 6 de Turbocharge Tomorrow mientras Ariel Jalali y Dylan Steinman, de Paragon, se abren paso a trav\u00e9s del bombo de la IA, ofreciendo una orientaci\u00f3n clara sobre la adopci\u00f3n de la tecnolog\u00eda adecuada y el uso de la IA para potenciar, no sustituir, el talento humano. Perfecto para los l\u00edderes que equilibran la innovaci\u00f3n con los fundamentos empresariales.\",\"breadcrumb\":{\"@id\":\"https:\\\/\\\/distillery.com\\\/es\\\/episodio-6-ia-cambio-de-juego-o-bombo-publicitario-toma-la-decision-correcta\\\/#breadcrumb\"},\"inLanguage\":\"es-ES\",\"potentialAction\":[{\"@type\":\"ReadAction\",\"target\":[\"https:\\\/\\\/distillery.com\\\/es\\\/episodio-6-ia-cambio-de-juego-o-bombo-publicitario-toma-la-decision-correcta\\\/\"]}]},{\"@type\":\"ImageObject\",\"inLanguage\":\"es-ES\",\"@id\":\"https:\\\/\\\/distillery.com\\\/es\\\/episodio-6-ia-cambio-de-juego-o-bombo-publicitario-toma-la-decision-correcta\\\/#primaryimage\",\"url\":\"https:\\\/\\\/distillery.com\\\/wp-content\\\/uploads\\\/2024\\\/11\\\/Distillery-Turbocharge-Tomorrow-Episode-6-Thumbnail.jpg\",\"contentUrl\":\"https:\\\/\\\/distillery.com\\\/wp-content\\\/uploads\\\/2024\\\/11\\\/Distillery-Turbocharge-Tomorrow-Episode-6-Thumbnail.jpg\",\"width\":960,\"height\":540},{\"@type\":\"BreadcrumbList\",\"@id\":\"https:\\\/\\\/distillery.com\\\/es\\\/episodio-6-ia-cambio-de-juego-o-bombo-publicitario-toma-la-decision-correcta\\\/#breadcrumb\",\"itemListElement\":[{\"@type\":\"ListItem\",\"position\":1,\"name\":\"Home\",\"item\":\"https:\\\/\\\/distillery.com\\\/es\\\/\"},{\"@type\":\"ListItem\",\"position\":2,\"name\":\"Episodio 6: IA: \u00bfcambio de juego o bombo publicitario? Toma la decisi\u00f3n correcta\"}]},{\"@type\":\"WebSite\",\"@id\":\"https:\\\/\\\/distillery.com\\\/es\\\/#website\",\"url\":\"https:\\\/\\\/distillery.com\\\/es\\\/\",\"name\":\"Distillery\",\"description\":\"Distillery is an award-winning nearshore software development company. Our top-tier development talent guarantee the best results.\",\"publisher\":{\"@id\":\"https:\\\/\\\/distillery.com\\\/es\\\/#organization\"},\"potentialAction\":[{\"@type\":\"SearchAction\",\"target\":{\"@type\":\"EntryPoint\",\"urlTemplate\":\"https:\\\/\\\/distillery.com\\\/es\\\/?s={search_term_string}\"},\"query-input\":{\"@type\":\"PropertyValueSpecification\",\"valueRequired\":true,\"valueName\":\"search_term_string\"}}],\"inLanguage\":\"es-ES\"},{\"@type\":\"Organization\",\"@id\":\"https:\\\/\\\/distillery.com\\\/es\\\/#organization\",\"name\":\"Distillery\",\"url\":\"https:\\\/\\\/distillery.com\\\/es\\\/\",\"logo\":{\"@type\":\"ImageObject\",\"inLanguage\":\"es-ES\",\"@id\":\"https:\\\/\\\/distillery.com\\\/es\\\/#\\\/schema\\\/logo\\\/image\\\/\",\"url\":\"https:\\\/\\\/distillery.com\\\/wp-content\\\/uploads\\\/2023\\\/06\\\/Layer_1-27.svg\",\"contentUrl\":\"https:\\\/\\\/distillery.com\\\/wp-content\\\/uploads\\\/2023\\\/06\\\/Layer_1-27.svg\",\"width\":82,\"height\":106,\"caption\":\"Distillery\"},\"image\":{\"@id\":\"https:\\\/\\\/distillery.com\\\/es\\\/#\\\/schema\\\/logo\\\/image\\\/\"},\"sameAs\":[\"https:\\\/\\\/www.facebook.com\\\/DistilleryTech\",\"https:\\\/\\\/x.com\\\/DistilleryTech\",\"https:\\\/\\\/www.linkedin.com\\\/company\\\/Distillery-Tech\",\"https:\\\/\\\/www.instagram.com\\\/Distillery_Tech\\\/\"]}]}<\/script>\n<!-- \/ Yoast SEO plugin. -->","yoast_head_json":{"title":"Turbocharge Tomorrow Ep. 6: IA: \u00bfcambio de juego o bombo publicitario?","description":"Acomp\u00e1\u00f1anos en el Episodio 6 de Turbocharge Tomorrow mientras Ariel Jalali y Dylan Steinman, de Paragon, se abren paso a trav\u00e9s del bombo de la IA, ofreciendo una orientaci\u00f3n clara sobre la adopci\u00f3n de la tecnolog\u00eda adecuada y el uso de la IA para potenciar, no sustituir, el talento humano. Perfecto para los l\u00edderes que equilibran la innovaci\u00f3n con los fundamentos empresariales.","robots":{"index":"index","follow":"follow","max-snippet":"max-snippet:-1","max-image-preview":"max-image-preview:large","max-video-preview":"max-video-preview:-1"},"canonical":"https:\/\/distillery.com\/es\/episodio-6-ia-cambio-de-juego-o-bombo-publicitario-toma-la-decision-correcta\/","og_locale":"es_ES","og_type":"article","og_title":"Turbocharge Tomorrow Ep. 6: IA: \u00bfcambio de juego o bombo publicitario?","og_description":"Acomp\u00e1\u00f1anos en el Episodio 6 de Turbocharge Tomorrow mientras Ariel Jalali y Dylan Steinman, de Paragon, se abren paso a trav\u00e9s del bombo de la IA, ofreciendo una orientaci\u00f3n clara sobre la adopci\u00f3n de la tecnolog\u00eda adecuada y el uso de la IA para potenciar, no sustituir, el talento humano. Perfecto para los l\u00edderes que equilibran la innovaci\u00f3n con los fundamentos empresariales.","og_url":"https:\/\/distillery.com\/es\/episodio-6-ia-cambio-de-juego-o-bombo-publicitario-toma-la-decision-correcta\/","og_site_name":"Distillery","article_publisher":"https:\/\/www.facebook.com\/DistilleryTech","article_modified_time":"2025-12-20T12:50:42+00:00","og_image":[{"width":960,"height":540,"url":"https:\/\/distillery.com\/wp-content\/uploads\/2024\/11\/Distillery-Turbocharge-Tomorrow-Episode-6-Thumbnail.jpg","type":"image\/jpeg"}],"twitter_card":"summary_large_image","twitter_site":"@DistilleryTech","twitter_misc":{"Tiempo de lectura":"7 minutos"},"schema":{"@context":"https:\/\/schema.org","@graph":[{"@type":"WebPage","@id":"https:\/\/distillery.com\/es\/episodio-6-ia-cambio-de-juego-o-bombo-publicitario-toma-la-decision-correcta\/","url":"https:\/\/distillery.com\/es\/episodio-6-ia-cambio-de-juego-o-bombo-publicitario-toma-la-decision-correcta\/","name":"Turbocharge Tomorrow Ep. 6: IA: \u00bfcambio de juego o bombo publicitario?","isPartOf":{"@id":"https:\/\/distillery.com\/es\/#website"},"primaryImageOfPage":{"@id":"https:\/\/distillery.com\/es\/episodio-6-ia-cambio-de-juego-o-bombo-publicitario-toma-la-decision-correcta\/#primaryimage"},"image":{"@id":"https:\/\/distillery.com\/es\/episodio-6-ia-cambio-de-juego-o-bombo-publicitario-toma-la-decision-correcta\/#primaryimage"},"thumbnailUrl":"https:\/\/distillery.com\/wp-content\/uploads\/2024\/11\/Distillery-Turbocharge-Tomorrow-Episode-6-Thumbnail.jpg","datePublished":"2024-11-07T18:40:34+00:00","dateModified":"2025-12-20T12:50:42+00:00","description":"Acomp\u00e1\u00f1anos en el Episodio 6 de Turbocharge Tomorrow mientras Ariel Jalali y Dylan Steinman, de Paragon, se abren paso a trav\u00e9s del bombo de la IA, ofreciendo una orientaci\u00f3n clara sobre la adopci\u00f3n de la tecnolog\u00eda adecuada y el uso de la IA para potenciar, no sustituir, el talento humano. Perfecto para los l\u00edderes que equilibran la innovaci\u00f3n con los fundamentos empresariales.","breadcrumb":{"@id":"https:\/\/distillery.com\/es\/episodio-6-ia-cambio-de-juego-o-bombo-publicitario-toma-la-decision-correcta\/#breadcrumb"},"inLanguage":"es-ES","potentialAction":[{"@type":"ReadAction","target":["https:\/\/distillery.com\/es\/episodio-6-ia-cambio-de-juego-o-bombo-publicitario-toma-la-decision-correcta\/"]}]},{"@type":"ImageObject","inLanguage":"es-ES","@id":"https:\/\/distillery.com\/es\/episodio-6-ia-cambio-de-juego-o-bombo-publicitario-toma-la-decision-correcta\/#primaryimage","url":"https:\/\/distillery.com\/wp-content\/uploads\/2024\/11\/Distillery-Turbocharge-Tomorrow-Episode-6-Thumbnail.jpg","contentUrl":"https:\/\/distillery.com\/wp-content\/uploads\/2024\/11\/Distillery-Turbocharge-Tomorrow-Episode-6-Thumbnail.jpg","width":960,"height":540},{"@type":"BreadcrumbList","@id":"https:\/\/distillery.com\/es\/episodio-6-ia-cambio-de-juego-o-bombo-publicitario-toma-la-decision-correcta\/#breadcrumb","itemListElement":[{"@type":"ListItem","position":1,"name":"Home","item":"https:\/\/distillery.com\/es\/"},{"@type":"ListItem","position":2,"name":"Episodio 6: IA: \u00bfcambio de juego o bombo publicitario? Toma la decisi\u00f3n correcta"}]},{"@type":"WebSite","@id":"https:\/\/distillery.com\/es\/#website","url":"https:\/\/distillery.com\/es\/","name":"Distillery","description":"Distillery is an award-winning nearshore software development company. Our top-tier development talent guarantee the best results.","publisher":{"@id":"https:\/\/distillery.com\/es\/#organization"},"potentialAction":[{"@type":"SearchAction","target":{"@type":"EntryPoint","urlTemplate":"https:\/\/distillery.com\/es\/?s={search_term_string}"},"query-input":{"@type":"PropertyValueSpecification","valueRequired":true,"valueName":"search_term_string"}}],"inLanguage":"es-ES"},{"@type":"Organization","@id":"https:\/\/distillery.com\/es\/#organization","name":"Distillery","url":"https:\/\/distillery.com\/es\/","logo":{"@type":"ImageObject","inLanguage":"es-ES","@id":"https:\/\/distillery.com\/es\/#\/schema\/logo\/image\/","url":"https:\/\/distillery.com\/wp-content\/uploads\/2023\/06\/Layer_1-27.svg","contentUrl":"https:\/\/distillery.com\/wp-content\/uploads\/2023\/06\/Layer_1-27.svg","width":82,"height":106,"caption":"Distillery"},"image":{"@id":"https:\/\/distillery.com\/es\/#\/schema\/logo\/image\/"},"sameAs":["https:\/\/www.facebook.com\/DistilleryTech","https:\/\/x.com\/DistilleryTech","https:\/\/www.linkedin.com\/company\/Distillery-Tech","https:\/\/www.instagram.com\/Distillery_Tech\/"]}]}},"_links":{"self":[{"href":"https:\/\/distillery.com\/es\/wp-json\/wp\/v2\/pages\/324873","targetHints":{"allow":["GET"]}}],"collection":[{"href":"https:\/\/distillery.com\/es\/wp-json\/wp\/v2\/pages"}],"about":[{"href":"https:\/\/distillery.com\/es\/wp-json\/wp\/v2\/types\/page"}],"author":[{"embeddable":true,"href":"https:\/\/distillery.com\/es\/wp-json\/wp\/v2\/users\/20"}],"replies":[{"embeddable":true,"href":"https:\/\/distillery.com\/es\/wp-json\/wp\/v2\/comments?post=324873"}],"version-history":[{"count":0,"href":"https:\/\/distillery.com\/es\/wp-json\/wp\/v2\/pages\/324873\/revisions"}],"wp:featuredmedia":[{"embeddable":true,"href":"https:\/\/distillery.com\/es\/wp-json\/wp\/v2\/media\/324874"}],"wp:attachment":[{"href":"https:\/\/distillery.com\/es\/wp-json\/wp\/v2\/media?parent=324873"}],"curies":[{"name":"wp","href":"https:\/\/api.w.org\/{rel}","templated":true}]}}