{"id":433957,"date":"2025-12-20T10:14:59","date_gmt":"2025-12-20T10:14:59","guid":{"rendered":"https:\/\/distillery.com\/episodio-10-generar-confianza-en-la-era-de-los-avatares-de-la-ia\/"},"modified":"2025-12-20T10:21:02","modified_gmt":"2025-12-20T10:21:02","slug":"episodio-10-generar-confianza-en-la-era-de-los-avatares-de-la-ia","status":"publish","type":"page","link":"https:\/\/distillery.com\/es\/episodio-10-generar-confianza-en-la-era-de-los-avatares-de-la-ia\/","title":{"rendered":"Episodio 10: Generar confianza en la era de los avatares de la IA"},"content":{"rendered":"<p>[et_pb_section fb_built=&#8221;1&#8243; custom_padding_last_edited=&#8221;on|phone&#8221; _builder_version=&#8221;4.24.2&#8243; _module_preset=&#8221;default&#8221; background_color=&#8221;gcid-fa5717dc-1d9d-4f54-9b8a-eb04dc2efe68&#8243; background_image=&#8221;https:\/\/distillery.com\/wp-content\/uploads\/2025\/12\/abstract-blue-background-with-stars-ai-generate-3.webp&#8221; custom_margin=&#8221;-39px|||||&#8221; custom_padding=&#8221;149px||149px||true|false&#8221; custom_padding_tablet=&#8221;100px||100px||true|false&#8221; custom_padding_phone=&#8221;50px||50px||true|false&#8221; background_last_edited=&#8221;on|phone&#8221; global_colors_info=&#8221;{%22gcid-fa5717dc-1d9d-4f54-9b8a-eb04dc2efe68%22:%91%22background_color%22,%22background_color%22,%22background_color%22,%22background_color%22%93}&#8221; theme_builder_area=&#8221;post_content&#8221;][et_pb_row custom_padding_last_edited=&#8221;on|phone&#8221; _builder_version=&#8221;4.24.2&#8243; _module_preset=&#8221;default&#8221; width=&#8221;90%&#8221; max_width=&#8221;90%&#8221; custom_padding=&#8221;0px|||||&#8221; custom_padding_tablet=&#8221;&#8221; custom_padding_phone=&#8221;||0px||false|false&#8221; global_colors_info=&#8221;{}&#8221; theme_builder_area=&#8221;post_content&#8221;][et_pb_column type=&#8221;4_4&#8243; _builder_version=&#8221;4.23.2&#8243; _module_preset=&#8221;default&#8221; global_colors_info=&#8221;{}&#8221; theme_builder_area=&#8221;post_content&#8221;][et_pb_text _builder_version=&#8221;4.25.1&#8243; _module_preset=&#8221;default&#8221; text_text_color=&#8221;#020202&#8243; text_font_size=&#8221;28px&#8221; text_line_height=&#8221;1.6em&#8221; header_text_color=&#8221;#111111&#8243; header_font_size=&#8221;72px&#8221; header_2_text_color=&#8221;#FFFFFF&#8221; header_2_font_size=&#8221;24px&#8221; header_3_text_color=&#8221;#ffffff&#8221; header_3_font_size=&#8221;16px&#8221; custom_margin=&#8221;||0px||false|false&#8221; custom_padding=&#8221;50px||0px||false|false&#8221; text_font_size_tablet=&#8221;28px&#8221; text_font_size_phone=&#8221;24px&#8221; text_font_size_last_edited=&#8221;on|phone&#8221; header_font_size_tablet=&#8221;80px&#8221; header_font_size_phone=&#8221;40px&#8221; header_font_size_last_edited=&#8221;on|desktop&#8221; custom_css_free_form=&#8221;@media screen and (max-width: 768px){||  selector br{||  display:none||}||}&#8221; global_colors_info=&#8221;{}&#8221; content__hover_enabled=&#8221;off|desktop&#8221; content__hover=&#8221;<\/p>\n<h1><span> <\/span><\/h1>\n<p><span>Hay una forma m\u00e1s inteligente de escribir software:<br \/>y lo sabemos.<\/span><\/p>\n<p>&#8221; theme_builder_area=&#8221;post_content&#8221;]<\/p>\n<h3 style=\"text-align: center;\">CHARLAS AL AIRE LIBRE SOBRE CRECIMIENTO ESTRAT\u00c9GICO<\/h3>\n<p>[\/et_pb_text][et_pb_image src=&#8221;https:\/\/distillery.com\/wp-content\/uploads\/2024\/08\/TT-Logo-01.png&#8221; title_text=&#8221;TT-Logo-01&#8243; align=&#8221;center&#8221; _builder_version=&#8221;4.25.1&#8243; _module_preset=&#8221;default&#8221; width=&#8221;71%&#8221; global_colors_info=&#8221;{}&#8221; theme_builder_area=&#8221;post_content&#8221;][\/et_pb_image][et_pb_text _builder_version=&#8221;4.27.4&#8243; _module_preset=&#8221;default&#8221; text_text_color=&#8221;#ffffff&#8221; text_font_size=&#8221;20px&#8221; text_line_height=&#8221;1.6em&#8221; header_text_color=&#8221;#111111&#8243; header_font_size=&#8221;72px&#8221; header_2_text_color=&#8221;#FFFFFF&#8221; header_2_font_size=&#8221;24px&#8221; width=&#8221;70%&#8221; width_tablet=&#8221;70%&#8221; width_phone=&#8221;70%&#8221; width_last_edited=&#8221;on|desktop&#8221; module_alignment=&#8221;center&#8221; custom_padding=&#8221;0px||0px||false|false&#8221; text_font_size_tablet=&#8221;20px&#8221; text_font_size_phone=&#8221;20px&#8221; text_font_size_last_edited=&#8221;on|phone&#8221; header_font_size_tablet=&#8221;80px&#8221; header_font_size_phone=&#8221;40px&#8221; header_font_size_last_edited=&#8221;on|desktop&#8221; custom_css_free_form=&#8221;@media screen and (max-width: 768px){||  selector br{||  display:none||}||}&#8221; global_colors_info=&#8221;{}&#8221; content__hover_enabled=&#8221;off|desktop&#8221; content__hover=&#8221;<\/p>\n<h1><span> <\/span><\/h1>\n<p><span>Hay una forma m\u00e1s inteligente de escribir software:<br \/>y lo sabemos.<\/span><\/p>\n<p>&#8221; theme_builder_area=&#8221;post_content&#8221;]<\/p>\n<p style=\"text-align: center;\">\u00danete a nosotros en el Episodio 10 de Turbocharge Tomorrow, en el que Val Avdeenko, de Happyverse, comparte con nosotros lo que se necesita para generar confianza, ampliar una startup y hacer crecer productos reales en la frontera de los avatares de IA y la conexi\u00f3n entre humanos e IA.<\/p>\n<p>[\/et_pb_text][\/et_pb_column][\/et_pb_row][\/et_pb_section][et_pb_section fb_built=&#8221;1&#8243; _builder_version=&#8221;4.24.2&#8243; _module_preset=&#8221;default&#8221; background_image=&#8221;https:\/\/distillery.com\/wp-content\/uploads\/2024\/04\/bg_content-1.jpg&#8221; global_colors_info=&#8221;{}&#8221; theme_builder_area=&#8221;post_content&#8221;][et_pb_row _builder_version=&#8221;4.24.2&#8243; _module_preset=&#8221;default&#8221; global_colors_info=&#8221;{}&#8221; theme_builder_area=&#8221;post_content&#8221;][et_pb_column type=&#8221;4_4&#8243; _builder_version=&#8221;4.24.2&#8243; _module_preset=&#8221;default&#8221; global_colors_info=&#8221;{}&#8221; theme_builder_area=&#8221;post_content&#8221;][et_pb_text _builder_version=&#8221;4.27.4&#8243; _module_preset=&#8221;default&#8221; text_text_color=&#8221;#FFFFFF&#8221; header_2_text_color=&#8221;#FFFFFF&#8221; global_colors_info=&#8221;{}&#8221; theme_builder_area=&#8221;post_content&#8221;]<\/p>\n<h2 style=\"text-align: center;\">Episodio 10: Generar confianza en la era de los avatares de la IA<\/h2>\n<p style=\"text-align: center;\"><span style=\"font-weight: 400;\">En este episodio de Turbocharge Tomorrow, Val Avdeenko, cofundadora y presidenta de Happyverse AI, se une a nosotros para hablar de lo que se necesita para hacer crecer una startup en la frontera de la comunicaci\u00f3n impulsada por IA. Junto con la historia de Happyverse, Val compartir\u00e1 lecciones con las que todo fundador o l\u00edder tecnol\u00f3gico puede identificarse: c\u00f3mo convertir una visi\u00f3n audaz en un producto real, equilibrar la tecnolog\u00eda innovadora con los resultados empresariales y destacar en un mercado ruidoso. <\/span><\/p>\n<p>[\/et_pb_text][\/et_pb_column][\/et_pb_row][\/et_pb_section][et_pb_section fb_built=&#8221;1&#8243; _builder_version=&#8221;4.24.2&#8243; _module_preset=&#8221;default&#8221; custom_padding=&#8221;||||false|false&#8221; global_colors_info=&#8221;{}&#8221; theme_builder_area=&#8221;post_content&#8221;][et_pb_row column_structure=&#8221;1_5,3_5,1_5&#8243; _builder_version=&#8221;4.25.1&#8243; _module_preset=&#8221;default&#8221; custom_padding=&#8221;0px||0px||false|false&#8221; global_colors_info=&#8221;{}&#8221; theme_builder_area=&#8221;post_content&#8221;][et_pb_column type=&#8221;1_5&#8243; _builder_version=&#8221;4.24.2&#8243; _module_preset=&#8221;default&#8221; z_index=&#8221;1&#8243; global_colors_info=&#8221;{}&#8221; theme_builder_area=&#8221;post_content&#8221;][\/et_pb_column][et_pb_column type=&#8221;3_5&#8243; _builder_version=&#8221;4.25.1&#8243; _module_preset=&#8221;default&#8221; z_index=&#8221;1&#8243; global_colors_info=&#8221;{}&#8221; theme_builder_area=&#8221;post_content&#8221;][et_pb_video src=&#8221;https:\/\/www.youtube.com\/watch?v=SRJYPnKZiaI&#8221; _builder_version=&#8221;4.27.4&#8243; _module_preset=&#8221;default&#8221; z_index=&#8221;1&#8243; global_colors_info=&#8221;{}&#8221; theme_builder_area=&#8221;post_content&#8221;][\/et_pb_video][\/et_pb_column][et_pb_column type=&#8221;1_5&#8243; _builder_version=&#8221;4.24.2&#8243; _module_preset=&#8221;default&#8221; z_index=&#8221;1&#8243; global_colors_info=&#8221;{}&#8221; theme_builder_area=&#8221;post_content&#8221;][\/et_pb_column][\/et_pb_row][et_pb_row column_structure=&#8221;1_5,3_5,1_5&#8243; _builder_version=&#8221;4.24.2&#8243; _module_preset=&#8221;default&#8221; global_colors_info=&#8221;{}&#8221; theme_builder_area=&#8221;post_content&#8221;][et_pb_column type=&#8221;1_5&#8243; _builder_version=&#8221;4.24.2&#8243; _module_preset=&#8221;default&#8221; global_colors_info=&#8221;{}&#8221; theme_builder_area=&#8221;post_content&#8221;][\/et_pb_column][et_pb_column type=&#8221;3_5&#8243; _builder_version=&#8221;4.24.2&#8243; _module_preset=&#8221;default&#8221; global_colors_info=&#8221;{}&#8221; theme_builder_area=&#8221;post_content&#8221;][et_pb_text _builder_version=&#8221;4.27.4&#8243; _module_preset=&#8221;default&#8221; text_font_size=&#8221;20px&#8221; text_line_height=&#8221;1.8em&#8221; width=&#8221;100%&#8221; global_colors_info=&#8221;{}&#8221; theme_builder_area=&#8221;post_content&#8221;]<\/p>\n<h2 style=\"text-align: center;\"><b>Episodio destacado:<\/b><\/h2>\n<p style=\"text-align: center;\">En este episodio, Val Avdeenko analiza c\u00f3mo los avatares de v\u00eddeo de IA est\u00e1n pasando de ser una novedad a tener un uso empresarial real: participar en reuniones, orientar a los clientes y representar a las personas a gran escala. Recorre el camino de Happyverse desde su visi\u00f3n inicial hasta la adaptaci\u00f3n del producto al mercado, destacando las sorpresas que aparecen una vez que los usuarios reales interact\u00faan con los avatares de IA y c\u00f3mo esa informaci\u00f3n modifica las prioridades. La conversaci\u00f3n ofrece lecciones claras para fundadores y l\u00edderes tecnol\u00f3gicos que buscan el equilibrio entre la tecnolog\u00eda innovadora y los resultados pr\u00e1cticos.  <\/p>\n<p style=\"text-align: center;\">Tambi\u00e9n exploran casos de uso emergentes como los &#8220;gemelos digitales del cliente&#8221; en la estrategia y la planificaci\u00f3n, y lo que se necesita para generar confianza cuando se mezclan las identidades humana y digital. Val comparte c\u00f3mo destacar en un mercado de IA ruidoso, qu\u00e9 deben vigilar los l\u00edderes durante la pr\u00f3xima d\u00e9cada de comunicaci\u00f3n impulsada por la IA, y los escollos habituales para los equipos que construyen en este espacio. El episodio concluye con consejos pr\u00e1cticos sobre c\u00f3mo prepararse para un futuro en el que la confianza y la conexi\u00f3n est\u00e9n cada vez m\u00e1s impulsadas por la IA.  <\/p>\n<p>[\/et_pb_text][\/et_pb_column][et_pb_column type=&#8221;1_5&#8243; _builder_version=&#8221;4.24.2&#8243; _module_preset=&#8221;default&#8221; global_colors_info=&#8221;{}&#8221; theme_builder_area=&#8221;post_content&#8221;][\/et_pb_column][\/et_pb_row][\/et_pb_section][et_pb_section fb_built=&#8221;1&#8243; _builder_version=&#8221;4.24.2&#8243; _module_preset=&#8221;default&#8221; background_image=&#8221;https:\/\/distillery.com\/wp-content\/uploads\/2024\/04\/bg_content-1.jpg&#8221; locked=&#8221;off&#8221; global_colors_info=&#8221;{}&#8221; theme_builder_area=&#8221;post_content&#8221;][et_pb_row _builder_version=&#8221;4.24.2&#8243; _module_preset=&#8221;default&#8221; global_colors_info=&#8221;{}&#8221; theme_builder_area=&#8221;post_content&#8221;][et_pb_column type=&#8221;4_4&#8243; _builder_version=&#8221;4.24.2&#8243; _module_preset=&#8221;default&#8221; global_colors_info=&#8221;{}&#8221; theme_builder_area=&#8221;post_content&#8221;][et_pb_button button_url=&#8221;https:\/\/distillery.com\/distillery-compound&#8221; button_text=&#8221;VOLVER A TODOS LOS EPISODIOS  &#8221; button_alignment=&#8221;center&#8221; _builder_version=&#8221;4.25.1&#8243; _module_preset=&#8221;default&#8221; custom_button=&#8221;on&#8221; button_text_color=&#8221;#124ec6&#8243; button_bg_color=&#8221;#FFFFFF&#8221; button_font=&#8221;|600|||||||&#8221; global_colors_info=&#8221;{}&#8221; theme_builder_area=&#8221;post_content&#8221;][\/et_pb_button][\/et_pb_column][\/et_pb_row][\/et_pb_section]<\/p>\n","protected":false},"excerpt":{"rendered":"<p>CHARLAS AL AIRE LIBRE SOBRE CRECIMIENTO ESTRAT\u00c9GICO\u00danete a nosotros en el Episodio 10 de Turbocharge Tomorrow, en el que Val Avdeenko, de Happyverse, comparte con nosotros lo que se necesita [&hellip;]<\/p>\n","protected":false},"author":28,"featured_media":0,"parent":0,"menu_order":3,"comment_status":"closed","ping_status":"closed","template":"","meta":{"_acf_changed":false,"_et_pb_use_builder":"on","_et_pb_old_content":"","_et_gb_content_width":"","content-type":"","footnotes":"","_wp_rev_ctl_limit":""},"class_list":["post-433957","page","type-page","status-publish","hentry"],"acf":[],"yoast_head":"<!-- This site is optimized with the Yoast SEO plugin v27.3 - https:\/\/yoast.com\/product\/yoast-seo-wordpress\/ -->\n<title>Turbocharge Tomorrow Ep. 10: Crear confianza en la era de los avatares de IA<\/title>\n<meta name=\"description\" content=\"\u00danete a nosotros en el Episodio 10 de Turbocharge Tomorrow, en el que Val Avdeenko, de Happyverse, comparte con nosotros lo que se necesita para generar confianza, ampliar una startup y hacer crecer productos reales en la frontera de los avatares de IA y la conexi\u00f3n entre humanos e IA.\" \/>\n<meta name=\"robots\" content=\"index, follow, max-snippet:-1, max-image-preview:large, max-video-preview:-1\" \/>\n<link rel=\"canonical\" href=\"https:\/\/distillery.com\/es\/episodio-10-generar-confianza-en-la-era-de-los-avatares-de-la-ia\/\" \/>\n<meta property=\"og:locale\" content=\"es_ES\" \/>\n<meta property=\"og:type\" content=\"article\" \/>\n<meta property=\"og:title\" content=\"Turbocharge Tomorrow Ep. 10: Crear confianza en la era de los avatares de IA\" \/>\n<meta property=\"og:description\" content=\"\u00danete a nosotros en el Episodio 10 de Turbocharge Tomorrow, en el que Val Avdeenko, de Happyverse, comparte con nosotros lo que se necesita para generar confianza, ampliar una startup y hacer crecer productos reales en la frontera de los avatares de IA y la conexi\u00f3n entre humanos e IA.\" \/>\n<meta property=\"og:url\" content=\"https:\/\/distillery.com\/es\/episodio-10-generar-confianza-en-la-era-de-los-avatares-de-la-ia\/\" \/>\n<meta property=\"og:site_name\" content=\"Distillery\" \/>\n<meta property=\"article:publisher\" content=\"https:\/\/www.facebook.com\/DistilleryTech\" \/>\n<meta property=\"article:modified_time\" content=\"2025-12-20T10:21:02+00:00\" \/>\n<meta name=\"twitter:card\" content=\"summary_large_image\" \/>\n<meta name=\"twitter:site\" content=\"@DistilleryTech\" \/>\n<meta name=\"twitter:label1\" content=\"Tiempo de lectura\" \/>\n\t<meta name=\"twitter:data1\" content=\"7 minutos\" \/>\n<script type=\"application\/ld+json\" class=\"yoast-schema-graph\">{\"@context\":\"https:\\\/\\\/schema.org\",\"@graph\":[{\"@type\":\"WebPage\",\"@id\":\"https:\\\/\\\/distillery.com\\\/es\\\/episodio-10-generar-confianza-en-la-era-de-los-avatares-de-la-ia\\\/\",\"url\":\"https:\\\/\\\/distillery.com\\\/es\\\/episodio-10-generar-confianza-en-la-era-de-los-avatares-de-la-ia\\\/\",\"name\":\"Turbocharge Tomorrow Ep. 10: Crear confianza en la era de los avatares de IA\",\"isPartOf\":{\"@id\":\"https:\\\/\\\/distillery.com\\\/es\\\/#website\"},\"datePublished\":\"2025-12-20T10:14:59+00:00\",\"dateModified\":\"2025-12-20T10:21:02+00:00\",\"description\":\"\u00danete a nosotros en el Episodio 10 de Turbocharge Tomorrow, en el que Val Avdeenko, de Happyverse, comparte con nosotros lo que se necesita para generar confianza, ampliar una startup y hacer crecer productos reales en la frontera de los avatares de IA y la conexi\u00f3n entre humanos e IA.\",\"breadcrumb\":{\"@id\":\"https:\\\/\\\/distillery.com\\\/es\\\/episodio-10-generar-confianza-en-la-era-de-los-avatares-de-la-ia\\\/#breadcrumb\"},\"inLanguage\":\"es-ES\",\"potentialAction\":[{\"@type\":\"ReadAction\",\"target\":[\"https:\\\/\\\/distillery.com\\\/es\\\/episodio-10-generar-confianza-en-la-era-de-los-avatares-de-la-ia\\\/\"]}]},{\"@type\":\"BreadcrumbList\",\"@id\":\"https:\\\/\\\/distillery.com\\\/es\\\/episodio-10-generar-confianza-en-la-era-de-los-avatares-de-la-ia\\\/#breadcrumb\",\"itemListElement\":[{\"@type\":\"ListItem\",\"position\":1,\"name\":\"Home\",\"item\":\"https:\\\/\\\/distillery.com\\\/es\\\/\"},{\"@type\":\"ListItem\",\"position\":2,\"name\":\"Episodio 10: Generar confianza en la era de los avatares de la IA\"}]},{\"@type\":\"WebSite\",\"@id\":\"https:\\\/\\\/distillery.com\\\/es\\\/#website\",\"url\":\"https:\\\/\\\/distillery.com\\\/es\\\/\",\"name\":\"Distillery\",\"description\":\"Distillery is an award-winning nearshore software development company. Our top-tier development talent guarantee the best results.\",\"publisher\":{\"@id\":\"https:\\\/\\\/distillery.com\\\/es\\\/#organization\"},\"potentialAction\":[{\"@type\":\"SearchAction\",\"target\":{\"@type\":\"EntryPoint\",\"urlTemplate\":\"https:\\\/\\\/distillery.com\\\/es\\\/?s={search_term_string}\"},\"query-input\":{\"@type\":\"PropertyValueSpecification\",\"valueRequired\":true,\"valueName\":\"search_term_string\"}}],\"inLanguage\":\"es-ES\"},{\"@type\":\"Organization\",\"@id\":\"https:\\\/\\\/distillery.com\\\/es\\\/#organization\",\"name\":\"Distillery\",\"url\":\"https:\\\/\\\/distillery.com\\\/es\\\/\",\"logo\":{\"@type\":\"ImageObject\",\"inLanguage\":\"es-ES\",\"@id\":\"https:\\\/\\\/distillery.com\\\/es\\\/#\\\/schema\\\/logo\\\/image\\\/\",\"url\":\"https:\\\/\\\/distillery.com\\\/wp-content\\\/uploads\\\/2023\\\/06\\\/Layer_1-27.svg\",\"contentUrl\":\"https:\\\/\\\/distillery.com\\\/wp-content\\\/uploads\\\/2023\\\/06\\\/Layer_1-27.svg\",\"width\":82,\"height\":106,\"caption\":\"Distillery\"},\"image\":{\"@id\":\"https:\\\/\\\/distillery.com\\\/es\\\/#\\\/schema\\\/logo\\\/image\\\/\"},\"sameAs\":[\"https:\\\/\\\/www.facebook.com\\\/DistilleryTech\",\"https:\\\/\\\/x.com\\\/DistilleryTech\",\"https:\\\/\\\/www.linkedin.com\\\/company\\\/Distillery-Tech\",\"https:\\\/\\\/www.instagram.com\\\/Distillery_Tech\\\/\"]}]}<\/script>\n<!-- \/ Yoast SEO plugin. -->","yoast_head_json":{"title":"Turbocharge Tomorrow Ep. 10: Crear confianza en la era de los avatares de IA","description":"\u00danete a nosotros en el Episodio 10 de Turbocharge Tomorrow, en el que Val Avdeenko, de Happyverse, comparte con nosotros lo que se necesita para generar confianza, ampliar una startup y hacer crecer productos reales en la frontera de los avatares de IA y la conexi\u00f3n entre humanos e IA.","robots":{"index":"index","follow":"follow","max-snippet":"max-snippet:-1","max-image-preview":"max-image-preview:large","max-video-preview":"max-video-preview:-1"},"canonical":"https:\/\/distillery.com\/es\/episodio-10-generar-confianza-en-la-era-de-los-avatares-de-la-ia\/","og_locale":"es_ES","og_type":"article","og_title":"Turbocharge Tomorrow Ep. 10: Crear confianza en la era de los avatares de IA","og_description":"\u00danete a nosotros en el Episodio 10 de Turbocharge Tomorrow, en el que Val Avdeenko, de Happyverse, comparte con nosotros lo que se necesita para generar confianza, ampliar una startup y hacer crecer productos reales en la frontera de los avatares de IA y la conexi\u00f3n entre humanos e IA.","og_url":"https:\/\/distillery.com\/es\/episodio-10-generar-confianza-en-la-era-de-los-avatares-de-la-ia\/","og_site_name":"Distillery","article_publisher":"https:\/\/www.facebook.com\/DistilleryTech","article_modified_time":"2025-12-20T10:21:02+00:00","twitter_card":"summary_large_image","twitter_site":"@DistilleryTech","twitter_misc":{"Tiempo de lectura":"7 minutos"},"schema":{"@context":"https:\/\/schema.org","@graph":[{"@type":"WebPage","@id":"https:\/\/distillery.com\/es\/episodio-10-generar-confianza-en-la-era-de-los-avatares-de-la-ia\/","url":"https:\/\/distillery.com\/es\/episodio-10-generar-confianza-en-la-era-de-los-avatares-de-la-ia\/","name":"Turbocharge Tomorrow Ep. 10: Crear confianza en la era de los avatares de IA","isPartOf":{"@id":"https:\/\/distillery.com\/es\/#website"},"datePublished":"2025-12-20T10:14:59+00:00","dateModified":"2025-12-20T10:21:02+00:00","description":"\u00danete a nosotros en el Episodio 10 de Turbocharge Tomorrow, en el que Val Avdeenko, de Happyverse, comparte con nosotros lo que se necesita para generar confianza, ampliar una startup y hacer crecer productos reales en la frontera de los avatares de IA y la conexi\u00f3n entre humanos e IA.","breadcrumb":{"@id":"https:\/\/distillery.com\/es\/episodio-10-generar-confianza-en-la-era-de-los-avatares-de-la-ia\/#breadcrumb"},"inLanguage":"es-ES","potentialAction":[{"@type":"ReadAction","target":["https:\/\/distillery.com\/es\/episodio-10-generar-confianza-en-la-era-de-los-avatares-de-la-ia\/"]}]},{"@type":"BreadcrumbList","@id":"https:\/\/distillery.com\/es\/episodio-10-generar-confianza-en-la-era-de-los-avatares-de-la-ia\/#breadcrumb","itemListElement":[{"@type":"ListItem","position":1,"name":"Home","item":"https:\/\/distillery.com\/es\/"},{"@type":"ListItem","position":2,"name":"Episodio 10: Generar confianza en la era de los avatares de la IA"}]},{"@type":"WebSite","@id":"https:\/\/distillery.com\/es\/#website","url":"https:\/\/distillery.com\/es\/","name":"Distillery","description":"Distillery is an award-winning nearshore software development company. Our top-tier development talent guarantee the best results.","publisher":{"@id":"https:\/\/distillery.com\/es\/#organization"},"potentialAction":[{"@type":"SearchAction","target":{"@type":"EntryPoint","urlTemplate":"https:\/\/distillery.com\/es\/?s={search_term_string}"},"query-input":{"@type":"PropertyValueSpecification","valueRequired":true,"valueName":"search_term_string"}}],"inLanguage":"es-ES"},{"@type":"Organization","@id":"https:\/\/distillery.com\/es\/#organization","name":"Distillery","url":"https:\/\/distillery.com\/es\/","logo":{"@type":"ImageObject","inLanguage":"es-ES","@id":"https:\/\/distillery.com\/es\/#\/schema\/logo\/image\/","url":"https:\/\/distillery.com\/wp-content\/uploads\/2023\/06\/Layer_1-27.svg","contentUrl":"https:\/\/distillery.com\/wp-content\/uploads\/2023\/06\/Layer_1-27.svg","width":82,"height":106,"caption":"Distillery"},"image":{"@id":"https:\/\/distillery.com\/es\/#\/schema\/logo\/image\/"},"sameAs":["https:\/\/www.facebook.com\/DistilleryTech","https:\/\/x.com\/DistilleryTech","https:\/\/www.linkedin.com\/company\/Distillery-Tech","https:\/\/www.instagram.com\/Distillery_Tech\/"]}]}},"_links":{"self":[{"href":"https:\/\/distillery.com\/es\/wp-json\/wp\/v2\/pages\/433957","targetHints":{"allow":["GET"]}}],"collection":[{"href":"https:\/\/distillery.com\/es\/wp-json\/wp\/v2\/pages"}],"about":[{"href":"https:\/\/distillery.com\/es\/wp-json\/wp\/v2\/types\/page"}],"author":[{"embeddable":true,"href":"https:\/\/distillery.com\/es\/wp-json\/wp\/v2\/users\/28"}],"replies":[{"embeddable":true,"href":"https:\/\/distillery.com\/es\/wp-json\/wp\/v2\/comments?post=433957"}],"version-history":[{"count":0,"href":"https:\/\/distillery.com\/es\/wp-json\/wp\/v2\/pages\/433957\/revisions"}],"wp:attachment":[{"href":"https:\/\/distillery.com\/es\/wp-json\/wp\/v2\/media?parent=433957"}],"curies":[{"name":"wp","href":"https:\/\/api.w.org\/{rel}","templated":true}]}}