{"id":433961,"date":"2025-12-20T09:56:34","date_gmt":"2025-12-20T09:56:34","guid":{"rendered":"https:\/\/distillery.com\/episodio-no-7-oh-la-humanidad-la-ia-en-accion\/"},"modified":"2025-12-20T10:21:45","modified_gmt":"2025-12-20T10:21:45","slug":"episodio-no-7-oh-la-humanidad-la-ia-en-accion","status":"publish","type":"page","link":"https:\/\/distillery.com\/es\/episodio-no-7-oh-la-humanidad-la-ia-en-accion\/","title":{"rendered":"Episodio n\u00ba 7: \u00a1Oh, la humanidad! La IA en acci\u00f3n"},"content":{"rendered":"<p>[et_pb_section fb_built=&#8221;1&#8243; custom_padding_last_edited=&#8221;on|phone&#8221; _builder_version=&#8221;4.24.2&#8243; _module_preset=&#8221;default&#8221; background_color=&#8221;gcid-fa5717dc-1d9d-4f54-9b8a-eb04dc2efe68&#8243; background_image=&#8221;https:\/\/distillery.com\/wp-content\/uploads\/2025\/12\/abstract-blue-background-with-stars-ai-generate.webp&#8221; custom_margin=&#8221;-39px|||||&#8221; custom_padding=&#8221;150px||150px||true|false&#8221; custom_padding_tablet=&#8221;100px||100px||true|false&#8221; custom_padding_phone=&#8221;50px||50px||true|false&#8221; background_last_edited=&#8221;on|phone&#8221; global_colors_info=&#8221;{%22gcid-fa5717dc-1d9d-4f54-9b8a-eb04dc2efe68%22:%91%22background_color%22,%22background_color%22%93}&#8221; theme_builder_area=&#8221;post_content&#8221;][et_pb_row custom_padding_last_edited=&#8221;on|phone&#8221; _builder_version=&#8221;4.24.2&#8243; _module_preset=&#8221;default&#8221; width=&#8221;90%&#8221; max_width=&#8221;90%&#8221; custom_padding=&#8221;0px|||||&#8221; custom_padding_tablet=&#8221;&#8221; custom_padding_phone=&#8221;||0px||false|false&#8221; global_colors_info=&#8221;{}&#8221; theme_builder_area=&#8221;post_content&#8221;][et_pb_column type=&#8221;4_4&#8243; _builder_version=&#8221;4.23.2&#8243; _module_preset=&#8221;default&#8221; global_colors_info=&#8221;{}&#8221; theme_builder_area=&#8221;post_content&#8221;][et_pb_text _builder_version=&#8221;4.25.1&#8243; _module_preset=&#8221;default&#8221; text_text_color=&#8221;#020202&#8243; text_font_size=&#8221;28px&#8221; text_line_height=&#8221;1.6em&#8221; header_text_color=&#8221;#111111&#8243; header_font_size=&#8221;72px&#8221; header_2_text_color=&#8221;#FFFFFF&#8221; header_2_font_size=&#8221;24px&#8221; header_3_text_color=&#8221;#ffffff&#8221; header_3_font_size=&#8221;16px&#8221; custom_margin=&#8221;||0px||false|false&#8221; custom_padding=&#8221;50px||0px||false|false&#8221; text_font_size_tablet=&#8221;28px&#8221; text_font_size_phone=&#8221;24px&#8221; text_font_size_last_edited=&#8221;on|phone&#8221; header_font_size_tablet=&#8221;80px&#8221; header_font_size_phone=&#8221;40px&#8221; header_font_size_last_edited=&#8221;on|desktop&#8221; custom_css_free_form=&#8221;@media screen and (max-width: 768px){||  selector br{||  display:none||}||}&#8221; global_colors_info=&#8221;{}&#8221; content__hover_enabled=&#8221;off|desktop&#8221; content__hover=&#8221;<\/p>\n<h1><span> <\/span><\/h1>\n<p><span>Hay una forma m\u00e1s inteligente de escribir software:<br \/>y lo sabemos.<\/span><\/p>\n<p>&#8221; theme_builder_area=&#8221;post_content&#8221;]<\/p>\n<h3 style=\"text-align: center;\">CHARLAS AL AIRE LIBRE SOBRE CRECIMIENTO ESTRAT\u00c9GICO<\/h3>\n<p>[\/et_pb_text][et_pb_image src=&#8221;https:\/\/distillery.com\/wp-content\/uploads\/2024\/08\/TT-Logo-01.png&#8221; title_text=&#8221;TT-Logo-01&#8243; align=&#8221;center&#8221; _builder_version=&#8221;4.25.1&#8243; _module_preset=&#8221;default&#8221; width=&#8221;71%&#8221; global_colors_info=&#8221;{}&#8221; theme_builder_area=&#8221;post_content&#8221;][\/et_pb_image][et_pb_text _builder_version=&#8221;4.27.4&#8243; _module_preset=&#8221;default&#8221; text_text_color=&#8221;#ffffff&#8221; text_font_size=&#8221;20px&#8221; text_line_height=&#8221;1.6em&#8221; header_text_color=&#8221;#111111&#8243; header_font_size=&#8221;72px&#8221; header_2_text_color=&#8221;#FFFFFF&#8221; header_2_font_size=&#8221;24px&#8221; width=&#8221;70%&#8221; width_tablet=&#8221;70%&#8221; width_phone=&#8221;70%&#8221; width_last_edited=&#8221;on|desktop&#8221; module_alignment=&#8221;center&#8221; custom_padding=&#8221;0px||0px||false|false&#8221; text_font_size_tablet=&#8221;20px&#8221; text_font_size_phone=&#8221;20px&#8221; text_font_size_last_edited=&#8221;on|phone&#8221; header_font_size_tablet=&#8221;80px&#8221; header_font_size_phone=&#8221;40px&#8221; header_font_size_last_edited=&#8221;on|desktop&#8221; custom_css_free_form=&#8221;@media screen and (max-width: 768px){||  selector br{||  display:none||}||}&#8221; global_colors_info=&#8221;{}&#8221; content__hover_enabled=&#8221;off|desktop&#8221; content__hover=&#8221;<\/p>\n<h1><span> <\/span><\/h1>\n<p><span>Hay una forma m\u00e1s inteligente de escribir software:<br \/>y lo sabemos.<\/span><\/p>\n<p>&#8221; theme_builder_area=&#8221;post_content&#8221;]<\/p>\n<p style=\"text-align: center;\">Acomp\u00e1\u00f1anos en el Episodio 7 de Turbocharge Tomorrow, en el que Johnny Lee, de AlixPartners, profundiza en el lado humano de la IA: c\u00f3mo pueden adoptarla los l\u00edderes para reforzar los equipos, proteger los conocimientos especializados e impulsar una transformaci\u00f3n real sin perder lo que hace funcionar a las organizaciones: las personas.<\/p>\n<p>[\/et_pb_text][\/et_pb_column][\/et_pb_row][\/et_pb_section][et_pb_section fb_built=&#8221;1&#8243; _builder_version=&#8221;4.24.2&#8243; _module_preset=&#8221;default&#8221; background_image=&#8221;https:\/\/distillery.com\/wp-content\/uploads\/2024\/04\/bg_content-1.jpg&#8221; global_colors_info=&#8221;{}&#8221; theme_builder_area=&#8221;post_content&#8221;][et_pb_row _builder_version=&#8221;4.24.2&#8243; _module_preset=&#8221;default&#8221; global_colors_info=&#8221;{}&#8221; theme_builder_area=&#8221;post_content&#8221;][et_pb_column type=&#8221;4_4&#8243; _builder_version=&#8221;4.24.2&#8243; _module_preset=&#8221;default&#8221; global_colors_info=&#8221;{}&#8221; theme_builder_area=&#8221;post_content&#8221;][et_pb_text _builder_version=&#8221;4.27.4&#8243; _module_preset=&#8221;default&#8221; text_text_color=&#8221;#FFFFFF&#8221; header_2_text_color=&#8221;#FFFFFF&#8221; global_colors_info=&#8221;{}&#8221; theme_builder_area=&#8221;post_content&#8221;]<\/p>\n<h2 style=\"text-align: center;\">Episodio n\u00ba 7: \u00a1Oh, la humanidad!<\/h2>\n<p style=\"text-align: center;\"><span style=\"font-weight: 400;\">En un mundo en el que no puedes pasar tres segundos sin ver, o\u00edr o hablar de IA, \u00bfpor qu\u00e9 no hablamos m\u00e1s de su impacto real en las personas? En este episodio de Turbocharge Tomorrow, llegamos al meollo de esta cuesti\u00f3n con Johnny Lee, Socio y Director General de AlixPartners. Con una carrera que abarca startups, gigantes tecnol\u00f3gicos y consultor\u00eda, Johnny aporta una perspectiva matizada sobre c\u00f3mo la IA y la automatizaci\u00f3n est\u00e1n dando forma -no sustituyendo- al elemento humano en los negocios.  <\/span><\/p>\n<p>[\/et_pb_text][\/et_pb_column][\/et_pb_row][\/et_pb_section][et_pb_section fb_built=&#8221;1&#8243; _builder_version=&#8221;4.24.2&#8243; _module_preset=&#8221;default&#8221; custom_padding=&#8221;||||false|false&#8221; global_colors_info=&#8221;{}&#8221; theme_builder_area=&#8221;post_content&#8221;][et_pb_row column_structure=&#8221;1_5,3_5,1_5&#8243; _builder_version=&#8221;4.25.1&#8243; _module_preset=&#8221;default&#8221; custom_padding=&#8221;0px||0px||false|false&#8221; global_colors_info=&#8221;{}&#8221; theme_builder_area=&#8221;post_content&#8221;][et_pb_column type=&#8221;1_5&#8243; _builder_version=&#8221;4.24.2&#8243; _module_preset=&#8221;default&#8221; z_index=&#8221;1&#8243; global_colors_info=&#8221;{}&#8221; theme_builder_area=&#8221;post_content&#8221;][\/et_pb_column][et_pb_column type=&#8221;3_5&#8243; _builder_version=&#8221;4.25.1&#8243; _module_preset=&#8221;default&#8221; z_index=&#8221;1&#8243; global_colors_info=&#8221;{}&#8221; theme_builder_area=&#8221;post_content&#8221;][et_pb_video src=&#8221;https:\/\/www.youtube.com\/watch?v=E1t4yeY7RhE&amp;list=PLQ5VvaTkX9BgHWFKemNUXcGEBXP-OH52o&#8221; _builder_version=&#8221;4.27.4&#8243; _module_preset=&#8221;default&#8221; z_index=&#8221;1&#8243; global_colors_info=&#8221;{}&#8221; theme_builder_area=&#8221;post_content&#8221;][\/et_pb_video][\/et_pb_column][et_pb_column type=&#8221;1_5&#8243; _builder_version=&#8221;4.24.2&#8243; _module_preset=&#8221;default&#8221; z_index=&#8221;1&#8243; global_colors_info=&#8221;{}&#8221; theme_builder_area=&#8221;post_content&#8221;][\/et_pb_column][\/et_pb_row][et_pb_row column_structure=&#8221;1_5,3_5,1_5&#8243; _builder_version=&#8221;4.24.2&#8243; _module_preset=&#8221;default&#8221; global_colors_info=&#8221;{}&#8221; theme_builder_area=&#8221;post_content&#8221;][et_pb_column type=&#8221;1_5&#8243; _builder_version=&#8221;4.24.2&#8243; _module_preset=&#8221;default&#8221; global_colors_info=&#8221;{}&#8221; theme_builder_area=&#8221;post_content&#8221;][\/et_pb_column][et_pb_column type=&#8221;3_5&#8243; _builder_version=&#8221;4.24.2&#8243; _module_preset=&#8221;default&#8221; global_colors_info=&#8221;{}&#8221; theme_builder_area=&#8221;post_content&#8221;][et_pb_text _builder_version=&#8221;4.27.4&#8243; _module_preset=&#8221;default&#8221; text_font_size=&#8221;20px&#8221; text_line_height=&#8221;1.8em&#8221; width=&#8221;100%&#8221; global_colors_info=&#8221;{}&#8221; theme_builder_area=&#8221;post_content&#8221;]<\/p>\n<h2 style=\"text-align: center;\"><b>Episodio destacado:<\/b><\/h2>\n<p style=\"text-align: center;\">En este episodio, Johnny Lee analiza c\u00f3mo la IA est\u00e1 remodelando los equipos tecnol\u00f3gicos y las funciones de ingenier\u00eda en toda la empresa. Comparte lo que los l\u00edderes deben tener en cuenta a medida que se expande la automatizaci\u00f3n, y ofrece orientaci\u00f3n pr\u00e1ctica para integrar la IA de forma que apoye la din\u00e1mica de equipo y preserve la experiencia de dominio que tanto ha costado conseguir. El hilo conductor: La IA debe mejorar la capacidad humana, no eliminarla.  <\/p>\n<p style=\"text-align: center;\">La conversaci\u00f3n tambi\u00e9n explora c\u00f3mo las industrias tradicionales pueden dar el salto a la transformaci\u00f3n digital moderna, y qu\u00e9 se necesita para convertir las herramientas internas de IA en un valor de mercado real. Johnny concluye con medidas claras e inmediatas que los l\u00edderes tecnol\u00f3gicos pueden empezar a tomar ahora para prepararse para lo que viene, sin dejarse llevar por la exageraci\u00f3n. <\/p>\n<p>[\/et_pb_text][\/et_pb_column][et_pb_column type=&#8221;1_5&#8243; _builder_version=&#8221;4.24.2&#8243; _module_preset=&#8221;default&#8221; global_colors_info=&#8221;{}&#8221; theme_builder_area=&#8221;post_content&#8221;][\/et_pb_column][\/et_pb_row][\/et_pb_section][et_pb_section fb_built=&#8221;1&#8243; _builder_version=&#8221;4.24.2&#8243; _module_preset=&#8221;default&#8221; background_image=&#8221;https:\/\/distillery.com\/wp-content\/uploads\/2024\/04\/bg_content-1.jpg&#8221; locked=&#8221;off&#8221; global_colors_info=&#8221;{}&#8221; theme_builder_area=&#8221;post_content&#8221;][et_pb_row _builder_version=&#8221;4.24.2&#8243; _module_preset=&#8221;default&#8221; global_colors_info=&#8221;{}&#8221; theme_builder_area=&#8221;post_content&#8221;][et_pb_column type=&#8221;4_4&#8243; _builder_version=&#8221;4.24.2&#8243; _module_preset=&#8221;default&#8221; global_colors_info=&#8221;{}&#8221; theme_builder_area=&#8221;post_content&#8221;][et_pb_button button_url=&#8221;https:\/\/distillery.com\/distillery-compound&#8221; button_text=&#8221;VOLVER A TODOS LOS EPISODIOS  &#8221; button_alignment=&#8221;center&#8221; _builder_version=&#8221;4.25.1&#8243; _module_preset=&#8221;default&#8221; custom_button=&#8221;on&#8221; button_text_color=&#8221;#124ec6&#8243; button_bg_color=&#8221;#FFFFFF&#8221; button_font=&#8221;|600|||||||&#8221; global_colors_info=&#8221;{}&#8221; theme_builder_area=&#8221;post_content&#8221;][\/et_pb_button][\/et_pb_column][\/et_pb_row][\/et_pb_section]<\/p>\n","protected":false},"excerpt":{"rendered":"<p>CHARLAS AL AIRE LIBRE SOBRE CRECIMIENTO ESTRAT\u00c9GICOAcomp\u00e1\u00f1anos en el Episodio 7 de Turbocharge Tomorrow, en el que Johnny Lee, de AlixPartners, profundiza en el lado humano de la IA: c\u00f3mo [&hellip;]<\/p>\n","protected":false},"author":28,"featured_media":0,"parent":0,"menu_order":3,"comment_status":"closed","ping_status":"closed","template":"","meta":{"_acf_changed":false,"_et_pb_use_builder":"on","_et_pb_old_content":"","_et_gb_content_width":"","content-type":"","footnotes":"","_wp_rev_ctl_limit":""},"class_list":["post-433961","page","type-page","status-publish","hentry"],"acf":[],"yoast_head":"<!-- This site is optimized with the Yoast SEO plugin v27.3 - https:\/\/yoast.com\/product\/yoast-seo-wordpress\/ -->\n<title>Turbocharge Tomorrow Ep. 7: \u00a1Oh, la humanidad! La IA en acci\u00f3n<\/title>\n<meta name=\"description\" content=\"Acomp\u00e1\u00f1anos en el Episodio 7 de Turbocharge Tomorrow, en el que Johnny Lee, de AlixPartners, profundiza en el lado humano de la IA: c\u00f3mo pueden adoptarla los l\u00edderes para reforzar los equipos, proteger los conocimientos especializados e impulsar una transformaci\u00f3n real sin perder lo que hace funcionar a las organizaciones: las personas.\" \/>\n<meta name=\"robots\" content=\"index, follow, max-snippet:-1, max-image-preview:large, max-video-preview:-1\" \/>\n<link rel=\"canonical\" href=\"https:\/\/distillery.com\/es\/episodio-no-7-oh-la-humanidad-la-ia-en-accion\/\" \/>\n<meta property=\"og:locale\" content=\"es_ES\" \/>\n<meta property=\"og:type\" content=\"article\" \/>\n<meta property=\"og:title\" content=\"Turbocharge Tomorrow Ep. 7: \u00a1Oh, la humanidad! La IA en acci\u00f3n\" \/>\n<meta property=\"og:description\" content=\"Acomp\u00e1\u00f1anos en el Episodio 7 de Turbocharge Tomorrow, en el que Johnny Lee, de AlixPartners, profundiza en el lado humano de la IA: c\u00f3mo pueden adoptarla los l\u00edderes para reforzar los equipos, proteger los conocimientos especializados e impulsar una transformaci\u00f3n real sin perder lo que hace funcionar a las organizaciones: las personas.\" \/>\n<meta property=\"og:url\" content=\"https:\/\/distillery.com\/es\/episodio-no-7-oh-la-humanidad-la-ia-en-accion\/\" \/>\n<meta property=\"og:site_name\" content=\"Distillery\" \/>\n<meta property=\"article:publisher\" content=\"https:\/\/www.facebook.com\/DistilleryTech\" \/>\n<meta property=\"article:modified_time\" content=\"2025-12-20T10:21:45+00:00\" \/>\n<meta name=\"twitter:card\" content=\"summary_large_image\" \/>\n<meta name=\"twitter:site\" content=\"@DistilleryTech\" \/>\n<meta name=\"twitter:label1\" content=\"Tiempo de lectura\" \/>\n\t<meta name=\"twitter:data1\" content=\"6 minutos\" \/>\n<script type=\"application\/ld+json\" class=\"yoast-schema-graph\">{\"@context\":\"https:\\\/\\\/schema.org\",\"@graph\":[{\"@type\":\"WebPage\",\"@id\":\"https:\\\/\\\/distillery.com\\\/es\\\/episodio-no-7-oh-la-humanidad-la-ia-en-accion\\\/\",\"url\":\"https:\\\/\\\/distillery.com\\\/es\\\/episodio-no-7-oh-la-humanidad-la-ia-en-accion\\\/\",\"name\":\"Turbocharge Tomorrow Ep. 7: \u00a1Oh, la humanidad! La IA en acci\u00f3n\",\"isPartOf\":{\"@id\":\"https:\\\/\\\/distillery.com\\\/es\\\/#website\"},\"datePublished\":\"2025-12-20T09:56:34+00:00\",\"dateModified\":\"2025-12-20T10:21:45+00:00\",\"description\":\"Acomp\u00e1\u00f1anos en el Episodio 7 de Turbocharge Tomorrow, en el que Johnny Lee, de AlixPartners, profundiza en el lado humano de la IA: c\u00f3mo pueden adoptarla los l\u00edderes para reforzar los equipos, proteger los conocimientos especializados e impulsar una transformaci\u00f3n real sin perder lo que hace funcionar a las organizaciones: las personas.\",\"breadcrumb\":{\"@id\":\"https:\\\/\\\/distillery.com\\\/es\\\/episodio-no-7-oh-la-humanidad-la-ia-en-accion\\\/#breadcrumb\"},\"inLanguage\":\"es-ES\",\"potentialAction\":[{\"@type\":\"ReadAction\",\"target\":[\"https:\\\/\\\/distillery.com\\\/es\\\/episodio-no-7-oh-la-humanidad-la-ia-en-accion\\\/\"]}]},{\"@type\":\"BreadcrumbList\",\"@id\":\"https:\\\/\\\/distillery.com\\\/es\\\/episodio-no-7-oh-la-humanidad-la-ia-en-accion\\\/#breadcrumb\",\"itemListElement\":[{\"@type\":\"ListItem\",\"position\":1,\"name\":\"Home\",\"item\":\"https:\\\/\\\/distillery.com\\\/es\\\/\"},{\"@type\":\"ListItem\",\"position\":2,\"name\":\"Episodio n\u00ba 7: \u00a1Oh, la humanidad! La IA en acci\u00f3n\"}]},{\"@type\":\"WebSite\",\"@id\":\"https:\\\/\\\/distillery.com\\\/es\\\/#website\",\"url\":\"https:\\\/\\\/distillery.com\\\/es\\\/\",\"name\":\"Distillery\",\"description\":\"Distillery is an award-winning nearshore software development company. Our top-tier development talent guarantee the best results.\",\"publisher\":{\"@id\":\"https:\\\/\\\/distillery.com\\\/es\\\/#organization\"},\"potentialAction\":[{\"@type\":\"SearchAction\",\"target\":{\"@type\":\"EntryPoint\",\"urlTemplate\":\"https:\\\/\\\/distillery.com\\\/es\\\/?s={search_term_string}\"},\"query-input\":{\"@type\":\"PropertyValueSpecification\",\"valueRequired\":true,\"valueName\":\"search_term_string\"}}],\"inLanguage\":\"es-ES\"},{\"@type\":\"Organization\",\"@id\":\"https:\\\/\\\/distillery.com\\\/es\\\/#organization\",\"name\":\"Distillery\",\"url\":\"https:\\\/\\\/distillery.com\\\/es\\\/\",\"logo\":{\"@type\":\"ImageObject\",\"inLanguage\":\"es-ES\",\"@id\":\"https:\\\/\\\/distillery.com\\\/es\\\/#\\\/schema\\\/logo\\\/image\\\/\",\"url\":\"https:\\\/\\\/distillery.com\\\/wp-content\\\/uploads\\\/2023\\\/06\\\/Layer_1-27.svg\",\"contentUrl\":\"https:\\\/\\\/distillery.com\\\/wp-content\\\/uploads\\\/2023\\\/06\\\/Layer_1-27.svg\",\"width\":82,\"height\":106,\"caption\":\"Distillery\"},\"image\":{\"@id\":\"https:\\\/\\\/distillery.com\\\/es\\\/#\\\/schema\\\/logo\\\/image\\\/\"},\"sameAs\":[\"https:\\\/\\\/www.facebook.com\\\/DistilleryTech\",\"https:\\\/\\\/x.com\\\/DistilleryTech\",\"https:\\\/\\\/www.linkedin.com\\\/company\\\/Distillery-Tech\",\"https:\\\/\\\/www.instagram.com\\\/Distillery_Tech\\\/\"]}]}<\/script>\n<!-- \/ Yoast SEO plugin. -->","yoast_head_json":{"title":"Turbocharge Tomorrow Ep. 7: \u00a1Oh, la humanidad! La IA en acci\u00f3n","description":"Acomp\u00e1\u00f1anos en el Episodio 7 de Turbocharge Tomorrow, en el que Johnny Lee, de AlixPartners, profundiza en el lado humano de la IA: c\u00f3mo pueden adoptarla los l\u00edderes para reforzar los equipos, proteger los conocimientos especializados e impulsar una transformaci\u00f3n real sin perder lo que hace funcionar a las organizaciones: las personas.","robots":{"index":"index","follow":"follow","max-snippet":"max-snippet:-1","max-image-preview":"max-image-preview:large","max-video-preview":"max-video-preview:-1"},"canonical":"https:\/\/distillery.com\/es\/episodio-no-7-oh-la-humanidad-la-ia-en-accion\/","og_locale":"es_ES","og_type":"article","og_title":"Turbocharge Tomorrow Ep. 7: \u00a1Oh, la humanidad! La IA en acci\u00f3n","og_description":"Acomp\u00e1\u00f1anos en el Episodio 7 de Turbocharge Tomorrow, en el que Johnny Lee, de AlixPartners, profundiza en el lado humano de la IA: c\u00f3mo pueden adoptarla los l\u00edderes para reforzar los equipos, proteger los conocimientos especializados e impulsar una transformaci\u00f3n real sin perder lo que hace funcionar a las organizaciones: las personas.","og_url":"https:\/\/distillery.com\/es\/episodio-no-7-oh-la-humanidad-la-ia-en-accion\/","og_site_name":"Distillery","article_publisher":"https:\/\/www.facebook.com\/DistilleryTech","article_modified_time":"2025-12-20T10:21:45+00:00","twitter_card":"summary_large_image","twitter_site":"@DistilleryTech","twitter_misc":{"Tiempo de lectura":"6 minutos"},"schema":{"@context":"https:\/\/schema.org","@graph":[{"@type":"WebPage","@id":"https:\/\/distillery.com\/es\/episodio-no-7-oh-la-humanidad-la-ia-en-accion\/","url":"https:\/\/distillery.com\/es\/episodio-no-7-oh-la-humanidad-la-ia-en-accion\/","name":"Turbocharge Tomorrow Ep. 7: \u00a1Oh, la humanidad! La IA en acci\u00f3n","isPartOf":{"@id":"https:\/\/distillery.com\/es\/#website"},"datePublished":"2025-12-20T09:56:34+00:00","dateModified":"2025-12-20T10:21:45+00:00","description":"Acomp\u00e1\u00f1anos en el Episodio 7 de Turbocharge Tomorrow, en el que Johnny Lee, de AlixPartners, profundiza en el lado humano de la IA: c\u00f3mo pueden adoptarla los l\u00edderes para reforzar los equipos, proteger los conocimientos especializados e impulsar una transformaci\u00f3n real sin perder lo que hace funcionar a las organizaciones: las personas.","breadcrumb":{"@id":"https:\/\/distillery.com\/es\/episodio-no-7-oh-la-humanidad-la-ia-en-accion\/#breadcrumb"},"inLanguage":"es-ES","potentialAction":[{"@type":"ReadAction","target":["https:\/\/distillery.com\/es\/episodio-no-7-oh-la-humanidad-la-ia-en-accion\/"]}]},{"@type":"BreadcrumbList","@id":"https:\/\/distillery.com\/es\/episodio-no-7-oh-la-humanidad-la-ia-en-accion\/#breadcrumb","itemListElement":[{"@type":"ListItem","position":1,"name":"Home","item":"https:\/\/distillery.com\/es\/"},{"@type":"ListItem","position":2,"name":"Episodio n\u00ba 7: \u00a1Oh, la humanidad! La IA en acci\u00f3n"}]},{"@type":"WebSite","@id":"https:\/\/distillery.com\/es\/#website","url":"https:\/\/distillery.com\/es\/","name":"Distillery","description":"Distillery is an award-winning nearshore software development company. Our top-tier development talent guarantee the best results.","publisher":{"@id":"https:\/\/distillery.com\/es\/#organization"},"potentialAction":[{"@type":"SearchAction","target":{"@type":"EntryPoint","urlTemplate":"https:\/\/distillery.com\/es\/?s={search_term_string}"},"query-input":{"@type":"PropertyValueSpecification","valueRequired":true,"valueName":"search_term_string"}}],"inLanguage":"es-ES"},{"@type":"Organization","@id":"https:\/\/distillery.com\/es\/#organization","name":"Distillery","url":"https:\/\/distillery.com\/es\/","logo":{"@type":"ImageObject","inLanguage":"es-ES","@id":"https:\/\/distillery.com\/es\/#\/schema\/logo\/image\/","url":"https:\/\/distillery.com\/wp-content\/uploads\/2023\/06\/Layer_1-27.svg","contentUrl":"https:\/\/distillery.com\/wp-content\/uploads\/2023\/06\/Layer_1-27.svg","width":82,"height":106,"caption":"Distillery"},"image":{"@id":"https:\/\/distillery.com\/es\/#\/schema\/logo\/image\/"},"sameAs":["https:\/\/www.facebook.com\/DistilleryTech","https:\/\/x.com\/DistilleryTech","https:\/\/www.linkedin.com\/company\/Distillery-Tech","https:\/\/www.instagram.com\/Distillery_Tech\/"]}]}},"_links":{"self":[{"href":"https:\/\/distillery.com\/es\/wp-json\/wp\/v2\/pages\/433961","targetHints":{"allow":["GET"]}}],"collection":[{"href":"https:\/\/distillery.com\/es\/wp-json\/wp\/v2\/pages"}],"about":[{"href":"https:\/\/distillery.com\/es\/wp-json\/wp\/v2\/types\/page"}],"author":[{"embeddable":true,"href":"https:\/\/distillery.com\/es\/wp-json\/wp\/v2\/users\/28"}],"replies":[{"embeddable":true,"href":"https:\/\/distillery.com\/es\/wp-json\/wp\/v2\/comments?post=433961"}],"version-history":[{"count":0,"href":"https:\/\/distillery.com\/es\/wp-json\/wp\/v2\/pages\/433961\/revisions"}],"wp:attachment":[{"href":"https:\/\/distillery.com\/es\/wp-json\/wp\/v2\/media?parent=433961"}],"curies":[{"name":"wp","href":"https:\/\/api.w.org\/{rel}","templated":true}]}}