{"id":433963,"date":"2025-12-20T10:06:46","date_gmt":"2025-12-20T10:06:46","guid":{"rendered":"https:\/\/distillery.com\/episodio-8-innovar-elevar-transformar-el-futuro-del-trabajo-con-kellie-romack\/"},"modified":"2025-12-20T10:22:05","modified_gmt":"2025-12-20T10:22:05","slug":"episodio-8-innovar-elevar-transformar-el-futuro-del-trabajo-con-kellie-romack","status":"publish","type":"page","link":"https:\/\/distillery.com\/es\/episodio-8-innovar-elevar-transformar-el-futuro-del-trabajo-con-kellie-romack\/","title":{"rendered":"Episodio 8: Innovar, Elevar, Transformar: El futuro del trabajo con Kellie Romack"},"content":{"rendered":"<p>[et_pb_section fb_built=&#8221;1&#8243; custom_padding_last_edited=&#8221;on|phone&#8221; _builder_version=&#8221;4.24.2&#8243; _module_preset=&#8221;default&#8221; background_color=&#8221;gcid-fa5717dc-1d9d-4f54-9b8a-eb04dc2efe68&#8243; background_image=&#8221;https:\/\/distillery.com\/wp-content\/uploads\/2025\/12\/abstract-blue-background-with-stars-ai-generate-1.webp&#8221; custom_margin=&#8221;-39px|||||&#8221; custom_padding=&#8221;149px||149px||true|false&#8221; custom_padding_tablet=&#8221;100px||100px||true|false&#8221; custom_padding_phone=&#8221;50px||50px||true|false&#8221; background_last_edited=&#8221;on|phone&#8221; global_colors_info=&#8221;{%22gcid-fa5717dc-1d9d-4f54-9b8a-eb04dc2efe68%22:%91%22background_color%22,%22background_color%22%93}&#8221; theme_builder_area=&#8221;post_content&#8221;][et_pb_row custom_padding_last_edited=&#8221;on|phone&#8221; _builder_version=&#8221;4.24.2&#8243; _module_preset=&#8221;default&#8221; width=&#8221;90%&#8221; max_width=&#8221;90%&#8221; custom_padding=&#8221;0px|||||&#8221; custom_padding_tablet=&#8221;&#8221; custom_padding_phone=&#8221;||0px||false|false&#8221; global_colors_info=&#8221;{}&#8221; theme_builder_area=&#8221;post_content&#8221;][et_pb_column type=&#8221;4_4&#8243; _builder_version=&#8221;4.23.2&#8243; _module_preset=&#8221;default&#8221; global_colors_info=&#8221;{}&#8221; theme_builder_area=&#8221;post_content&#8221;][et_pb_text _builder_version=&#8221;4.25.1&#8243; _module_preset=&#8221;default&#8221; text_text_color=&#8221;#020202&#8243; text_font_size=&#8221;28px&#8221; text_line_height=&#8221;1.6em&#8221; header_text_color=&#8221;#111111&#8243; header_font_size=&#8221;72px&#8221; header_2_text_color=&#8221;#FFFFFF&#8221; header_2_font_size=&#8221;24px&#8221; header_3_text_color=&#8221;#ffffff&#8221; header_3_font_size=&#8221;16px&#8221; custom_margin=&#8221;||0px||false|false&#8221; custom_padding=&#8221;50px||0px||false|false&#8221; text_font_size_tablet=&#8221;28px&#8221; text_font_size_phone=&#8221;24px&#8221; text_font_size_last_edited=&#8221;on|phone&#8221; header_font_size_tablet=&#8221;80px&#8221; header_font_size_phone=&#8221;40px&#8221; header_font_size_last_edited=&#8221;on|desktop&#8221; custom_css_free_form=&#8221;@media screen and (max-width: 768px){||  selector br{||  display:none||}||}&#8221; global_colors_info=&#8221;{}&#8221; content__hover_enabled=&#8221;off|desktop&#8221; content__hover=&#8221;<\/p>\n<h1><span> <\/span><\/h1>\n<p><span>Hay una forma m\u00e1s inteligente de escribir software:<br \/>y lo sabemos.<\/span><\/p>\n<p>&#8221; theme_builder_area=&#8221;post_content&#8221;]<\/p>\n<h3 style=\"text-align: center;\">CHARLAS AL AIRE LIBRE SOBRE CRECIMIENTO ESTRAT\u00c9GICO<\/h3>\n<p>[\/et_pb_text][et_pb_image src=&#8221;https:\/\/distillery.com\/wp-content\/uploads\/2024\/08\/TT-Logo-01.png&#8221; title_text=&#8221;TT-Logo-01&#8243; align=&#8221;center&#8221; _builder_version=&#8221;4.25.1&#8243; _module_preset=&#8221;default&#8221; width=&#8221;71%&#8221; global_colors_info=&#8221;{}&#8221; theme_builder_area=&#8221;post_content&#8221;][\/et_pb_image][et_pb_text _builder_version=&#8221;4.27.4&#8243; _module_preset=&#8221;default&#8221; text_text_color=&#8221;#ffffff&#8221; text_font_size=&#8221;20px&#8221; text_line_height=&#8221;1.6em&#8221; header_text_color=&#8221;#111111&#8243; header_font_size=&#8221;72px&#8221; header_2_text_color=&#8221;#FFFFFF&#8221; header_2_font_size=&#8221;24px&#8221; width=&#8221;70%&#8221; width_tablet=&#8221;70%&#8221; width_phone=&#8221;70%&#8221; width_last_edited=&#8221;on|desktop&#8221; module_alignment=&#8221;center&#8221; custom_padding=&#8221;0px||0px||false|false&#8221; text_font_size_tablet=&#8221;20px&#8221; text_font_size_phone=&#8221;20px&#8221; text_font_size_last_edited=&#8221;on|phone&#8221; header_font_size_tablet=&#8221;80px&#8221; header_font_size_phone=&#8221;40px&#8221; header_font_size_last_edited=&#8221;on|desktop&#8221; custom_css_free_form=&#8221;@media screen and (max-width: 768px){||  selector br{||  display:none||}||}&#8221; global_colors_info=&#8221;{}&#8221; content__hover_enabled=&#8221;off|desktop&#8221; content__hover=&#8221;<\/p>\n<h1><span> <\/span><\/h1>\n<p><span>Hay una forma m\u00e1s inteligente de escribir software:<br \/>y lo sabemos.<\/span><\/p>\n<p>&#8221; theme_builder_area=&#8221;post_content&#8221;]<\/p>\n<p style=\"text-align: center;\">Acomp\u00e1\u00f1anos en el Episodio 8 de Turbocharge Tomorrow mientras Kellie Romack, de ServiceNow, comparte c\u00f3mo los l\u00edderes digitales modernos equilibran la innovaci\u00f3n, la estabilidad operativa y la transformaci\u00f3n impulsada por la IA, al tiempo que mantienen a los equipos alineados, capacitados y preparados para lo que viene.<\/p>\n<p>[\/et_pb_text][\/et_pb_column][\/et_pb_row][\/et_pb_section][et_pb_section fb_built=&#8221;1&#8243; _builder_version=&#8221;4.24.2&#8243; _module_preset=&#8221;default&#8221; background_image=&#8221;https:\/\/distillery.com\/wp-content\/uploads\/2024\/04\/bg_content-1.jpg&#8221; global_colors_info=&#8221;{}&#8221; theme_builder_area=&#8221;post_content&#8221;][et_pb_row _builder_version=&#8221;4.24.2&#8243; _module_preset=&#8221;default&#8221; global_colors_info=&#8221;{}&#8221; theme_builder_area=&#8221;post_content&#8221;][et_pb_column type=&#8221;4_4&#8243; _builder_version=&#8221;4.24.2&#8243; _module_preset=&#8221;default&#8221; global_colors_info=&#8221;{}&#8221; theme_builder_area=&#8221;post_content&#8221;][et_pb_text _builder_version=&#8221;4.27.4&#8243; _module_preset=&#8221;default&#8221; text_text_color=&#8221;#FFFFFF&#8221; header_2_text_color=&#8221;#FFFFFF&#8221; global_colors_info=&#8221;{}&#8221; theme_builder_area=&#8221;post_content&#8221;]<\/p>\n<h2 style=\"text-align: center;\">Episodio 8: Innovar, Elevar, Transformar: El futuro del trabajo con Kellie Romack<\/h2>\n<p style=\"text-align: center;\"><span style=\"font-weight: 400;\">Acomp\u00e1\u00f1anos en el \u00faltimo episodio de Turbocharge Tomorrow, en el que el anfitri\u00f3n, Ethan Cole, PhD, se sienta con Kellie Romack, Directora de Informaci\u00f3n Digital de ServiceNow. Con experiencia de liderazgo en Walmart, Hilton y ServiceNow, Kellie comparte ideas pr\u00e1cticas sobre c\u00f3mo equilibrar la innovaci\u00f3n con la estabilidad operativa, crear experiencias digitales hiperpersonalizadas y ampliar la IA y la automatizaci\u00f3n para impulsar el impacto en el mundo real. <\/span><\/p>\n<p>[\/et_pb_text][\/et_pb_column][\/et_pb_row][\/et_pb_section][et_pb_section fb_built=&#8221;1&#8243; _builder_version=&#8221;4.24.2&#8243; _module_preset=&#8221;default&#8221; custom_padding=&#8221;||||false|false&#8221; global_colors_info=&#8221;{}&#8221; theme_builder_area=&#8221;post_content&#8221;][et_pb_row column_structure=&#8221;1_5,3_5,1_5&#8243; _builder_version=&#8221;4.25.1&#8243; _module_preset=&#8221;default&#8221; custom_padding=&#8221;0px||0px||false|false&#8221; global_colors_info=&#8221;{}&#8221; theme_builder_area=&#8221;post_content&#8221;][et_pb_column type=&#8221;1_5&#8243; _builder_version=&#8221;4.24.2&#8243; _module_preset=&#8221;default&#8221; z_index=&#8221;1&#8243; global_colors_info=&#8221;{}&#8221; theme_builder_area=&#8221;post_content&#8221;][\/et_pb_column][et_pb_column type=&#8221;3_5&#8243; _builder_version=&#8221;4.25.1&#8243; _module_preset=&#8221;default&#8221; z_index=&#8221;1&#8243; global_colors_info=&#8221;{}&#8221; theme_builder_area=&#8221;post_content&#8221;][et_pb_video src=&#8221;https:\/\/www.youtube.com\/watch?v=wT5d5S0-0K0&amp;list=PLQ5VvaTkX9BimZy5cFj8pVyLoFn3Z55Y9&#8243; _builder_version=&#8221;4.27.4&#8243; _module_preset=&#8221;default&#8221; z_index=&#8221;1&#8243; global_colors_info=&#8221;{}&#8221; theme_builder_area=&#8221;post_content&#8221;][\/et_pb_video][\/et_pb_column][et_pb_column type=&#8221;1_5&#8243; _builder_version=&#8221;4.24.2&#8243; _module_preset=&#8221;default&#8221; z_index=&#8221;1&#8243; global_colors_info=&#8221;{}&#8221; theme_builder_area=&#8221;post_content&#8221;][\/et_pb_column][\/et_pb_row][et_pb_row column_structure=&#8221;1_5,3_5,1_5&#8243; _builder_version=&#8221;4.24.2&#8243; _module_preset=&#8221;default&#8221; global_colors_info=&#8221;{}&#8221; theme_builder_area=&#8221;post_content&#8221;][et_pb_column type=&#8221;1_5&#8243; _builder_version=&#8221;4.24.2&#8243; _module_preset=&#8221;default&#8221; global_colors_info=&#8221;{}&#8221; theme_builder_area=&#8221;post_content&#8221;][\/et_pb_column][et_pb_column type=&#8221;3_5&#8243; _builder_version=&#8221;4.24.2&#8243; _module_preset=&#8221;default&#8221; global_colors_info=&#8221;{}&#8221; theme_builder_area=&#8221;post_content&#8221;][et_pb_text _builder_version=&#8221;4.27.4&#8243; _module_preset=&#8221;default&#8221; text_font_size=&#8221;20px&#8221; text_line_height=&#8221;1.8em&#8221; width=&#8221;100%&#8221; global_colors_info=&#8221;{}&#8221; theme_builder_area=&#8221;post_content&#8221;]<\/p>\n<h2 style=\"text-align: center;\"><b>Episodio destacado:<\/b><\/h2>\n<p style=\"text-align: center;\">En este episodio, Kellie Romack analiza c\u00f3mo los l\u00edderes digitales y de TI de hoy pueden modernizarse sin perder el control de los aspectos fundamentales. Habla de equilibrar los presupuestos, maximizar el valor con la IA y evolucionar los modelos operativos de TI para apoyar la flexibilidad y la innovaci\u00f3n r\u00e1pida. Kellie tambi\u00e9n explica lo que significa crear &#8220;libertad dentro del marco&#8221;, dando a los equipos espacio para experimentar al tiempo que se mantiene una s\u00f3lida gobernanza.  <\/p>\n<p style=\"text-align: center;\">La conversaci\u00f3n se adentra en el futuro del trabajo y en el enfoque de ServiceNow sobre la IA y la automatizaci\u00f3n, incluido el &#8220;Cliente Cero&#8221;, la ampliaci\u00f3n de los casos de uso de la IA para obtener un aumento real de la productividad y la creaci\u00f3n de experiencias de IA espec\u00edficas para cada funci\u00f3n. Kellie reflexiona sobre momentos cruciales de su trayectoria de liderazgo en Walmart y Hilton, y comparte consejos claros para los l\u00edderes digitales: adoptar la IA, mantenerse cerca del negocio, adoptar una mentalidad de producto y simplificar la colaboraci\u00f3n para impulsar una transformaci\u00f3n que se mantenga. <\/p>\n<p>[\/et_pb_text][\/et_pb_column][et_pb_column type=&#8221;1_5&#8243; _builder_version=&#8221;4.24.2&#8243; _module_preset=&#8221;default&#8221; global_colors_info=&#8221;{}&#8221; theme_builder_area=&#8221;post_content&#8221;][\/et_pb_column][\/et_pb_row][\/et_pb_section][et_pb_section fb_built=&#8221;1&#8243; _builder_version=&#8221;4.24.2&#8243; _module_preset=&#8221;default&#8221; background_image=&#8221;https:\/\/distillery.com\/wp-content\/uploads\/2024\/04\/bg_content-1.jpg&#8221; locked=&#8221;off&#8221; global_colors_info=&#8221;{}&#8221; theme_builder_area=&#8221;post_content&#8221;][et_pb_row _builder_version=&#8221;4.24.2&#8243; _module_preset=&#8221;default&#8221; global_colors_info=&#8221;{}&#8221; theme_builder_area=&#8221;post_content&#8221;][et_pb_column type=&#8221;4_4&#8243; _builder_version=&#8221;4.24.2&#8243; _module_preset=&#8221;default&#8221; global_colors_info=&#8221;{}&#8221; theme_builder_area=&#8221;post_content&#8221;][et_pb_button button_url=&#8221;https:\/\/distillery.com\/distillery-compound&#8221; button_text=&#8221;VOLVER A TODOS LOS EPISODIOS  &#8221; button_alignment=&#8221;center&#8221; _builder_version=&#8221;4.25.1&#8243; _module_preset=&#8221;default&#8221; custom_button=&#8221;on&#8221; button_text_color=&#8221;#124ec6&#8243; button_bg_color=&#8221;#FFFFFF&#8221; button_font=&#8221;|600|||||||&#8221; global_colors_info=&#8221;{}&#8221; theme_builder_area=&#8221;post_content&#8221;][\/et_pb_button][\/et_pb_column][\/et_pb_row][\/et_pb_section]<\/p>\n","protected":false},"excerpt":{"rendered":"<p>CHARLAS AL AIRE LIBRE SOBRE CRECIMIENTO ESTRAT\u00c9GICOAcomp\u00e1\u00f1anos en el Episodio 8 de Turbocharge Tomorrow mientras Kellie Romack, de ServiceNow, comparte c\u00f3mo los l\u00edderes digitales modernos equilibran la innovaci\u00f3n, la estabilidad [&hellip;]<\/p>\n","protected":false},"author":28,"featured_media":0,"parent":0,"menu_order":3,"comment_status":"closed","ping_status":"closed","template":"","meta":{"_acf_changed":false,"_et_pb_use_builder":"on","_et_pb_old_content":"","_et_gb_content_width":"","content-type":"","footnotes":"","_wp_rev_ctl_limit":""},"class_list":["post-433963","page","type-page","status-publish","hentry"],"acf":[],"yoast_head":"<!-- This site is optimized with the Yoast SEO plugin v27.4 - https:\/\/yoast.com\/product\/yoast-seo-wordpress\/ -->\n<title>Turbocharge Tomorrow Ep. 8: Innovar, Elevar, Transformar<\/title>\n<meta name=\"description\" content=\"Acomp\u00e1\u00f1anos en el Episodio 8 de Turbocharge Tomorrow mientras Kellie Romack, de ServiceNow, comparte c\u00f3mo los l\u00edderes digitales modernos equilibran la innovaci\u00f3n, la estabilidad operativa y la transformaci\u00f3n impulsada por la IA, al tiempo que mantienen a los equipos alineados, capacitados y preparados para lo que viene.\" \/>\n<meta name=\"robots\" content=\"index, follow, max-snippet:-1, max-image-preview:large, max-video-preview:-1\" \/>\n<link rel=\"canonical\" href=\"https:\/\/distillery.com\/es\/episodio-8-innovar-elevar-transformar-el-futuro-del-trabajo-con-kellie-romack\/\" \/>\n<meta property=\"og:locale\" content=\"es_ES\" \/>\n<meta property=\"og:type\" content=\"article\" \/>\n<meta property=\"og:title\" content=\"Turbocharge Tomorrow Ep. 8: Innovar, Elevar, Transformar\" \/>\n<meta property=\"og:description\" content=\"Acomp\u00e1\u00f1anos en el Episodio 8 de Turbocharge Tomorrow mientras Kellie Romack, de ServiceNow, comparte c\u00f3mo los l\u00edderes digitales modernos equilibran la innovaci\u00f3n, la estabilidad operativa y la transformaci\u00f3n impulsada por la IA, al tiempo que mantienen a los equipos alineados, capacitados y preparados para lo que viene.\" \/>\n<meta property=\"og:url\" content=\"https:\/\/distillery.com\/es\/episodio-8-innovar-elevar-transformar-el-futuro-del-trabajo-con-kellie-romack\/\" \/>\n<meta property=\"og:site_name\" content=\"Distillery\" \/>\n<meta property=\"article:publisher\" content=\"https:\/\/www.facebook.com\/DistilleryTech\" \/>\n<meta property=\"article:modified_time\" content=\"2025-12-20T10:22:05+00:00\" \/>\n<meta name=\"twitter:card\" content=\"summary_large_image\" \/>\n<meta name=\"twitter:site\" content=\"@DistilleryTech\" \/>\n<meta name=\"twitter:label1\" content=\"Tiempo de lectura\" \/>\n\t<meta name=\"twitter:data1\" content=\"6 minutos\" \/>\n<script type=\"application\/ld+json\" class=\"yoast-schema-graph\">{\"@context\":\"https:\\\/\\\/schema.org\",\"@graph\":[{\"@type\":\"WebPage\",\"@id\":\"https:\\\/\\\/distillery.com\\\/es\\\/episodio-8-innovar-elevar-transformar-el-futuro-del-trabajo-con-kellie-romack\\\/\",\"url\":\"https:\\\/\\\/distillery.com\\\/es\\\/episodio-8-innovar-elevar-transformar-el-futuro-del-trabajo-con-kellie-romack\\\/\",\"name\":\"Turbocharge Tomorrow Ep. 8: Innovar, Elevar, Transformar\",\"isPartOf\":{\"@id\":\"https:\\\/\\\/distillery.com\\\/es\\\/#website\"},\"datePublished\":\"2025-12-20T10:06:46+00:00\",\"dateModified\":\"2025-12-20T10:22:05+00:00\",\"description\":\"Acomp\u00e1\u00f1anos en el Episodio 8 de Turbocharge Tomorrow mientras Kellie Romack, de ServiceNow, comparte c\u00f3mo los l\u00edderes digitales modernos equilibran la innovaci\u00f3n, la estabilidad operativa y la transformaci\u00f3n impulsada por la IA, al tiempo que mantienen a los equipos alineados, capacitados y preparados para lo que viene.\",\"breadcrumb\":{\"@id\":\"https:\\\/\\\/distillery.com\\\/es\\\/episodio-8-innovar-elevar-transformar-el-futuro-del-trabajo-con-kellie-romack\\\/#breadcrumb\"},\"inLanguage\":\"es-ES\",\"potentialAction\":[{\"@type\":\"ReadAction\",\"target\":[\"https:\\\/\\\/distillery.com\\\/es\\\/episodio-8-innovar-elevar-transformar-el-futuro-del-trabajo-con-kellie-romack\\\/\"]}]},{\"@type\":\"BreadcrumbList\",\"@id\":\"https:\\\/\\\/distillery.com\\\/es\\\/episodio-8-innovar-elevar-transformar-el-futuro-del-trabajo-con-kellie-romack\\\/#breadcrumb\",\"itemListElement\":[{\"@type\":\"ListItem\",\"position\":1,\"name\":\"Home\",\"item\":\"https:\\\/\\\/distillery.com\\\/es\\\/\"},{\"@type\":\"ListItem\",\"position\":2,\"name\":\"Episodio 8: Innovar, Elevar, Transformar: El futuro del trabajo con Kellie Romack\"}]},{\"@type\":\"WebSite\",\"@id\":\"https:\\\/\\\/distillery.com\\\/es\\\/#website\",\"url\":\"https:\\\/\\\/distillery.com\\\/es\\\/\",\"name\":\"Distillery\",\"description\":\"Distillery is an award-winning nearshore software development company. Our top-tier development talent guarantee the best results.\",\"publisher\":{\"@id\":\"https:\\\/\\\/distillery.com\\\/es\\\/#organization\"},\"potentialAction\":[{\"@type\":\"SearchAction\",\"target\":{\"@type\":\"EntryPoint\",\"urlTemplate\":\"https:\\\/\\\/distillery.com\\\/es\\\/?s={search_term_string}\"},\"query-input\":{\"@type\":\"PropertyValueSpecification\",\"valueRequired\":true,\"valueName\":\"search_term_string\"}}],\"inLanguage\":\"es-ES\"},{\"@type\":\"Organization\",\"@id\":\"https:\\\/\\\/distillery.com\\\/es\\\/#organization\",\"name\":\"Distillery\",\"url\":\"https:\\\/\\\/distillery.com\\\/es\\\/\",\"logo\":{\"@type\":\"ImageObject\",\"inLanguage\":\"es-ES\",\"@id\":\"https:\\\/\\\/distillery.com\\\/es\\\/#\\\/schema\\\/logo\\\/image\\\/\",\"url\":\"https:\\\/\\\/distillery.com\\\/wp-content\\\/uploads\\\/2023\\\/06\\\/Layer_1-27.svg\",\"contentUrl\":\"https:\\\/\\\/distillery.com\\\/wp-content\\\/uploads\\\/2023\\\/06\\\/Layer_1-27.svg\",\"width\":82,\"height\":106,\"caption\":\"Distillery\"},\"image\":{\"@id\":\"https:\\\/\\\/distillery.com\\\/es\\\/#\\\/schema\\\/logo\\\/image\\\/\"},\"sameAs\":[\"https:\\\/\\\/www.facebook.com\\\/DistilleryTech\",\"https:\\\/\\\/x.com\\\/DistilleryTech\",\"https:\\\/\\\/www.linkedin.com\\\/company\\\/Distillery-Tech\",\"https:\\\/\\\/www.instagram.com\\\/Distillery_Tech\\\/\"]}]}<\/script>\n<!-- \/ Yoast SEO plugin. -->","yoast_head_json":{"title":"Turbocharge Tomorrow Ep. 8: Innovar, Elevar, Transformar","description":"Acomp\u00e1\u00f1anos en el Episodio 8 de Turbocharge Tomorrow mientras Kellie Romack, de ServiceNow, comparte c\u00f3mo los l\u00edderes digitales modernos equilibran la innovaci\u00f3n, la estabilidad operativa y la transformaci\u00f3n impulsada por la IA, al tiempo que mantienen a los equipos alineados, capacitados y preparados para lo que viene.","robots":{"index":"index","follow":"follow","max-snippet":"max-snippet:-1","max-image-preview":"max-image-preview:large","max-video-preview":"max-video-preview:-1"},"canonical":"https:\/\/distillery.com\/es\/episodio-8-innovar-elevar-transformar-el-futuro-del-trabajo-con-kellie-romack\/","og_locale":"es_ES","og_type":"article","og_title":"Turbocharge Tomorrow Ep. 8: Innovar, Elevar, Transformar","og_description":"Acomp\u00e1\u00f1anos en el Episodio 8 de Turbocharge Tomorrow mientras Kellie Romack, de ServiceNow, comparte c\u00f3mo los l\u00edderes digitales modernos equilibran la innovaci\u00f3n, la estabilidad operativa y la transformaci\u00f3n impulsada por la IA, al tiempo que mantienen a los equipos alineados, capacitados y preparados para lo que viene.","og_url":"https:\/\/distillery.com\/es\/episodio-8-innovar-elevar-transformar-el-futuro-del-trabajo-con-kellie-romack\/","og_site_name":"Distillery","article_publisher":"https:\/\/www.facebook.com\/DistilleryTech","article_modified_time":"2025-12-20T10:22:05+00:00","twitter_card":"summary_large_image","twitter_site":"@DistilleryTech","twitter_misc":{"Tiempo de lectura":"6 minutos"},"schema":{"@context":"https:\/\/schema.org","@graph":[{"@type":"WebPage","@id":"https:\/\/distillery.com\/es\/episodio-8-innovar-elevar-transformar-el-futuro-del-trabajo-con-kellie-romack\/","url":"https:\/\/distillery.com\/es\/episodio-8-innovar-elevar-transformar-el-futuro-del-trabajo-con-kellie-romack\/","name":"Turbocharge Tomorrow Ep. 8: Innovar, Elevar, Transformar","isPartOf":{"@id":"https:\/\/distillery.com\/es\/#website"},"datePublished":"2025-12-20T10:06:46+00:00","dateModified":"2025-12-20T10:22:05+00:00","description":"Acomp\u00e1\u00f1anos en el Episodio 8 de Turbocharge Tomorrow mientras Kellie Romack, de ServiceNow, comparte c\u00f3mo los l\u00edderes digitales modernos equilibran la innovaci\u00f3n, la estabilidad operativa y la transformaci\u00f3n impulsada por la IA, al tiempo que mantienen a los equipos alineados, capacitados y preparados para lo que viene.","breadcrumb":{"@id":"https:\/\/distillery.com\/es\/episodio-8-innovar-elevar-transformar-el-futuro-del-trabajo-con-kellie-romack\/#breadcrumb"},"inLanguage":"es-ES","potentialAction":[{"@type":"ReadAction","target":["https:\/\/distillery.com\/es\/episodio-8-innovar-elevar-transformar-el-futuro-del-trabajo-con-kellie-romack\/"]}]},{"@type":"BreadcrumbList","@id":"https:\/\/distillery.com\/es\/episodio-8-innovar-elevar-transformar-el-futuro-del-trabajo-con-kellie-romack\/#breadcrumb","itemListElement":[{"@type":"ListItem","position":1,"name":"Home","item":"https:\/\/distillery.com\/es\/"},{"@type":"ListItem","position":2,"name":"Episodio 8: Innovar, Elevar, Transformar: El futuro del trabajo con Kellie Romack"}]},{"@type":"WebSite","@id":"https:\/\/distillery.com\/es\/#website","url":"https:\/\/distillery.com\/es\/","name":"Distillery","description":"Distillery is an award-winning nearshore software development company. Our top-tier development talent guarantee the best results.","publisher":{"@id":"https:\/\/distillery.com\/es\/#organization"},"potentialAction":[{"@type":"SearchAction","target":{"@type":"EntryPoint","urlTemplate":"https:\/\/distillery.com\/es\/?s={search_term_string}"},"query-input":{"@type":"PropertyValueSpecification","valueRequired":true,"valueName":"search_term_string"}}],"inLanguage":"es-ES"},{"@type":"Organization","@id":"https:\/\/distillery.com\/es\/#organization","name":"Distillery","url":"https:\/\/distillery.com\/es\/","logo":{"@type":"ImageObject","inLanguage":"es-ES","@id":"https:\/\/distillery.com\/es\/#\/schema\/logo\/image\/","url":"https:\/\/distillery.com\/wp-content\/uploads\/2023\/06\/Layer_1-27.svg","contentUrl":"https:\/\/distillery.com\/wp-content\/uploads\/2023\/06\/Layer_1-27.svg","width":82,"height":106,"caption":"Distillery"},"image":{"@id":"https:\/\/distillery.com\/es\/#\/schema\/logo\/image\/"},"sameAs":["https:\/\/www.facebook.com\/DistilleryTech","https:\/\/x.com\/DistilleryTech","https:\/\/www.linkedin.com\/company\/Distillery-Tech","https:\/\/www.instagram.com\/Distillery_Tech\/"]}]}},"_links":{"self":[{"href":"https:\/\/distillery.com\/es\/wp-json\/wp\/v2\/pages\/433963","targetHints":{"allow":["GET"]}}],"collection":[{"href":"https:\/\/distillery.com\/es\/wp-json\/wp\/v2\/pages"}],"about":[{"href":"https:\/\/distillery.com\/es\/wp-json\/wp\/v2\/types\/page"}],"author":[{"embeddable":true,"href":"https:\/\/distillery.com\/es\/wp-json\/wp\/v2\/users\/28"}],"replies":[{"embeddable":true,"href":"https:\/\/distillery.com\/es\/wp-json\/wp\/v2\/comments?post=433963"}],"version-history":[{"count":0,"href":"https:\/\/distillery.com\/es\/wp-json\/wp\/v2\/pages\/433963\/revisions"}],"wp:attachment":[{"href":"https:\/\/distillery.com\/es\/wp-json\/wp\/v2\/media?parent=433963"}],"curies":[{"name":"wp","href":"https:\/\/api.w.org\/{rel}","templated":true}]}}