{"id":494642,"date":"2026-04-06T23:08:18","date_gmt":"2026-04-06T23:08:18","guid":{"rendered":"https:\/\/distillery.com\/episodio-11-donde-mas-importa-el-tiempo-real-en-el-comercio-electronico\/"},"modified":"2026-04-07T10:46:01","modified_gmt":"2026-04-07T10:46:01","slug":"episodio-11-donde-mas-importa-el-tiempo-real-en-el-comercio-electronico","status":"publish","type":"page","link":"https:\/\/distillery.com\/es\/episodio-11-donde-mas-importa-el-tiempo-real-en-el-comercio-electronico\/","title":{"rendered":"Episodio 11: Donde m\u00e1s importa el tiempo real en el comercio electr\u00f3nico"},"content":{"rendered":"<p>[et_pb_section fb_built=&#8221;1&#8243; custom_padding_last_edited=&#8221;on|phone&#8221; _builder_version=&#8221;4.24.2&#8243; _module_preset=&#8221;default&#8221; background_color=&#8221;gcid-fa5717dc-1d9d-4f54-9b8a-eb04dc2efe68&#8243; background_image=&#8221;https:\/\/distillery.com\/wp-content\/uploads\/2025\/12\/abstract-blue-background-with-stars-ai-generate-3.webp&#8221; custom_margin=&#8221;-39px|||||&#8221; custom_padding=&#8221;149px||149px||true|false&#8221; custom_padding_tablet=&#8221;100px||100px||true|false&#8221; custom_padding_phone=&#8221;50px||50px||true|false&#8221; background_last_edited=&#8221;on|phone&#8221; global_colors_info=&#8221;{%22gcid-fa5717dc-1d9d-4f54-9b8a-eb04dc2efe68%22:%91%22background_color%22,%22background_color%22,%22background_color%22,%22background_color%22%93}&#8221;][et_pb_row custom_padding_last_edited=&#8221;on|phone&#8221; _builder_version=&#8221;4.24.2&#8243; _module_preset=&#8221;default&#8221; width=&#8221;90%&#8221; max_width=&#8221;90%&#8221; custom_padding=&#8221;0px|||||&#8221; custom_padding_tablet=&#8221;&#8221; custom_padding_phone=&#8221;||0px||false|false&#8221; global_colors_info=&#8221;{}&#8221;][et_pb_column type=&#8221;4_4&#8243; _builder_version=&#8221;4.23.2&#8243; _module_preset=&#8221;default&#8221; global_colors_info=&#8221;{}&#8221;][et_pb_text _builder_version=&#8221;4.25.1&#8243; _module_preset=&#8221;default&#8221; text_text_color=&#8221;#020202&#8243; text_font_size=&#8221;28px&#8221; text_line_height=&#8221;1.6em&#8221; header_text_color=&#8221;#111111&#8243; header_font_size=&#8221;72px&#8221; header_2_text_color=&#8221;#FFFFFF&#8221; header_2_font_size=&#8221;24px&#8221; header_3_text_color=&#8221;#ffffff&#8221; header_3_font_size=&#8221;16px&#8221; custom_margin=&#8221;||0px||false|false&#8221; custom_padding=&#8221;50px||0px||false|false&#8221; text_font_size_tablet=&#8221;28px&#8221; text_font_size_phone=&#8221;24px&#8221; text_font_size_last_edited=&#8221;on|phone&#8221; header_font_size_tablet=&#8221;80px&#8221; header_font_size_phone=&#8221;40px&#8221; header_font_size_last_edited=&#8221;on|desktop&#8221; custom_css_free_form=&#8221;@media screen and (max-width: 768px){||  selector br{||  display:none||}||}&#8221; global_colors_info=&#8221;{}&#8221; content__hover_enabled=&#8221;off|desktop&#8221; content__hover=&#8221;<\/p>\n<h1><span> <\/span><\/h1>\n<p><span>Hay una forma m\u00e1s inteligente de escribir software:<br \/>y lo sabemos.<\/span><\/p>\n<p>&#8220;]<\/p>\n<h3 style=\"text-align: center;\">CHARLAS AL AIRE LIBRE SOBRE CRECIMIENTO ESTRAT\u00c9GICO<\/h3>\n<p>[\/et_pb_text][et_pb_image src=&#8221;https:\/\/distillery.com\/wp-content\/uploads\/2024\/08\/TT-Logo-01.png&#8221; title_text=&#8221;TT-Logo-01&#8243; align=&#8221;center&#8221; _builder_version=&#8221;4.25.1&#8243; _module_preset=&#8221;default&#8221; width=&#8221;71%&#8221; global_colors_info=&#8221;{}&#8221;][\/et_pb_image][et_pb_text _builder_version=&#8221;4.27.5&#8243; _module_preset=&#8221;default&#8221; text_text_color=&#8221;#ffffff&#8221; text_font_size=&#8221;20px&#8221; text_line_height=&#8221;1.6em&#8221; header_text_color=&#8221;#111111&#8243; header_font_size=&#8221;72px&#8221; header_2_text_color=&#8221;#FFFFFF&#8221; header_2_font_size=&#8221;24px&#8221; width=&#8221;70%&#8221; width_tablet=&#8221;70%&#8221; width_phone=&#8221;70%&#8221; width_last_edited=&#8221;on|desktop&#8221; module_alignment=&#8221;center&#8221; custom_padding=&#8221;0px||0px||false|false&#8221; text_font_size_tablet=&#8221;20px&#8221; text_font_size_phone=&#8221;20px&#8221; text_font_size_last_edited=&#8221;on|phone&#8221; header_font_size_tablet=&#8221;80px&#8221; header_font_size_phone=&#8221;40px&#8221; header_font_size_last_edited=&#8221;on|desktop&#8221; custom_css_free_form=&#8221;@media screen and (max-width: 768px){||  selector br{||  display:none||}||}&#8221; global_colors_info=&#8221;{}&#8221; content__hover_enabled=&#8221;off|desktop&#8221; content__hover=&#8221;<\/p>\n<h1><span> <\/span><\/h1>\n<p><span>Hay una forma m\u00e1s inteligente de escribir software:<br \/>y lo sabemos.<\/span><\/p>\n<p>&#8220;]<\/p>\n<p style=\"text-align: center;\">Acomp\u00e1\u00f1anos en el Episodio 11 de Turbocharge Tomorrow mientras Emanuel Paz, Jefe de Datos de Distillery, comparte c\u00f3mo los equipos de comercio electr\u00f3nico pueden alinear los datos en tiempo real, las percepciones del comportamiento y el descubrimiento impulsado por la IA con las se\u00f1ales que realmente impulsan la conversi\u00f3n y los ingresos.<\/p>\n<p>[\/et_pb_text][\/et_pb_column][\/et_pb_row][\/et_pb_section][et_pb_section fb_built=&#8221;1&#8243; _builder_version=&#8221;4.24.2&#8243; _module_preset=&#8221;default&#8221; background_image=&#8221;https:\/\/distillery.com\/wp-content\/uploads\/2024\/04\/bg_content-1.jpg&#8221; global_colors_info=&#8221;{}&#8221;][et_pb_row _builder_version=&#8221;4.24.2&#8243; _module_preset=&#8221;default&#8221; global_colors_info=&#8221;{}&#8221;][et_pb_column type=&#8221;4_4&#8243; _builder_version=&#8221;4.24.2&#8243; _module_preset=&#8221;default&#8221; global_colors_info=&#8221;{}&#8221;][et_pb_text _builder_version=&#8221;4.27.5&#8243; _module_preset=&#8221;default&#8221; text_text_color=&#8221;#FFFFFF&#8221; header_2_text_color=&#8221;#FFFFFF&#8221; global_colors_info=&#8221;{}&#8221;]<\/p>\n<h2 style=\"text-align: center;\">Episodio 11: Donde m\u00e1s importa el tiempo real en el comercio electr\u00f3nico<\/h2>\n<p style=\"text-align: center;\">Los datos en tiempo real se han convertido en la ambici\u00f3n por defecto de los equipos modernos de comercio electr\u00f3nico. Rastrea cada clic. Transmite cada evento. Reacciona al instante. Pero la velocidad por s\u00ed sola no garantiza mejores resultados.    <\/p>\n<p style=\"text-align: center;\">En este episodio de Turbocharge Tomorrow, Emanuel Paz, Jefe de Datos de Distillery, se une al anfitri\u00f3n Ethan Cole, PhD, para explicar c\u00f3mo los equipos de datos experimentados deciden d\u00f3nde importa realmente el tiempo real y d\u00f3nde simplemente a\u00f1ade costes y complejidad. Desde el descubrimiento de productos impulsado por la IA hasta el an\u00e1lisis del comportamiento, Emanuel comparte c\u00f3mo los equipos pueden conectar las se\u00f1ales de datos con lo que realmente impulsa la conversi\u00f3n. <\/p>\n<p>[\/et_pb_text][\/et_pb_column][\/et_pb_row][\/et_pb_section][et_pb_section fb_built=&#8221;1&#8243; _builder_version=&#8221;4.24.2&#8243; _module_preset=&#8221;default&#8221; custom_padding=&#8221;||||false|false&#8221; global_colors_info=&#8221;{}&#8221;][et_pb_row column_structure=&#8221;1_5,3_5,1_5&#8243; _builder_version=&#8221;4.25.1&#8243; _module_preset=&#8221;default&#8221; custom_padding=&#8221;0px||0px||false|false&#8221; global_colors_info=&#8221;{}&#8221;][et_pb_column type=&#8221;1_5&#8243; _builder_version=&#8221;4.24.2&#8243; _module_preset=&#8221;default&#8221; z_index=&#8221;1&#8243; global_colors_info=&#8221;{}&#8221;][\/et_pb_column][et_pb_column type=&#8221;3_5&#8243; _builder_version=&#8221;4.25.1&#8243; _module_preset=&#8221;default&#8221; z_index=&#8221;1&#8243; global_colors_info=&#8221;{}&#8221;][et_pb_video src=&#8221;https:\/\/www.youtube.com\/watch?v=XUNZSU1CM4M&#8221; _builder_version=&#8221;4.27.5&#8243; _module_preset=&#8221;default&#8221; global_colors_info=&#8221;{}&#8221;][\/et_pb_video][\/et_pb_column][et_pb_column type=&#8221;1_5&#8243; _builder_version=&#8221;4.24.2&#8243; _module_preset=&#8221;default&#8221; z_index=&#8221;1&#8243; global_colors_info=&#8221;{}&#8221;][\/et_pb_column][\/et_pb_row][et_pb_row column_structure=&#8221;1_5,3_5,1_5&#8243; _builder_version=&#8221;4.24.2&#8243; _module_preset=&#8221;default&#8221; global_colors_info=&#8221;{}&#8221;][et_pb_column type=&#8221;1_5&#8243; _builder_version=&#8221;4.24.2&#8243; _module_preset=&#8221;default&#8221; global_colors_info=&#8221;{}&#8221;][\/et_pb_column][et_pb_column type=&#8221;3_5&#8243; _builder_version=&#8221;4.24.2&#8243; _module_preset=&#8221;default&#8221; global_colors_info=&#8221;{}&#8221;][et_pb_text _builder_version=&#8221;4.27.5&#8243; _module_preset=&#8221;default&#8221; text_font_size=&#8221;20px&#8221; text_line_height=&#8221;1.8em&#8221; width=&#8221;100%&#8221; global_colors_info=&#8221;{}&#8221;]<\/p>\n<h2 style=\"text-align: center;\"><b>Episodio destacado:<\/b><\/h2>\n<p style=\"text-align: center;\">En este episodio, Emanuel Paz analiza c\u00f3mo est\u00e1 cambiando el descubrimiento de productos a medida que m\u00e1s consumidores comienzan su viaje dentro de herramientas de IA en lugar de la b\u00fasqueda tradicional. Explica lo que esto significa para la forma en que las empresas estructuran los datos, metadatos y contenidos de los productos, y por qu\u00e9 la visibilidad en las experiencias impulsadas por la Inteligencia Artificial se est\u00e1 convirtiendo en una nueva prioridad junto al SEO tradicional. <\/p>\n<p style=\"text-align: center;\">A continuaci\u00f3n, la conversaci\u00f3n se centra en lo que ocurre despu\u00e9s del descubrimiento, donde los datos de comportamiento y el aprendizaje autom\u00e1tico siguen desempe\u00f1ando un papel fundamental. Emanuel repasa las se\u00f1ales que realmente se correlacionan con la conversi\u00f3n, desde los patrones del flujo de clics hasta los indicadores de fricci\u00f3n, como la indecisi\u00f3n y el abandono, y comparte c\u00f3mo los equipos pueden conectar mejor esos conocimientos con los resultados de los ingresos. <\/p>\n<p style=\"text-align: center;\">Tambi\u00e9n exploran d\u00f3nde el aprendizaje autom\u00e1tico sigue superando a los enfoques de IA m\u00e1s complejos, especialmente en \u00e1reas como la detecci\u00f3n de patrones y la optimizaci\u00f3n de la conversi\u00f3n. Emanuel subraya la importancia de utilizar la herramienta adecuada para el problema, en lugar de recurrir por defecto a la \u00faltima tendencia. <\/p>\n<p style=\"text-align: center;\">El episodio concluye con un marco pr\u00e1ctico para evaluar las inversiones en tiempo real. Emanuel esboza c\u00f3mo los equipos pueden simplificar la arquitectura de datos, centrarse en las m\u00e9tricas que importan y asegurarse de que sus sistemas apoyan la toma de decisiones, no s\u00f3lo cuadros de mando m\u00e1s r\u00e1pidos. <\/p>\n<p>[\/et_pb_text][\/et_pb_column][et_pb_column type=&#8221;1_5&#8243; _builder_version=&#8221;4.24.2&#8243; _module_preset=&#8221;default&#8221; global_colors_info=&#8221;{}&#8221;][\/et_pb_column][\/et_pb_row][\/et_pb_section][et_pb_section fb_built=&#8221;1&#8243; _builder_version=&#8221;4.24.2&#8243; _module_preset=&#8221;default&#8221; background_image=&#8221;https:\/\/distillery.com\/wp-content\/uploads\/2024\/04\/bg_content-1.jpg&#8221; locked=&#8221;off&#8221; global_colors_info=&#8221;{}&#8221;][et_pb_row _builder_version=&#8221;4.24.2&#8243; _module_preset=&#8221;default&#8221; global_colors_info=&#8221;{}&#8221;][et_pb_column type=&#8221;4_4&#8243; _builder_version=&#8221;4.24.2&#8243; _module_preset=&#8221;default&#8221; global_colors_info=&#8221;{}&#8221;][et_pb_button button_url=&#8221;https:\/\/distillery.com\/es\/acelera-el-manana\/&#8221; button_text=&#8221;VOLVER A TODOS LOS EPISODIOS  &#8221; button_alignment=&#8221;center&#8221; _builder_version=&#8221;4.27.5&#8243; _module_preset=&#8221;default&#8221; custom_button=&#8221;on&#8221; button_text_color=&#8221;#124ec6&#8243; button_bg_color=&#8221;#FFFFFF&#8221; button_font=&#8221;|600|||||||&#8221; hover_enabled=&#8221;0&#8243; global_colors_info=&#8221;{}&#8221; sticky_enabled=&#8221;0&#8243;][\/et_pb_button][\/et_pb_column][\/et_pb_row][\/et_pb_section]<\/p>\n","protected":false},"excerpt":{"rendered":"<p>CHARLAS AL AIRE LIBRE SOBRE CRECIMIENTO ESTRAT\u00c9GICOAcomp\u00e1\u00f1anos en el Episodio 11 de Turbocharge Tomorrow mientras Emanuel Paz, Jefe de Datos de Distillery, comparte c\u00f3mo los equipos de comercio electr\u00f3nico pueden [&hellip;]<\/p>\n","protected":false},"author":28,"featured_media":0,"parent":0,"menu_order":3,"comment_status":"closed","ping_status":"closed","template":"","meta":{"_acf_changed":false,"_et_pb_use_builder":"on","_et_pb_old_content":"","_et_gb_content_width":"","content-type":"","footnotes":"","_wp_rev_ctl_limit":""},"class_list":["post-494642","page","type-page","status-publish","hentry"],"acf":[],"yoast_head":"<!-- This site is optimized with the Yoast SEO plugin v27.5 - https:\/\/yoast.com\/product\/yoast-seo-wordpress\/ -->\n<title>Turbocharge Tomorrow Ep. 11: Donde m\u00e1s importa el tiempo real en el comercio electr\u00f3nico<\/title>\n<meta name=\"description\" content=\"Acomp\u00e1\u00f1anos en el Episodio 11 de Turbocharge Tomorrow mientras Emanuel Paz, Jefe de Datos de Distillery, comparte c\u00f3mo los equipos de comercio electr\u00f3nico pueden alinear los datos en tiempo real, las percepciones del comportamiento y el descubrimiento impulsado por la IA con las se\u00f1ales que realmente impulsan la conversi\u00f3n y los ingresos.\" \/>\n<meta name=\"robots\" content=\"index, follow, max-snippet:-1, max-image-preview:large, max-video-preview:-1\" \/>\n<link rel=\"canonical\" href=\"https:\/\/distillery.com\/es\/episodio-11-donde-mas-importa-el-tiempo-real-en-el-comercio-electronico\/\" \/>\n<meta property=\"og:locale\" content=\"es_ES\" \/>\n<meta property=\"og:type\" content=\"article\" \/>\n<meta property=\"og:title\" content=\"Turbocharge Tomorrow Ep. 11: Donde m\u00e1s importa el tiempo real en el comercio electr\u00f3nico\" \/>\n<meta property=\"og:description\" content=\"Acomp\u00e1\u00f1anos en el Episodio 11 de Turbocharge Tomorrow mientras Emanuel Paz, Jefe de Datos de Distillery, comparte c\u00f3mo los equipos de comercio electr\u00f3nico pueden alinear los datos en tiempo real, las percepciones del comportamiento y el descubrimiento impulsado por la IA con las se\u00f1ales que realmente impulsan la conversi\u00f3n y los ingresos.\" \/>\n<meta property=\"og:url\" content=\"https:\/\/distillery.com\/es\/episodio-11-donde-mas-importa-el-tiempo-real-en-el-comercio-electronico\/\" \/>\n<meta property=\"og:site_name\" content=\"Distillery\" \/>\n<meta property=\"article:publisher\" content=\"https:\/\/www.facebook.com\/DistilleryTech\" \/>\n<meta property=\"article:modified_time\" content=\"2026-04-07T10:46:01+00:00\" \/>\n<meta name=\"twitter:card\" content=\"summary_large_image\" \/>\n<meta name=\"twitter:site\" content=\"@DistilleryTech\" \/>\n<meta name=\"twitter:label1\" content=\"Tiempo de lectura\" \/>\n\t<meta name=\"twitter:data1\" content=\"6 minutos\" \/>\n<script type=\"application\/ld+json\" class=\"yoast-schema-graph\">{\"@context\":\"https:\\\/\\\/schema.org\",\"@graph\":[{\"@type\":\"WebPage\",\"@id\":\"https:\\\/\\\/distillery.com\\\/es\\\/episodio-11-donde-mas-importa-el-tiempo-real-en-el-comercio-electronico\\\/\",\"url\":\"https:\\\/\\\/distillery.com\\\/es\\\/episodio-11-donde-mas-importa-el-tiempo-real-en-el-comercio-electronico\\\/\",\"name\":\"Turbocharge Tomorrow Ep. 11: Donde m\u00e1s importa el tiempo real en el comercio electr\u00f3nico\",\"isPartOf\":{\"@id\":\"https:\\\/\\\/distillery.com\\\/es\\\/#website\"},\"datePublished\":\"2026-04-06T23:08:18+00:00\",\"dateModified\":\"2026-04-07T10:46:01+00:00\",\"description\":\"Acomp\u00e1\u00f1anos en el Episodio 11 de Turbocharge Tomorrow mientras Emanuel Paz, Jefe de Datos de Distillery, comparte c\u00f3mo los equipos de comercio electr\u00f3nico pueden alinear los datos en tiempo real, las percepciones del comportamiento y el descubrimiento impulsado por la IA con las se\u00f1ales que realmente impulsan la conversi\u00f3n y los ingresos.\",\"breadcrumb\":{\"@id\":\"https:\\\/\\\/distillery.com\\\/es\\\/episodio-11-donde-mas-importa-el-tiempo-real-en-el-comercio-electronico\\\/#breadcrumb\"},\"inLanguage\":\"es-ES\",\"potentialAction\":[{\"@type\":\"ReadAction\",\"target\":[\"https:\\\/\\\/distillery.com\\\/es\\\/episodio-11-donde-mas-importa-el-tiempo-real-en-el-comercio-electronico\\\/\"]}]},{\"@type\":\"BreadcrumbList\",\"@id\":\"https:\\\/\\\/distillery.com\\\/es\\\/episodio-11-donde-mas-importa-el-tiempo-real-en-el-comercio-electronico\\\/#breadcrumb\",\"itemListElement\":[{\"@type\":\"ListItem\",\"position\":1,\"name\":\"Home\",\"item\":\"https:\\\/\\\/distillery.com\\\/es\\\/\"},{\"@type\":\"ListItem\",\"position\":2,\"name\":\"Episodio 11: Donde m\u00e1s importa el tiempo real en el comercio electr\u00f3nico\"}]},{\"@type\":\"WebSite\",\"@id\":\"https:\\\/\\\/distillery.com\\\/es\\\/#website\",\"url\":\"https:\\\/\\\/distillery.com\\\/es\\\/\",\"name\":\"Distillery\",\"description\":\"Distillery is an award-winning nearshore software development company. Our top-tier development talent guarantee the best results.\",\"publisher\":{\"@id\":\"https:\\\/\\\/distillery.com\\\/es\\\/#organization\"},\"potentialAction\":[{\"@type\":\"SearchAction\",\"target\":{\"@type\":\"EntryPoint\",\"urlTemplate\":\"https:\\\/\\\/distillery.com\\\/es\\\/?s={search_term_string}\"},\"query-input\":{\"@type\":\"PropertyValueSpecification\",\"valueRequired\":true,\"valueName\":\"search_term_string\"}}],\"inLanguage\":\"es-ES\"},{\"@type\":\"Organization\",\"@id\":\"https:\\\/\\\/distillery.com\\\/es\\\/#organization\",\"name\":\"Distillery\",\"url\":\"https:\\\/\\\/distillery.com\\\/es\\\/\",\"logo\":{\"@type\":\"ImageObject\",\"inLanguage\":\"es-ES\",\"@id\":\"https:\\\/\\\/distillery.com\\\/es\\\/#\\\/schema\\\/logo\\\/image\\\/\",\"url\":\"https:\\\/\\\/distillery.com\\\/wp-content\\\/uploads\\\/2023\\\/06\\\/Layer_1-27.svg\",\"contentUrl\":\"https:\\\/\\\/distillery.com\\\/wp-content\\\/uploads\\\/2023\\\/06\\\/Layer_1-27.svg\",\"width\":82,\"height\":106,\"caption\":\"Distillery\"},\"image\":{\"@id\":\"https:\\\/\\\/distillery.com\\\/es\\\/#\\\/schema\\\/logo\\\/image\\\/\"},\"sameAs\":[\"https:\\\/\\\/www.facebook.com\\\/DistilleryTech\",\"https:\\\/\\\/x.com\\\/DistilleryTech\",\"https:\\\/\\\/www.linkedin.com\\\/company\\\/Distillery-Tech\",\"https:\\\/\\\/www.instagram.com\\\/Distillery_Tech\\\/\"]}]}<\/script>\n<!-- \/ Yoast SEO plugin. -->","yoast_head_json":{"title":"Turbocharge Tomorrow Ep. 11: Donde m\u00e1s importa el tiempo real en el comercio electr\u00f3nico","description":"Acomp\u00e1\u00f1anos en el Episodio 11 de Turbocharge Tomorrow mientras Emanuel Paz, Jefe de Datos de Distillery, comparte c\u00f3mo los equipos de comercio electr\u00f3nico pueden alinear los datos en tiempo real, las percepciones del comportamiento y el descubrimiento impulsado por la IA con las se\u00f1ales que realmente impulsan la conversi\u00f3n y los ingresos.","robots":{"index":"index","follow":"follow","max-snippet":"max-snippet:-1","max-image-preview":"max-image-preview:large","max-video-preview":"max-video-preview:-1"},"canonical":"https:\/\/distillery.com\/es\/episodio-11-donde-mas-importa-el-tiempo-real-en-el-comercio-electronico\/","og_locale":"es_ES","og_type":"article","og_title":"Turbocharge Tomorrow Ep. 11: Donde m\u00e1s importa el tiempo real en el comercio electr\u00f3nico","og_description":"Acomp\u00e1\u00f1anos en el Episodio 11 de Turbocharge Tomorrow mientras Emanuel Paz, Jefe de Datos de Distillery, comparte c\u00f3mo los equipos de comercio electr\u00f3nico pueden alinear los datos en tiempo real, las percepciones del comportamiento y el descubrimiento impulsado por la IA con las se\u00f1ales que realmente impulsan la conversi\u00f3n y los ingresos.","og_url":"https:\/\/distillery.com\/es\/episodio-11-donde-mas-importa-el-tiempo-real-en-el-comercio-electronico\/","og_site_name":"Distillery","article_publisher":"https:\/\/www.facebook.com\/DistilleryTech","article_modified_time":"2026-04-07T10:46:01+00:00","twitter_card":"summary_large_image","twitter_site":"@DistilleryTech","twitter_misc":{"Tiempo de lectura":"6 minutos"},"schema":{"@context":"https:\/\/schema.org","@graph":[{"@type":"WebPage","@id":"https:\/\/distillery.com\/es\/episodio-11-donde-mas-importa-el-tiempo-real-en-el-comercio-electronico\/","url":"https:\/\/distillery.com\/es\/episodio-11-donde-mas-importa-el-tiempo-real-en-el-comercio-electronico\/","name":"Turbocharge Tomorrow Ep. 11: Donde m\u00e1s importa el tiempo real en el comercio electr\u00f3nico","isPartOf":{"@id":"https:\/\/distillery.com\/es\/#website"},"datePublished":"2026-04-06T23:08:18+00:00","dateModified":"2026-04-07T10:46:01+00:00","description":"Acomp\u00e1\u00f1anos en el Episodio 11 de Turbocharge Tomorrow mientras Emanuel Paz, Jefe de Datos de Distillery, comparte c\u00f3mo los equipos de comercio electr\u00f3nico pueden alinear los datos en tiempo real, las percepciones del comportamiento y el descubrimiento impulsado por la IA con las se\u00f1ales que realmente impulsan la conversi\u00f3n y los ingresos.","breadcrumb":{"@id":"https:\/\/distillery.com\/es\/episodio-11-donde-mas-importa-el-tiempo-real-en-el-comercio-electronico\/#breadcrumb"},"inLanguage":"es-ES","potentialAction":[{"@type":"ReadAction","target":["https:\/\/distillery.com\/es\/episodio-11-donde-mas-importa-el-tiempo-real-en-el-comercio-electronico\/"]}]},{"@type":"BreadcrumbList","@id":"https:\/\/distillery.com\/es\/episodio-11-donde-mas-importa-el-tiempo-real-en-el-comercio-electronico\/#breadcrumb","itemListElement":[{"@type":"ListItem","position":1,"name":"Home","item":"https:\/\/distillery.com\/es\/"},{"@type":"ListItem","position":2,"name":"Episodio 11: Donde m\u00e1s importa el tiempo real en el comercio electr\u00f3nico"}]},{"@type":"WebSite","@id":"https:\/\/distillery.com\/es\/#website","url":"https:\/\/distillery.com\/es\/","name":"Distillery","description":"Distillery is an award-winning nearshore software development company. Our top-tier development talent guarantee the best results.","publisher":{"@id":"https:\/\/distillery.com\/es\/#organization"},"potentialAction":[{"@type":"SearchAction","target":{"@type":"EntryPoint","urlTemplate":"https:\/\/distillery.com\/es\/?s={search_term_string}"},"query-input":{"@type":"PropertyValueSpecification","valueRequired":true,"valueName":"search_term_string"}}],"inLanguage":"es-ES"},{"@type":"Organization","@id":"https:\/\/distillery.com\/es\/#organization","name":"Distillery","url":"https:\/\/distillery.com\/es\/","logo":{"@type":"ImageObject","inLanguage":"es-ES","@id":"https:\/\/distillery.com\/es\/#\/schema\/logo\/image\/","url":"https:\/\/distillery.com\/wp-content\/uploads\/2023\/06\/Layer_1-27.svg","contentUrl":"https:\/\/distillery.com\/wp-content\/uploads\/2023\/06\/Layer_1-27.svg","width":82,"height":106,"caption":"Distillery"},"image":{"@id":"https:\/\/distillery.com\/es\/#\/schema\/logo\/image\/"},"sameAs":["https:\/\/www.facebook.com\/DistilleryTech","https:\/\/x.com\/DistilleryTech","https:\/\/www.linkedin.com\/company\/Distillery-Tech","https:\/\/www.instagram.com\/Distillery_Tech\/"]}]}},"_links":{"self":[{"href":"https:\/\/distillery.com\/es\/wp-json\/wp\/v2\/pages\/494642","targetHints":{"allow":["GET"]}}],"collection":[{"href":"https:\/\/distillery.com\/es\/wp-json\/wp\/v2\/pages"}],"about":[{"href":"https:\/\/distillery.com\/es\/wp-json\/wp\/v2\/types\/page"}],"author":[{"embeddable":true,"href":"https:\/\/distillery.com\/es\/wp-json\/wp\/v2\/users\/28"}],"replies":[{"embeddable":true,"href":"https:\/\/distillery.com\/es\/wp-json\/wp\/v2\/comments?post=494642"}],"version-history":[{"count":0,"href":"https:\/\/distillery.com\/es\/wp-json\/wp\/v2\/pages\/494642\/revisions"}],"wp:attachment":[{"href":"https:\/\/distillery.com\/es\/wp-json\/wp\/v2\/media?parent=494642"}],"curies":[{"name":"wp","href":"https:\/\/api.w.org\/{rel}","templated":true}]}}